{"id":84,"date":"2022-09-11T21:06:23","date_gmt":"2022-09-11T19:06:23","guid":{"rendered":"https:\/\/barbadosshop.wpcomstaging.com\/?page_id=84"},"modified":"2023-09-29T22:40:59","modified_gmt":"2023-09-29T20:40:59","slug":"kontakt","status":"publish","type":"page","link":"https:\/\/barbados-shop.sk\/en\/kontakt\/","title":{"rendered":"Kontakt"},"content":{"rendered":"\n<div class=\"wp-block-animate-blocks-animate\" data-aos=\"\"><\/div>\n\n\n\n<div class=\"wp-block-cover alignfull\" style=\"min-height:506px;aspect-ratio:unset;\"><span aria-hidden=\"true\" class=\"wp-block-cover__background has-background-dim\"><\/span><img data-recalc-dims=\"1\" loading=\"lazy\" decoding=\"async\" width=\"750\" height=\"506\" data-attachment-id=\"964\" data-permalink=\"https:\/\/barbados-shop.sk\/en\/kontakt\/antique-telephone-gfc5e4e250_1920\/\" data-orig-file=\"https:\/\/i0.wp.com\/barbados-shop.sk\/wp-content\/uploads\/2022\/11\/antique-telephone-gfc5e4e250_1920.jpg?fit=1920%2C1295&amp;ssl=1\" data-orig-size=\"1920,1295\" data-comments-opened=\"1\" data-image-meta=\"{&quot;aperture&quot;:&quot;0&quot;,&quot;credit&quot;:&quot;&quot;,&quot;camera&quot;:&quot;&quot;,&quot;caption&quot;:&quot;&quot;,&quot;created_timestamp&quot;:&quot;0&quot;,&quot;copyright&quot;:&quot;&quot;,&quot;focal_length&quot;:&quot;0&quot;,&quot;iso&quot;:&quot;0&quot;,&quot;shutter_speed&quot;:&quot;0&quot;,&quot;title&quot;:&quot;&quot;,&quot;orientation&quot;:&quot;0&quot;}\" data-image-title=\"antique-telephone-gfc5e4e250_1920\" data-image-description=\"\" data-image-caption=\"\" data-large-file=\"https:\/\/i0.wp.com\/barbados-shop.sk\/wp-content\/uploads\/2022\/11\/antique-telephone-gfc5e4e250_1920.jpg?fit=750%2C506&amp;ssl=1\" class=\"wp-block-cover__image-background wp-image-964\" alt=\"\" src=\"https:\/\/i0.wp.com\/barbadosshop.wpcomstaging.com\/wp-content\/uploads\/2022\/11\/antique-telephone-gfc5e4e250_1920.jpg?resize=750%2C506&#038;ssl=1\" style=\"object-position:52% 48%\" data-object-fit=\"cover\" data-object-position=\"52% 48%\" srcset=\"https:\/\/i0.wp.com\/barbados-shop.sk\/wp-content\/uploads\/2022\/11\/antique-telephone-gfc5e4e250_1920.jpg?w=1920&amp;ssl=1 1920w, https:\/\/i0.wp.com\/barbados-shop.sk\/wp-content\/uploads\/2022\/11\/antique-telephone-gfc5e4e250_1920.jpg?resize=300%2C202&amp;ssl=1 300w, https:\/\/i0.wp.com\/barbados-shop.sk\/wp-content\/uploads\/2022\/11\/antique-telephone-gfc5e4e250_1920.jpg?resize=1024%2C691&amp;ssl=1 1024w, https:\/\/i0.wp.com\/barbados-shop.sk\/wp-content\/uploads\/2022\/11\/antique-telephone-gfc5e4e250_1920.jpg?resize=768%2C518&amp;ssl=1 768w, https:\/\/i0.wp.com\/barbados-shop.sk\/wp-content\/uploads\/2022\/11\/antique-telephone-gfc5e4e250_1920.jpg?resize=1536%2C1036&amp;ssl=1 1536w, https:\/\/i0.wp.com\/barbados-shop.sk\/wp-content\/uploads\/2022\/11\/antique-telephone-gfc5e4e250_1920.jpg?resize=1200%2C809&amp;ssl=1 1200w, https:\/\/i0.wp.com\/barbados-shop.sk\/wp-content\/uploads\/2022\/11\/antique-telephone-gfc5e4e250_1920.jpg?resize=1568%2C1058&amp;ssl=1 1568w\" sizes=\"auto, (max-width: 750px) 100vw, 750px\" \/><div class=\"wp-block-cover__inner-container is-layout-flow wp-block-cover-is-layout-flow\">\n<div class=\"wp-block-animate-blocks-animate\" data-aos=\"fade\" data-aos-delay=\"100\" data-aos-duration=\"3000\">\n<p class=\"has-text-align-center has-huge-font-size wp-block-paragraph\"><strong>Ak m\u00e1te z\u00e1ujem o ktor\u00fdko\u013evek produkt z na\u0161ej ponuky, nev\u00e1hajte a kontaktujte n\u00e1s:<\/strong><\/p>\n<\/div>\n\n\n\n<div class=\"wp-block-animate-blocks-animate\" data-aos=\"fade\" data-aos-delay=\"200\" data-aos-duration=\"3000\"><div class=\"wp-block-jetpack-contact-form is-layout-flex wp-container-jetpack-contact-form-is-layout-0c8bae84 wp-block-jetpack-contact-form-is-layout-flex\"><a href=\"https:\/\/barbados-shop.sk\/en\/kontakt\/\" target=\"_blank\" rel=\"noopener noreferrer\">Submit a form.<\/a><\/div><\/div>\n\n\n\n<h6 class=\"wp-block-heading\"> <\/h6>\n\n\n\n<div class=\"wp-block-animate-blocks-animate\" data-aos=\"fade\" data-aos-delay=\"300\" data-aos-duration=\"3000\">\n<p class=\"has-text-align-center has-huge-font-size wp-block-paragraph\"><strong>TEL.\u010c.: 0908 080 495<\/strong><\/p>\n<\/div>\n\n\n\n<div class=\"wp-block-animate-blocks-animate\" data-aos=\"fade\" data-aos-delay=\"600\" data-aos-duration=\"3000\">\n<p class=\"has-text-align-center has-large-font-size wp-block-paragraph\"><strong>MAIL: barbadosshop.sk@gmail.com<\/strong><\/p>\n<\/div>\n\n\n\n<div class=\"wp-block-animate-blocks-animate\" data-aos=\"fade\" data-aos-delay=\"600\" data-aos-duration=\"3000\">\n<p class=\"has-text-align-center wp-block-paragraph\"><strong>Pred\u00e1vaj\u00faci:<\/strong>\u00a0Juraj Sm\u00e1k, Pri Kr\u00ed\u017ei 7, 84103 Bratislava, I\u010cO: 54882605, DI\u010c: 1081730122,\u00a0zap\u00edsan\u00fd v \u017divnostenskom registri Okresn\u00fd \u00farad \u0160ev\u010denkov\u00e1 Bratislava, \u010d. \u017eivnostensk\u00e9ho registra 110-318337<\/p>\n\n\n\n<p class=\"has-text-align-center wp-block-paragraph\">Registra\u010dn\u00e9 \u010d\u00edslo puncov\u00e9ho \u00faradu:  5205<\/p>\n\n\n\n<p class=\"wp-block-paragraph\"><\/p>\n<\/div>\n<\/div><\/div>\n","protected":false},"excerpt":{"rendered":"","protected":false},"author":225892446,"featured_media":0,"parent":0,"menu_order":0,"comment_status":"closed","ping_status":"closed","template":"","meta":{"_crdt_document":"","ngg_post_thumbnail":0,"pgc_sgb_lightbox_settings":"","footnotes":""},"class_list":["post-84","page","type-page","status-publish","hentry","entry"],"yoast_head":"<!-- This site is optimized with the Yoast SEO plugin v27.4 - https:\/\/yoast.com\/product\/yoast-seo-wordpress\/ -->\n<title>Kontakt - Barbados shop<\/title>\n<meta name=\"robots\" content=\"index, follow, max-snippet:-1, max-image-preview:large, max-video-preview:-1\" \/>\n<link rel=\"canonical\" href=\"https:\/\/barbados-shop.sk\/en\/kontakt\/\" \/>\n<meta property=\"og:locale\" content=\"en_US\" \/>\n<meta property=\"og:locale:alternate\" content=\"sk_SK\" \/>\n<meta property=\"og:type\" content=\"article\" \/>\n<meta property=\"og:title\" content=\"Kontakt - Barbados shop\" \/>\n<meta property=\"og:url\" content=\"https:\/\/barbados-shop.sk\/en\/kontakt\/\" \/>\n<meta property=\"og:site_name\" content=\"Barbados shop\" \/>\n<meta property=\"article:publisher\" content=\"https:\/\/www.facebook.com\/Barbadosexclusive\" \/>\n<meta property=\"article:modified_time\" content=\"2023-09-29T20:40:59+00:00\" \/>\n<meta property=\"og:image\" content=\"https:\/\/barbadosshop.wpcomstaging.com\/wp-content\/uploads\/2022\/11\/antique-telephone-gfc5e4e250_1920.jpg\" \/>\n<meta name=\"twitter:card\" content=\"summary_large_image\" \/>\n<meta name=\"twitter:label1\" content=\"Est. reading time\" \/>\n\t<meta name=\"twitter:data1\" content=\"1 minute\" \/>\n<script type=\"application\/ld+json\" class=\"yoast-schema-graph\">{\"@context\":\"https:\\\/\\\/schema.org\",\"@graph\":[{\"@type\":\"WebPage\",\"@id\":\"https:\\\/\\\/barbados-shop.sk\\\/kontakt\\\/\",\"url\":\"https:\\\/\\\/barbados-shop.sk\\\/kontakt\\\/\",\"name\":\"Kontakt - Barbados shop\",\"isPartOf\":{\"@id\":\"https:\\\/\\\/barbados-shop.sk\\\/#website\"},\"primaryImageOfPage\":{\"@id\":\"https:\\\/\\\/barbados-shop.sk\\\/kontakt\\\/#primaryimage\"},\"image\":{\"@id\":\"https:\\\/\\\/barbados-shop.sk\\\/kontakt\\\/#primaryimage\"},\"thumbnailUrl\":\"https:\\\/\\\/barbadosshop.wpcomstaging.com\\\/wp-content\\\/uploads\\\/2022\\\/11\\\/antique-telephone-gfc5e4e250_1920.jpg\",\"datePublished\":\"2022-09-11T19:06:23+00:00\",\"dateModified\":\"2023-09-29T20:40:59+00:00\",\"breadcrumb\":{\"@id\":\"https:\\\/\\\/barbados-shop.sk\\\/kontakt\\\/#breadcrumb\"},\"inLanguage\":\"en-US\",\"potentialAction\":[{\"@type\":\"ReadAction\",\"target\":[\"https:\\\/\\\/barbados-shop.sk\\\/kontakt\\\/\"]}]},{\"@type\":\"ImageObject\",\"inLanguage\":\"en-US\",\"@id\":\"https:\\\/\\\/barbados-shop.sk\\\/kontakt\\\/#primaryimage\",\"url\":\"https:\\\/\\\/barbadosshop.wpcomstaging.com\\\/wp-content\\\/uploads\\\/2022\\\/11\\\/antique-telephone-gfc5e4e250_1920.jpg\",\"contentUrl\":\"https:\\\/\\\/barbadosshop.wpcomstaging.com\\\/wp-content\\\/uploads\\\/2022\\\/11\\\/antique-telephone-gfc5e4e250_1920.jpg\"},{\"@type\":\"BreadcrumbList\",\"@id\":\"https:\\\/\\\/barbados-shop.sk\\\/kontakt\\\/#breadcrumb\",\"itemListElement\":[{\"@type\":\"ListItem\",\"position\":1,\"name\":\"Domovsk\u00e1 str\u00e1nka\",\"item\":\"https:\\\/\\\/barbados-shop.sk\\\/\"},{\"@type\":\"ListItem\",\"position\":2,\"name\":\"Kontakt\"}]},{\"@type\":\"WebSite\",\"@id\":\"https:\\\/\\\/barbados-shop.sk\\\/#website\",\"url\":\"https:\\\/\\\/barbados-shop.sk\\\/\",\"name\":\"Barbados shop\",\"description\":\"Predaj exkluz\u00edvnych zberate\u013esk\u00fdch predmetov\",\"publisher\":{\"@id\":\"https:\\\/\\\/barbados-shop.sk\\\/#organization\"},\"potentialAction\":[{\"@type\":\"SearchAction\",\"target\":{\"@type\":\"EntryPoint\",\"urlTemplate\":\"https:\\\/\\\/barbados-shop.sk\\\/?s={search_term_string}\"},\"query-input\":{\"@type\":\"PropertyValueSpecification\",\"valueRequired\":true,\"valueName\":\"search_term_string\"}}],\"inLanguage\":\"en-US\"},{\"@type\":\"Organization\",\"@id\":\"https:\\\/\\\/barbados-shop.sk\\\/#organization\",\"name\":\"Barbados shop\",\"url\":\"https:\\\/\\\/barbados-shop.sk\\\/\",\"logo\":{\"@type\":\"ImageObject\",\"inLanguage\":\"en-US\",\"@id\":\"https:\\\/\\\/barbados-shop.sk\\\/#\\\/schema\\\/logo\\\/image\\\/\",\"url\":\"https:\\\/\\\/i0.wp.com\\\/barbados-shop.sk\\\/wp-content\\\/uploads\\\/2022\\\/11\\\/cropped-cropped-299016379_113204254827248_2560417915586279216_n-1.jpg?fit=870%2C870&ssl=1\",\"contentUrl\":\"https:\\\/\\\/i0.wp.com\\\/barbados-shop.sk\\\/wp-content\\\/uploads\\\/2022\\\/11\\\/cropped-cropped-299016379_113204254827248_2560417915586279216_n-1.jpg?fit=870%2C870&ssl=1\",\"width\":870,\"height\":870,\"caption\":\"Barbados shop\"},\"image\":{\"@id\":\"https:\\\/\\\/barbados-shop.sk\\\/#\\\/schema\\\/logo\\\/image\\\/\"},\"sameAs\":[\"https:\\\/\\\/www.facebook.com\\\/Barbadosexclusive\"]}]}<\/script>\n<!-- \/ Yoast SEO plugin. -->","yoast_head_json":{"title":"Kontakt - Barbados shop","robots":{"index":"index","follow":"follow","max-snippet":"max-snippet:-1","max-image-preview":"max-image-preview:large","max-video-preview":"max-video-preview:-1"},"canonical":"https:\/\/barbados-shop.sk\/en\/kontakt\/","og_locale":"en_US","og_type":"article","og_title":"Kontakt - Barbados shop","og_url":"https:\/\/barbados-shop.sk\/en\/kontakt\/","og_site_name":"Barbados shop","article_publisher":"https:\/\/www.facebook.com\/Barbadosexclusive","article_modified_time":"2023-09-29T20:40:59+00:00","og_image":[{"url":"https:\/\/barbadosshop.wpcomstaging.com\/wp-content\/uploads\/2022\/11\/antique-telephone-gfc5e4e250_1920.jpg","type":"","width":"","height":""}],"twitter_card":"summary_large_image","twitter_misc":{"Est. reading time":"1 minute"},"schema":{"@context":"https:\/\/schema.org","@graph":[{"@type":"WebPage","@id":"https:\/\/barbados-shop.sk\/kontakt\/","url":"https:\/\/barbados-shop.sk\/kontakt\/","name":"Kontakt - Barbados shop","isPartOf":{"@id":"https:\/\/barbados-shop.sk\/#website"},"primaryImageOfPage":{"@id":"https:\/\/barbados-shop.sk\/kontakt\/#primaryimage"},"image":{"@id":"https:\/\/barbados-shop.sk\/kontakt\/#primaryimage"},"thumbnailUrl":"https:\/\/barbadosshop.wpcomstaging.com\/wp-content\/uploads\/2022\/11\/antique-telephone-gfc5e4e250_1920.jpg","datePublished":"2022-09-11T19:06:23+00:00","dateModified":"2023-09-29T20:40:59+00:00","breadcrumb":{"@id":"https:\/\/barbados-shop.sk\/kontakt\/#breadcrumb"},"inLanguage":"en-US","potentialAction":[{"@type":"ReadAction","target":["https:\/\/barbados-shop.sk\/kontakt\/"]}]},{"@type":"ImageObject","inLanguage":"en-US","@id":"https:\/\/barbados-shop.sk\/kontakt\/#primaryimage","url":"https:\/\/barbadosshop.wpcomstaging.com\/wp-content\/uploads\/2022\/11\/antique-telephone-gfc5e4e250_1920.jpg","contentUrl":"https:\/\/barbadosshop.wpcomstaging.com\/wp-content\/uploads\/2022\/11\/antique-telephone-gfc5e4e250_1920.jpg"},{"@type":"BreadcrumbList","@id":"https:\/\/barbados-shop.sk\/kontakt\/#breadcrumb","itemListElement":[{"@type":"ListItem","position":1,"name":"Domovsk\u00e1 str\u00e1nka","item":"https:\/\/barbados-shop.sk\/"},{"@type":"ListItem","position":2,"name":"Kontakt"}]},{"@type":"WebSite","@id":"https:\/\/barbados-shop.sk\/#website","url":"https:\/\/barbados-shop.sk\/","name":"Barbados shop","description":"Predaj exkluz\u00edvnych zberate\u013esk\u00fdch predmetov","publisher":{"@id":"https:\/\/barbados-shop.sk\/#organization"},"potentialAction":[{"@type":"SearchAction","target":{"@type":"EntryPoint","urlTemplate":"https:\/\/barbados-shop.sk\/?s={search_term_string}"},"query-input":{"@type":"PropertyValueSpecification","valueRequired":true,"valueName":"search_term_string"}}],"inLanguage":"en-US"},{"@type":"Organization","@id":"https:\/\/barbados-shop.sk\/#organization","name":"Barbados shop","url":"https:\/\/barbados-shop.sk\/","logo":{"@type":"ImageObject","inLanguage":"en-US","@id":"https:\/\/barbados-shop.sk\/#\/schema\/logo\/image\/","url":"https:\/\/i0.wp.com\/barbados-shop.sk\/wp-content\/uploads\/2022\/11\/cropped-cropped-299016379_113204254827248_2560417915586279216_n-1.jpg?fit=870%2C870&ssl=1","contentUrl":"https:\/\/i0.wp.com\/barbados-shop.sk\/wp-content\/uploads\/2022\/11\/cropped-cropped-299016379_113204254827248_2560417915586279216_n-1.jpg?fit=870%2C870&ssl=1","width":870,"height":870,"caption":"Barbados shop"},"image":{"@id":"https:\/\/barbados-shop.sk\/#\/schema\/logo\/image\/"},"sameAs":["https:\/\/www.facebook.com\/Barbadosexclusive"]}]}},"jetpack_likes_enabled":true,"jetpack_sharing_enabled":true,"jetpack_shortlink":"https:\/\/wp.me\/Pef2xX-1m","jetpack-related-posts":[],"_links":{"self":[{"href":"https:\/\/barbados-shop.sk\/en\/wp-json\/wp\/v2\/pages\/84","targetHints":{"allow":["GET"]}}],"collection":[{"href":"https:\/\/barbados-shop.sk\/en\/wp-json\/wp\/v2\/pages"}],"about":[{"href":"https:\/\/barbados-shop.sk\/en\/wp-json\/wp\/v2\/types\/page"}],"author":[{"embeddable":true,"href":"https:\/\/barbados-shop.sk\/en\/wp-json\/wp\/v2\/users\/225892446"}],"replies":[{"embeddable":true,"href":"https:\/\/barbados-shop.sk\/en\/wp-json\/wp\/v2\/comments?post=84"}],"version-history":[{"count":19,"href":"https:\/\/barbados-shop.sk\/en\/wp-json\/wp\/v2\/pages\/84\/revisions"}],"predecessor-version":[{"id":3081,"href":"https:\/\/barbados-shop.sk\/en\/wp-json\/wp\/v2\/pages\/84\/revisions\/3081"}],"wp:attachment":[{"href":"https:\/\/barbados-shop.sk\/en\/wp-json\/wp\/v2\/media?parent=84"}],"curies":[{"name":"wp","href":"https:\/\/api.w.org\/{rel}","templated":true}]}}