{"id":1867,"date":"2023-01-05T21:46:15","date_gmt":"2023-01-05T20:46:15","guid":{"rendered":"https:\/\/barbadosshop.wpcomstaging.com\/?post_type=product&#038;p=1867"},"modified":"2025-12-26T19:58:20","modified_gmt":"2025-12-26T18:58:20","slug":"smaragdove-krystaly-smaragdy-smaragd-drahokam-diamanty-rubin-emerald-smaragdovy-prsten-zlaty-prsten-so-smaragdom","status":"publish","type":"product","link":"https:\/\/barbados-shop.sk\/en\/produkt\/smaragdove-krystaly-smaragdy-smaragd-drahokam-diamanty-rubin-emerald-smaragdovy-prsten-zlaty-prsten-so-smaragdom\/","title":{"rendered":"Smaragd na matrici"},"content":{"rendered":"<p class=\"has-text-align-center has-normal-font-size\">Smaragdy v pr\u00edrodnej&nbsp; kry\u0161talickej forme z ban\u00ed Dayaku provincia Yuannan. Maj\u00fa s\u00fdto zelen\u00fa farbu a pekn\u00fd lesk. Najv\u00e4\u010d\u0161\u00ed kry\u0161t\u00e1l m\u00e1 4,5 cm.<\/p>\n<p class=\"has-text-align-center has-normal-font-size\">Rozmery: d\u013a\u017eka 14 cm v\u00fd\u0161ka 5 cm<\/p>\n<p class=\"has-text-align-center has-normal-font-size\">Hmotnos\u0165: 939 gramov<\/p>\n","protected":false},"excerpt":{"rendered":"<p>Smaragdy v pr\u00edrodnej&nbsp; kry\u0161talickej forme z ban\u00ed Dayaku provincia Yuannan. Maj\u00fa s\u00fdto zelen\u00fa farbu a pekn\u00fd lesk. Najv\u00e4\u010d\u0161\u00ed kry\u0161t\u00e1l m\u00e1 4,5 cm. Rozmery: d\u013a\u017eka 14 cm v\u00fd\u0161ka 5 cm Hmotnos\u0165: 939 gramov<\/p>\n","protected":false},"featured_media":728,"comment_status":"open","ping_status":"closed","template":"","meta":{"_crdt_document":"","ngg_post_thumbnail":0,"pgc_sgb_lightbox_settings":"","jetpack_post_was_ever_published":false,"jetpack_publicize_message":"","jetpack_publicize_feature_enabled":true,"jetpack_social_post_already_shared":true,"jetpack_social_options":{"image_generator_settings":{"template":"highway","default_image_id":0,"font":"","enabled":false},"version":2},"_wpas_customize_per_network":false},"product_brand":[],"product_cat":[755562554],"product_tag":[],"class_list":{"0":"post-1867","1":"product","2":"type-product","3":"status-publish","4":"has-post-thumbnail","6":"product_cat-neopracovane-mineraly-drahokamy","7":"entry","9":"first","10":"outofstock","11":"shipping-taxable","12":"purchasable","13":"product-type-simple"},"yoast_head":"<!-- This site is optimized with the Yoast SEO plugin v27.3 - https:\/\/yoast.com\/product\/yoast-seo-wordpress\/ -->\n<title>Smaragd na matrici<\/title>\n<meta name=\"description\" content=\"Smaragdov\u00e9 kry\u0161t\u00e1ly z ban\u00ed Dayaku provincia Yuannan. Maj\u00fa s\u00fdto zelen\u00fa farbu a pekn\u00fd lesk. Najv\u00e4\u010d\u0161\u00ed kry\u0161t\u00e1l m\u00e1 4,5 cm. Rozmery: d\u013a\u017eka 14 cm v\u00fd\u0161ka 5 cm\" \/>\n<meta name=\"robots\" content=\"index, follow, max-snippet:-1, max-image-preview:large, max-video-preview:-1\" \/>\n<link rel=\"canonical\" href=\"https:\/\/barbados-shop.sk\/en\/produkt\/smaragdove-krystaly-smaragdy-smaragd-drahokam-diamanty-rubin-emerald-smaragdovy-prsten-zlaty-prsten-so-smaragdom\/\" \/>\n<meta property=\"og:locale\" content=\"en_US\" \/>\n<meta property=\"og:locale:alternate\" content=\"sk_SK\" \/>\n<meta property=\"og:type\" content=\"article\" \/>\n<meta property=\"og:title\" content=\"Smaragd na matrici\" \/>\n<meta property=\"og:description\" content=\"Smaragdov\u00e9 kry\u0161t\u00e1ly z ban\u00ed Dayaku provincia Yuannan. Maj\u00fa s\u00fdto zelen\u00fa farbu a pekn\u00fd lesk. Najv\u00e4\u010d\u0161\u00ed kry\u0161t\u00e1l m\u00e1 4,5 cm. Rozmery: d\u013a\u017eka 14 cm v\u00fd\u0161ka 5 cm\" \/>\n<meta property=\"og:url\" content=\"https:\/\/barbados-shop.sk\/en\/produkt\/smaragdove-krystaly-smaragdy-smaragd-drahokam-diamanty-rubin-emerald-smaragdovy-prsten-zlaty-prsten-so-smaragdom\/\" \/>\n<meta property=\"og:site_name\" content=\"Barbados shop\" \/>\n<meta property=\"article:publisher\" content=\"https:\/\/www.facebook.com\/Barbadosexclusive\" \/>\n<meta property=\"article:modified_time\" content=\"2025-12-26T18:58:20+00:00\" \/>\n<meta property=\"og:image\" content=\"https:\/\/i0.wp.com\/barbados-shop.sk\/wp-content\/uploads\/2022\/10\/1663354269416-01.jpg?fit=1600%2C1200&ssl=1\" \/>\n\t<meta property=\"og:image:width\" content=\"1600\" \/>\n\t<meta property=\"og:image:height\" content=\"1200\" \/>\n\t<meta property=\"og:image:type\" content=\"image\/jpeg\" \/>\n<meta name=\"twitter:card\" content=\"summary_large_image\" \/>\n<meta name=\"twitter:label1\" content=\"Est. reading time\" \/>\n\t<meta name=\"twitter:data1\" content=\"1 minute\" \/>\n<script type=\"application\/ld+json\" class=\"yoast-schema-graph\">{\"@context\":\"https:\\\/\\\/schema.org\",\"@graph\":[{\"@type\":\"WebPage\",\"@id\":\"https:\\\/\\\/barbados-shop.sk\\\/produkt\\\/smaragdove-krystaly-smaragdy-smaragd-drahokam-diamanty-rubin-emerald-smaragdovy-prsten-zlaty-prsten-so-smaragdom\\\/\",\"url\":\"https:\\\/\\\/barbados-shop.sk\\\/produkt\\\/smaragdove-krystaly-smaragdy-smaragd-drahokam-diamanty-rubin-emerald-smaragdovy-prsten-zlaty-prsten-so-smaragdom\\\/\",\"name\":\"Smaragd na matrici\",\"isPartOf\":{\"@id\":\"https:\\\/\\\/barbados-shop.sk\\\/#website\"},\"primaryImageOfPage\":{\"@id\":\"https:\\\/\\\/barbados-shop.sk\\\/produkt\\\/smaragdove-krystaly-smaragdy-smaragd-drahokam-diamanty-rubin-emerald-smaragdovy-prsten-zlaty-prsten-so-smaragdom\\\/#primaryimage\"},\"image\":{\"@id\":\"https:\\\/\\\/barbados-shop.sk\\\/produkt\\\/smaragdove-krystaly-smaragdy-smaragd-drahokam-diamanty-rubin-emerald-smaragdovy-prsten-zlaty-prsten-so-smaragdom\\\/#primaryimage\"},\"thumbnailUrl\":\"https:\\\/\\\/i0.wp.com\\\/barbados-shop.sk\\\/wp-content\\\/uploads\\\/2022\\\/10\\\/1663354269416-01.jpg?fit=1600%2C1200&ssl=1\",\"datePublished\":\"2023-01-05T20:46:15+00:00\",\"dateModified\":\"2025-12-26T18:58:20+00:00\",\"description\":\"Smaragdov\u00e9 kry\u0161t\u00e1ly z ban\u00ed Dayaku provincia Yuannan. Maj\u00fa s\u00fdto zelen\u00fa farbu a pekn\u00fd lesk. Najv\u00e4\u010d\u0161\u00ed kry\u0161t\u00e1l m\u00e1 4,5 cm. Rozmery: d\u013a\u017eka 14 cm v\u00fd\u0161ka 5 cm\",\"breadcrumb\":{\"@id\":\"https:\\\/\\\/barbados-shop.sk\\\/produkt\\\/smaragdove-krystaly-smaragdy-smaragd-drahokam-diamanty-rubin-emerald-smaragdovy-prsten-zlaty-prsten-so-smaragdom\\\/#breadcrumb\"},\"inLanguage\":\"en-US\",\"potentialAction\":[{\"@type\":\"ReadAction\",\"target\":[\"https:\\\/\\\/barbados-shop.sk\\\/produkt\\\/smaragdove-krystaly-smaragdy-smaragd-drahokam-diamanty-rubin-emerald-smaragdovy-prsten-zlaty-prsten-so-smaragdom\\\/\"]}]},{\"@type\":\"ImageObject\",\"inLanguage\":\"en-US\",\"@id\":\"https:\\\/\\\/barbados-shop.sk\\\/produkt\\\/smaragdove-krystaly-smaragdy-smaragd-drahokam-diamanty-rubin-emerald-smaragdovy-prsten-zlaty-prsten-so-smaragdom\\\/#primaryimage\",\"url\":\"https:\\\/\\\/i0.wp.com\\\/barbados-shop.sk\\\/wp-content\\\/uploads\\\/2022\\\/10\\\/1663354269416-01.jpg?fit=1600%2C1200&ssl=1\",\"contentUrl\":\"https:\\\/\\\/i0.wp.com\\\/barbados-shop.sk\\\/wp-content\\\/uploads\\\/2022\\\/10\\\/1663354269416-01.jpg?fit=1600%2C1200&ssl=1\",\"width\":1600,\"height\":1200,\"caption\":\"smaragd\"},{\"@type\":\"BreadcrumbList\",\"@id\":\"https:\\\/\\\/barbados-shop.sk\\\/produkt\\\/smaragdove-krystaly-smaragdy-smaragd-drahokam-diamanty-rubin-emerald-smaragdovy-prsten-zlaty-prsten-so-smaragdom\\\/#breadcrumb\",\"itemListElement\":[{\"@type\":\"ListItem\",\"position\":1,\"name\":\"Domovsk\u00e1 str\u00e1nka\",\"item\":\"https:\\\/\\\/barbados-shop.sk\\\/\"},{\"@type\":\"ListItem\",\"position\":2,\"name\":\"Obchod\",\"item\":\"https:\\\/\\\/barbados-shop.sk\\\/obchod\\\/\"},{\"@type\":\"ListItem\",\"position\":3,\"name\":\"Smaragd na matrici\"}]},{\"@type\":\"WebSite\",\"@id\":\"https:\\\/\\\/barbados-shop.sk\\\/#website\",\"url\":\"https:\\\/\\\/barbados-shop.sk\\\/\",\"name\":\"Barbados shop\",\"description\":\"Predaj exkluz\u00edvnych zberate\u013esk\u00fdch predmetov\",\"publisher\":{\"@id\":\"https:\\\/\\\/barbados-shop.sk\\\/#organization\"},\"potentialAction\":[{\"@type\":\"SearchAction\",\"target\":{\"@type\":\"EntryPoint\",\"urlTemplate\":\"https:\\\/\\\/barbados-shop.sk\\\/?s={search_term_string}\"},\"query-input\":{\"@type\":\"PropertyValueSpecification\",\"valueRequired\":true,\"valueName\":\"search_term_string\"}}],\"inLanguage\":\"en-US\"},{\"@type\":\"Organization\",\"@id\":\"https:\\\/\\\/barbados-shop.sk\\\/#organization\",\"name\":\"Barbados shop\",\"url\":\"https:\\\/\\\/barbados-shop.sk\\\/\",\"logo\":{\"@type\":\"ImageObject\",\"inLanguage\":\"en-US\",\"@id\":\"https:\\\/\\\/barbados-shop.sk\\\/#\\\/schema\\\/logo\\\/image\\\/\",\"url\":\"https:\\\/\\\/i0.wp.com\\\/barbados-shop.sk\\\/wp-content\\\/uploads\\\/2022\\\/11\\\/cropped-cropped-299016379_113204254827248_2560417915586279216_n-1.jpg?fit=870%2C870&ssl=1\",\"contentUrl\":\"https:\\\/\\\/i0.wp.com\\\/barbados-shop.sk\\\/wp-content\\\/uploads\\\/2022\\\/11\\\/cropped-cropped-299016379_113204254827248_2560417915586279216_n-1.jpg?fit=870%2C870&ssl=1\",\"width\":870,\"height\":870,\"caption\":\"Barbados shop\"},\"image\":{\"@id\":\"https:\\\/\\\/barbados-shop.sk\\\/#\\\/schema\\\/logo\\\/image\\\/\"},\"sameAs\":[\"https:\\\/\\\/www.facebook.com\\\/Barbadosexclusive\"]}]}<\/script>\n<!-- \/ Yoast SEO plugin. -->","yoast_head_json":{"title":"Smaragd na matrici","description":"Smaragdov\u00e9 kry\u0161t\u00e1ly z ban\u00ed Dayaku provincia Yuannan. Maj\u00fa s\u00fdto zelen\u00fa farbu a pekn\u00fd lesk. Najv\u00e4\u010d\u0161\u00ed kry\u0161t\u00e1l m\u00e1 4,5 cm. Rozmery: d\u013a\u017eka 14 cm v\u00fd\u0161ka 5 cm","robots":{"index":"index","follow":"follow","max-snippet":"max-snippet:-1","max-image-preview":"max-image-preview:large","max-video-preview":"max-video-preview:-1"},"canonical":"https:\/\/barbados-shop.sk\/en\/produkt\/smaragdove-krystaly-smaragdy-smaragd-drahokam-diamanty-rubin-emerald-smaragdovy-prsten-zlaty-prsten-so-smaragdom\/","og_locale":"en_US","og_type":"article","og_title":"[:sk]Smaragd na matrici[:] - Barbados shop","og_description":"Smaragdov\u00e9 kry\u0161t\u00e1ly z ban\u00ed Dayaku provincia Yuannan. Maj\u00fa s\u00fdto zelen\u00fa farbu a pekn\u00fd lesk. Najv\u00e4\u010d\u0161\u00ed kry\u0161t\u00e1l m\u00e1 4,5 cm. Rozmery: d\u013a\u017eka 14 cm v\u00fd\u0161ka 5 cm","og_url":"https:\/\/barbados-shop.sk\/en\/produkt\/smaragdove-krystaly-smaragdy-smaragd-drahokam-diamanty-rubin-emerald-smaragdovy-prsten-zlaty-prsten-so-smaragdom\/","og_site_name":"Barbados shop","article_publisher":"https:\/\/www.facebook.com\/Barbadosexclusive","article_modified_time":"2025-12-26T18:58:20+00:00","og_image":[{"width":1600,"height":1200,"url":"https:\/\/i0.wp.com\/barbados-shop.sk\/wp-content\/uploads\/2022\/10\/1663354269416-01.jpg?fit=1600%2C1200&ssl=1","type":"image\/jpeg"}],"twitter_card":"summary_large_image","twitter_misc":{"Est. reading time":"1 minute"},"schema":{"@context":"https:\/\/schema.org","@graph":[{"@type":"WebPage","@id":"https:\/\/barbados-shop.sk\/produkt\/smaragdove-krystaly-smaragdy-smaragd-drahokam-diamanty-rubin-emerald-smaragdovy-prsten-zlaty-prsten-so-smaragdom\/","url":"https:\/\/barbados-shop.sk\/produkt\/smaragdove-krystaly-smaragdy-smaragd-drahokam-diamanty-rubin-emerald-smaragdovy-prsten-zlaty-prsten-so-smaragdom\/","name":"Smaragd na matrici","isPartOf":{"@id":"https:\/\/barbados-shop.sk\/#website"},"primaryImageOfPage":{"@id":"https:\/\/barbados-shop.sk\/produkt\/smaragdove-krystaly-smaragdy-smaragd-drahokam-diamanty-rubin-emerald-smaragdovy-prsten-zlaty-prsten-so-smaragdom\/#primaryimage"},"image":{"@id":"https:\/\/barbados-shop.sk\/produkt\/smaragdove-krystaly-smaragdy-smaragd-drahokam-diamanty-rubin-emerald-smaragdovy-prsten-zlaty-prsten-so-smaragdom\/#primaryimage"},"thumbnailUrl":"https:\/\/i0.wp.com\/barbados-shop.sk\/wp-content\/uploads\/2022\/10\/1663354269416-01.jpg?fit=1600%2C1200&ssl=1","datePublished":"2023-01-05T20:46:15+00:00","dateModified":"2025-12-26T18:58:20+00:00","description":"Smaragdov\u00e9 kry\u0161t\u00e1ly z ban\u00ed Dayaku provincia Yuannan. Maj\u00fa s\u00fdto zelen\u00fa farbu a pekn\u00fd lesk. Najv\u00e4\u010d\u0161\u00ed kry\u0161t\u00e1l m\u00e1 4,5 cm. Rozmery: d\u013a\u017eka 14 cm v\u00fd\u0161ka 5 cm","breadcrumb":{"@id":"https:\/\/barbados-shop.sk\/produkt\/smaragdove-krystaly-smaragdy-smaragd-drahokam-diamanty-rubin-emerald-smaragdovy-prsten-zlaty-prsten-so-smaragdom\/#breadcrumb"},"inLanguage":"en-US","potentialAction":[{"@type":"ReadAction","target":["https:\/\/barbados-shop.sk\/produkt\/smaragdove-krystaly-smaragdy-smaragd-drahokam-diamanty-rubin-emerald-smaragdovy-prsten-zlaty-prsten-so-smaragdom\/"]}]},{"@type":"ImageObject","inLanguage":"en-US","@id":"https:\/\/barbados-shop.sk\/produkt\/smaragdove-krystaly-smaragdy-smaragd-drahokam-diamanty-rubin-emerald-smaragdovy-prsten-zlaty-prsten-so-smaragdom\/#primaryimage","url":"https:\/\/i0.wp.com\/barbados-shop.sk\/wp-content\/uploads\/2022\/10\/1663354269416-01.jpg?fit=1600%2C1200&ssl=1","contentUrl":"https:\/\/i0.wp.com\/barbados-shop.sk\/wp-content\/uploads\/2022\/10\/1663354269416-01.jpg?fit=1600%2C1200&ssl=1","width":1600,"height":1200,"caption":"smaragd"},{"@type":"BreadcrumbList","@id":"https:\/\/barbados-shop.sk\/produkt\/smaragdove-krystaly-smaragdy-smaragd-drahokam-diamanty-rubin-emerald-smaragdovy-prsten-zlaty-prsten-so-smaragdom\/#breadcrumb","itemListElement":[{"@type":"ListItem","position":1,"name":"Domovsk\u00e1 str\u00e1nka","item":"https:\/\/barbados-shop.sk\/"},{"@type":"ListItem","position":2,"name":"Obchod","item":"https:\/\/barbados-shop.sk\/obchod\/"},{"@type":"ListItem","position":3,"name":"Smaragd na matrici"}]},{"@type":"WebSite","@id":"https:\/\/barbados-shop.sk\/#website","url":"https:\/\/barbados-shop.sk\/","name":"Barbados shop","description":"Predaj exkluz\u00edvnych zberate\u013esk\u00fdch predmetov","publisher":{"@id":"https:\/\/barbados-shop.sk\/#organization"},"potentialAction":[{"@type":"SearchAction","target":{"@type":"EntryPoint","urlTemplate":"https:\/\/barbados-shop.sk\/?s={search_term_string}"},"query-input":{"@type":"PropertyValueSpecification","valueRequired":true,"valueName":"search_term_string"}}],"inLanguage":"en-US"},{"@type":"Organization","@id":"https:\/\/barbados-shop.sk\/#organization","name":"Barbados shop","url":"https:\/\/barbados-shop.sk\/","logo":{"@type":"ImageObject","inLanguage":"en-US","@id":"https:\/\/barbados-shop.sk\/#\/schema\/logo\/image\/","url":"https:\/\/i0.wp.com\/barbados-shop.sk\/wp-content\/uploads\/2022\/11\/cropped-cropped-299016379_113204254827248_2560417915586279216_n-1.jpg?fit=870%2C870&ssl=1","contentUrl":"https:\/\/i0.wp.com\/barbados-shop.sk\/wp-content\/uploads\/2022\/11\/cropped-cropped-299016379_113204254827248_2560417915586279216_n-1.jpg?fit=870%2C870&ssl=1","width":870,"height":870,"caption":"Barbados shop"},"image":{"@id":"https:\/\/barbados-shop.sk\/#\/schema\/logo\/image\/"},"sameAs":["https:\/\/www.facebook.com\/Barbadosexclusive"]}]}},"jetpack_publicize_connections":[],"jetpack_likes_enabled":true,"jetpack_sharing_enabled":true,"jetpack-related-posts":[],"_links":{"self":[{"href":"https:\/\/barbados-shop.sk\/en\/wp-json\/wp\/v2\/product\/1867","targetHints":{"allow":["GET"]}}],"collection":[{"href":"https:\/\/barbados-shop.sk\/en\/wp-json\/wp\/v2\/product"}],"about":[{"href":"https:\/\/barbados-shop.sk\/en\/wp-json\/wp\/v2\/types\/product"}],"replies":[{"embeddable":true,"href":"https:\/\/barbados-shop.sk\/en\/wp-json\/wp\/v2\/comments?post=1867"}],"wp:featuredmedia":[{"embeddable":true,"href":"https:\/\/barbados-shop.sk\/en\/wp-json\/wp\/v2\/media\/728"}],"wp:attachment":[{"href":"https:\/\/barbados-shop.sk\/en\/wp-json\/wp\/v2\/media?parent=1867"}],"wp:term":[{"taxonomy":"product_brand","embeddable":true,"href":"https:\/\/barbados-shop.sk\/en\/wp-json\/wp\/v2\/product_brand?post=1867"},{"taxonomy":"product_cat","embeddable":true,"href":"https:\/\/barbados-shop.sk\/en\/wp-json\/wp\/v2\/product_cat?post=1867"},{"taxonomy":"product_tag","embeddable":true,"href":"https:\/\/barbados-shop.sk\/en\/wp-json\/wp\/v2\/product_tag?post=1867"}],"curies":[{"name":"wp","href":"https:\/\/api.w.org\/{rel}","templated":true}]}}