{"id":1949,"date":"2023-01-15T13:03:15","date_gmt":"2023-01-15T12:03:15","guid":{"rendered":"https:\/\/barbadosshop.wpcomstaging.com\/?post_type=product&#038;p=1949"},"modified":"2023-02-03T21:17:15","modified_gmt":"2023-02-03T20:17:15","slug":"trilobit-megalodon-skameneliny-musle-zuby-z-dinosaura-dinosaurus-paleontologia-fosilie-fosilny-spinosaurus-megalodon-zralocie-zuby-10","status":"publish","type":"product","link":"https:\/\/barbados-shop.sk\/en\/produkt\/trilobit-megalodon-skameneliny-musle-zuby-z-dinosaura-dinosaurus-paleontologia-fosilie-fosilny-spinosaurus-megalodon-zralocie-zuby-10\/","title":{"rendered":"Fos\u00edlny zub z dinosaura druhu ,,Spinosaurus,,"},"content":{"rendered":"<p class=\"has-text-align-center has-normal-font-size\">Zub zo Spinosaura s tmavou sklovinou. Bol obrovsk\u00fd drav\u00fd dinosaurus zo skupiny ,,Tetanuare,, vyskytoval sa pred pribli\u017ene 95 mili\u00f3nmi rokov na \u00fazem\u00ed dne\u0161nej severnej Afriky. Spinosaurus je dnes najdlh\u0161\u00edm zn\u00e1mym drav\u00fdm dinosaurom. V\u0161eobecne sa uv\u00e1dza, \u017ee dorastal do d\u013a\u017eky 17 metrov a v\u00e1\u017eil 20 ton , je v\u0161ak zrejm\u00e9, \u017ee dosiahnu\u0165 mohol aj v\u00e4\u010d\u0161ej ve\u013ekosti.<\/p>\n<p class=\"has-text-align-center has-normal-font-size\">Rozmery: 50 mm<\/p>\n<p class=\"has-text-align-center has-normal-font-size\">Hmotnos\u0165: 32 g<\/p>\n","protected":false},"excerpt":{"rendered":"<p>Zub zo Spinosaura s tmavou sklovinou. Bol obrovsk\u00fd drav\u00fd dinosaurus zo skupiny ,,Tetanuare,, vyskytoval sa pred pribli\u017ene 95 mili\u00f3nmi rokov na \u00fazem\u00ed dne\u0161nej severnej Afriky. Spinosaurus je dnes najdlh\u0161\u00edm zn\u00e1mym drav\u00fdm dinosaurom. V\u0161eobecne sa uv\u00e1dza, \u017ee dorastal do d\u013a\u017eky 17 metrov a v\u00e1\u017eil 20 ton , je v\u0161ak zrejm\u00e9, \u017ee dosiahnu\u0165 mohol aj v\u00e4\u010d\u0161ej ve\u013ekosti.<a class=\"more-link\" href=\"https:\/\/barbados-shop.sk\/en\/produkt\/trilobit-megalodon-skameneliny-musle-zuby-z-dinosaura-dinosaurus-paleontologia-fosilie-fosilny-spinosaurus-megalodon-zralocie-zuby-10\/\">Continue reading <span class=\"screen-reader-text\">&#8220;Fos\u00edlny zub z dinosaura druhu ,,Spinosaurus,,&#8221;<\/span><\/a><\/p>\n","protected":false},"featured_media":1671,"comment_status":"open","ping_status":"closed","template":"","meta":{"_crdt_document":"","ngg_post_thumbnail":0,"pgc_sgb_lightbox_settings":"","jetpack_post_was_ever_published":false,"jetpack_publicize_message":"","jetpack_publicize_feature_enabled":true,"jetpack_social_post_already_shared":true,"jetpack_social_options":{"image_generator_settings":{"template":"highway","default_image_id":0,"font":"","enabled":false},"version":2},"_wpas_customize_per_network":false},"product_brand":[],"product_cat":[755562509],"product_tag":[],"class_list":{"0":"post-1949","1":"product","2":"type-product","3":"status-publish","4":"has-post-thumbnail","6":"product_cat-trilobit-megalodon-skameneliny-musle-zuby-z-dinosaura-dinosaurus-paleontologia-fosilie-fosilny-spinosaurus-megalodon-zralocie-zuby-mosasaurus-mamuti-zub","7":"entry","9":"first","10":"instock","11":"shipping-taxable","12":"purchasable","13":"product-type-simple"},"yoast_head":"<!-- This site is optimized with the Yoast SEO plugin v27.3 - https:\/\/yoast.com\/product\/yoast-seo-wordpress\/ -->\n<title>Fos\u00edlny zub z dinosaura druhu ,,Spinosaurus,, - Barbados shop<\/title>\n<meta name=\"description\" content=\"Fos\u00edlny zub z dinosaura druhu ,,Spinosaurus,, Zub zo Spinosaura s tmavou sklovinou v neporu\u0161enom stave. Bol obrovsk\u00fd drav\u00fd dinosaurus zo skupiny ,,Tetanuare,, vyskytoval sa pred pribli\u017ene 95 mili\u00f3nmi rokov na \u00fazem\u00ed dne\u0161nej severnej Afriky. Spinosaurus je dnes najdlh\u0161\u00edm zn\u00e1mym drav\u00fdm dinosaurom. V\u0161eobecne sa uv\u00e1dza, \u017ee dorastal do d\u013a\u017eky 17 metrov a v\u00e1\u017eil 20 ton , je v\u0161ak zrejm\u00e9, \u017ee dosiahnu\u0165 mohol aj v\u00e4\u010d\u0161ej ve\u013ekosti. Zub je lepen\u00fd a konzervovan\u00fd.Geologick\u00e9 obdobie: Vrchn\u00e1 krieda 100-66 mil.rokovRozmery: 50 mmHmotnos\u0165: 32 g\" \/>\n<meta name=\"robots\" content=\"index, follow, max-snippet:-1, max-image-preview:large, max-video-preview:-1\" \/>\n<link rel=\"canonical\" href=\"https:\/\/barbados-shop.sk\/en\/produkt\/trilobit-megalodon-skameneliny-musle-zuby-z-dinosaura-dinosaurus-paleontologia-fosilie-fosilny-spinosaurus-megalodon-zralocie-zuby-10\/\" \/>\n<meta property=\"og:locale\" content=\"en_US\" \/>\n<meta property=\"og:locale:alternate\" content=\"sk_SK\" \/>\n<meta property=\"og:type\" content=\"article\" \/>\n<meta property=\"og:title\" content=\"Fos\u00edlny zub z dinosaura druhu ,,Spinosaurus,, - Barbados shop\" \/>\n<meta property=\"og:description\" content=\"Fos\u00edlny zub z dinosaura druhu ,,Spinosaurus,, Zub zo Spinosaura s tmavou sklovinou v neporu\u0161enom stave. Bol obrovsk\u00fd drav\u00fd dinosaurus zo skupiny ,,Tetanuare,, vyskytoval sa pred pribli\u017ene 95 mili\u00f3nmi rokov na \u00fazem\u00ed dne\u0161nej severnej Afriky. Spinosaurus je dnes najdlh\u0161\u00edm zn\u00e1mym drav\u00fdm dinosaurom. V\u0161eobecne sa uv\u00e1dza, \u017ee dorastal do d\u013a\u017eky 17 metrov a v\u00e1\u017eil 20 ton , je v\u0161ak zrejm\u00e9, \u017ee dosiahnu\u0165 mohol aj v\u00e4\u010d\u0161ej ve\u013ekosti. Zub je lepen\u00fd a konzervovan\u00fd.Geologick\u00e9 obdobie: Vrchn\u00e1 krieda 100-66 mil.rokovRozmery: 50 mmHmotnos\u0165: 32 g\" \/>\n<meta property=\"og:url\" content=\"https:\/\/barbados-shop.sk\/en\/produkt\/trilobit-megalodon-skameneliny-musle-zuby-z-dinosaura-dinosaurus-paleontologia-fosilie-fosilny-spinosaurus-megalodon-zralocie-zuby-10\/\" \/>\n<meta property=\"og:site_name\" content=\"Barbados shop\" \/>\n<meta property=\"article:publisher\" content=\"https:\/\/www.facebook.com\/Barbadosexclusive\" \/>\n<meta property=\"article:modified_time\" content=\"2023-02-03T20:17:15+00:00\" \/>\n<meta property=\"og:image\" content=\"https:\/\/i0.wp.com\/barbados-shop.sk\/wp-content\/uploads\/2022\/12\/1671105291097.png?fit=1388%2C1348&ssl=1\" \/>\n\t<meta property=\"og:image:width\" content=\"1388\" \/>\n\t<meta property=\"og:image:height\" content=\"1348\" \/>\n\t<meta property=\"og:image:type\" content=\"image\/png\" \/>\n<meta name=\"twitter:card\" content=\"summary_large_image\" \/>\n<meta name=\"twitter:label1\" content=\"Est. reading time\" \/>\n\t<meta name=\"twitter:data1\" content=\"1 minute\" \/>\n<script type=\"application\/ld+json\" class=\"yoast-schema-graph\">{\"@context\":\"https:\\\/\\\/schema.org\",\"@graph\":[{\"@type\":\"WebPage\",\"@id\":\"https:\\\/\\\/barbados-shop.sk\\\/produkt\\\/trilobit-megalodon-skameneliny-musle-zuby-z-dinosaura-dinosaurus-paleontologia-fosilie-fosilny-spinosaurus-megalodon-zralocie-zuby-10\\\/\",\"url\":\"https:\\\/\\\/barbados-shop.sk\\\/produkt\\\/trilobit-megalodon-skameneliny-musle-zuby-z-dinosaura-dinosaurus-paleontologia-fosilie-fosilny-spinosaurus-megalodon-zralocie-zuby-10\\\/\",\"name\":\"Fos\u00edlny zub z dinosaura druhu ,,Spinosaurus,, - Barbados shop\",\"isPartOf\":{\"@id\":\"https:\\\/\\\/barbados-shop.sk\\\/#website\"},\"primaryImageOfPage\":{\"@id\":\"https:\\\/\\\/barbados-shop.sk\\\/produkt\\\/trilobit-megalodon-skameneliny-musle-zuby-z-dinosaura-dinosaurus-paleontologia-fosilie-fosilny-spinosaurus-megalodon-zralocie-zuby-10\\\/#primaryimage\"},\"image\":{\"@id\":\"https:\\\/\\\/barbados-shop.sk\\\/produkt\\\/trilobit-megalodon-skameneliny-musle-zuby-z-dinosaura-dinosaurus-paleontologia-fosilie-fosilny-spinosaurus-megalodon-zralocie-zuby-10\\\/#primaryimage\"},\"thumbnailUrl\":\"https:\\\/\\\/i0.wp.com\\\/barbados-shop.sk\\\/wp-content\\\/uploads\\\/2022\\\/12\\\/1671105291097.png?fit=1388%2C1348&ssl=1\",\"datePublished\":\"2023-01-15T12:03:15+00:00\",\"dateModified\":\"2023-02-03T20:17:15+00:00\",\"description\":\"Fos\u00edlny zub z dinosaura druhu ,,Spinosaurus,, Zub zo Spinosaura s tmavou sklovinou v neporu\u0161enom stave. Bol obrovsk\u00fd drav\u00fd dinosaurus zo skupiny ,,Tetanuare,, vyskytoval sa pred pribli\u017ene 95 mili\u00f3nmi rokov na \u00fazem\u00ed dne\u0161nej severnej Afriky. Spinosaurus je dnes najdlh\u0161\u00edm zn\u00e1mym drav\u00fdm dinosaurom. V\u0161eobecne sa uv\u00e1dza, \u017ee dorastal do d\u013a\u017eky 17 metrov a v\u00e1\u017eil 20 ton , je v\u0161ak zrejm\u00e9, \u017ee dosiahnu\u0165 mohol aj v\u00e4\u010d\u0161ej ve\u013ekosti. Zub je lepen\u00fd a konzervovan\u00fd.Geologick\u00e9 obdobie: Vrchn\u00e1 krieda 100-66 mil.rokovRozmery: 50 mmHmotnos\u0165: 32 g\",\"breadcrumb\":{\"@id\":\"https:\\\/\\\/barbados-shop.sk\\\/produkt\\\/trilobit-megalodon-skameneliny-musle-zuby-z-dinosaura-dinosaurus-paleontologia-fosilie-fosilny-spinosaurus-megalodon-zralocie-zuby-10\\\/#breadcrumb\"},\"inLanguage\":\"en-US\",\"potentialAction\":[{\"@type\":\"ReadAction\",\"target\":[\"https:\\\/\\\/barbados-shop.sk\\\/produkt\\\/trilobit-megalodon-skameneliny-musle-zuby-z-dinosaura-dinosaurus-paleontologia-fosilie-fosilny-spinosaurus-megalodon-zralocie-zuby-10\\\/\"]}]},{\"@type\":\"ImageObject\",\"inLanguage\":\"en-US\",\"@id\":\"https:\\\/\\\/barbados-shop.sk\\\/produkt\\\/trilobit-megalodon-skameneliny-musle-zuby-z-dinosaura-dinosaurus-paleontologia-fosilie-fosilny-spinosaurus-megalodon-zralocie-zuby-10\\\/#primaryimage\",\"url\":\"https:\\\/\\\/i0.wp.com\\\/barbados-shop.sk\\\/wp-content\\\/uploads\\\/2022\\\/12\\\/1671105291097.png?fit=1388%2C1348&ssl=1\",\"contentUrl\":\"https:\\\/\\\/i0.wp.com\\\/barbados-shop.sk\\\/wp-content\\\/uploads\\\/2022\\\/12\\\/1671105291097.png?fit=1388%2C1348&ssl=1\",\"width\":1388,\"height\":1348},{\"@type\":\"BreadcrumbList\",\"@id\":\"https:\\\/\\\/barbados-shop.sk\\\/produkt\\\/trilobit-megalodon-skameneliny-musle-zuby-z-dinosaura-dinosaurus-paleontologia-fosilie-fosilny-spinosaurus-megalodon-zralocie-zuby-10\\\/#breadcrumb\",\"itemListElement\":[{\"@type\":\"ListItem\",\"position\":1,\"name\":\"Domovsk\u00e1 str\u00e1nka\",\"item\":\"https:\\\/\\\/barbados-shop.sk\\\/\"},{\"@type\":\"ListItem\",\"position\":2,\"name\":\"Obchod\",\"item\":\"https:\\\/\\\/barbados-shop.sk\\\/obchod\\\/\"},{\"@type\":\"ListItem\",\"position\":3,\"name\":\"Fos\u00edlny zub z dinosaura druhu ,,Spinosaurus,,\"}]},{\"@type\":\"WebSite\",\"@id\":\"https:\\\/\\\/barbados-shop.sk\\\/#website\",\"url\":\"https:\\\/\\\/barbados-shop.sk\\\/\",\"name\":\"Barbados shop\",\"description\":\"Predaj exkluz\u00edvnych zberate\u013esk\u00fdch predmetov\",\"publisher\":{\"@id\":\"https:\\\/\\\/barbados-shop.sk\\\/#organization\"},\"potentialAction\":[{\"@type\":\"SearchAction\",\"target\":{\"@type\":\"EntryPoint\",\"urlTemplate\":\"https:\\\/\\\/barbados-shop.sk\\\/?s={search_term_string}\"},\"query-input\":{\"@type\":\"PropertyValueSpecification\",\"valueRequired\":true,\"valueName\":\"search_term_string\"}}],\"inLanguage\":\"en-US\"},{\"@type\":\"Organization\",\"@id\":\"https:\\\/\\\/barbados-shop.sk\\\/#organization\",\"name\":\"Barbados shop\",\"url\":\"https:\\\/\\\/barbados-shop.sk\\\/\",\"logo\":{\"@type\":\"ImageObject\",\"inLanguage\":\"en-US\",\"@id\":\"https:\\\/\\\/barbados-shop.sk\\\/#\\\/schema\\\/logo\\\/image\\\/\",\"url\":\"https:\\\/\\\/i0.wp.com\\\/barbados-shop.sk\\\/wp-content\\\/uploads\\\/2022\\\/11\\\/cropped-cropped-299016379_113204254827248_2560417915586279216_n-1.jpg?fit=870%2C870&ssl=1\",\"contentUrl\":\"https:\\\/\\\/i0.wp.com\\\/barbados-shop.sk\\\/wp-content\\\/uploads\\\/2022\\\/11\\\/cropped-cropped-299016379_113204254827248_2560417915586279216_n-1.jpg?fit=870%2C870&ssl=1\",\"width\":870,\"height\":870,\"caption\":\"Barbados shop\"},\"image\":{\"@id\":\"https:\\\/\\\/barbados-shop.sk\\\/#\\\/schema\\\/logo\\\/image\\\/\"},\"sameAs\":[\"https:\\\/\\\/www.facebook.com\\\/Barbadosexclusive\"]}]}<\/script>\n<!-- \/ Yoast SEO plugin. -->","yoast_head_json":{"title":"Fos\u00edlny zub z dinosaura druhu ,,Spinosaurus,, - Barbados shop","description":"Fos\u00edlny zub z dinosaura druhu ,,Spinosaurus,, Zub zo Spinosaura s tmavou sklovinou v neporu\u0161enom stave. Bol obrovsk\u00fd drav\u00fd dinosaurus zo skupiny ,,Tetanuare,, vyskytoval sa pred pribli\u017ene 95 mili\u00f3nmi rokov na \u00fazem\u00ed dne\u0161nej severnej Afriky. Spinosaurus je dnes najdlh\u0161\u00edm zn\u00e1mym drav\u00fdm dinosaurom. V\u0161eobecne sa uv\u00e1dza, \u017ee dorastal do d\u013a\u017eky 17 metrov a v\u00e1\u017eil 20 ton , je v\u0161ak zrejm\u00e9, \u017ee dosiahnu\u0165 mohol aj v\u00e4\u010d\u0161ej ve\u013ekosti. Zub je lepen\u00fd a konzervovan\u00fd.Geologick\u00e9 obdobie: Vrchn\u00e1 krieda 100-66 mil.rokovRozmery: 50 mmHmotnos\u0165: 32 g","robots":{"index":"index","follow":"follow","max-snippet":"max-snippet:-1","max-image-preview":"max-image-preview:large","max-video-preview":"max-video-preview:-1"},"canonical":"https:\/\/barbados-shop.sk\/en\/produkt\/trilobit-megalodon-skameneliny-musle-zuby-z-dinosaura-dinosaurus-paleontologia-fosilie-fosilny-spinosaurus-megalodon-zralocie-zuby-10\/","og_locale":"en_US","og_type":"article","og_title":"Fos\u00edlny zub z dinosaura druhu ,,Spinosaurus,, - Barbados shop","og_description":"Fos\u00edlny zub z dinosaura druhu ,,Spinosaurus,, Zub zo Spinosaura s tmavou sklovinou v neporu\u0161enom stave. Bol obrovsk\u00fd drav\u00fd dinosaurus zo skupiny ,,Tetanuare,, vyskytoval sa pred pribli\u017ene 95 mili\u00f3nmi rokov na \u00fazem\u00ed dne\u0161nej severnej Afriky. Spinosaurus je dnes najdlh\u0161\u00edm zn\u00e1mym drav\u00fdm dinosaurom. V\u0161eobecne sa uv\u00e1dza, \u017ee dorastal do d\u013a\u017eky 17 metrov a v\u00e1\u017eil 20 ton , je v\u0161ak zrejm\u00e9, \u017ee dosiahnu\u0165 mohol aj v\u00e4\u010d\u0161ej ve\u013ekosti. Zub je lepen\u00fd a konzervovan\u00fd.Geologick\u00e9 obdobie: Vrchn\u00e1 krieda 100-66 mil.rokovRozmery: 50 mmHmotnos\u0165: 32 g","og_url":"https:\/\/barbados-shop.sk\/en\/produkt\/trilobit-megalodon-skameneliny-musle-zuby-z-dinosaura-dinosaurus-paleontologia-fosilie-fosilny-spinosaurus-megalodon-zralocie-zuby-10\/","og_site_name":"Barbados shop","article_publisher":"https:\/\/www.facebook.com\/Barbadosexclusive","article_modified_time":"2023-02-03T20:17:15+00:00","og_image":[{"width":1388,"height":1348,"url":"https:\/\/i0.wp.com\/barbados-shop.sk\/wp-content\/uploads\/2022\/12\/1671105291097.png?fit=1388%2C1348&ssl=1","type":"image\/png"}],"twitter_card":"summary_large_image","twitter_misc":{"Est. reading time":"1 minute"},"schema":{"@context":"https:\/\/schema.org","@graph":[{"@type":"WebPage","@id":"https:\/\/barbados-shop.sk\/produkt\/trilobit-megalodon-skameneliny-musle-zuby-z-dinosaura-dinosaurus-paleontologia-fosilie-fosilny-spinosaurus-megalodon-zralocie-zuby-10\/","url":"https:\/\/barbados-shop.sk\/produkt\/trilobit-megalodon-skameneliny-musle-zuby-z-dinosaura-dinosaurus-paleontologia-fosilie-fosilny-spinosaurus-megalodon-zralocie-zuby-10\/","name":"Fos\u00edlny zub z dinosaura druhu ,,Spinosaurus,, - Barbados shop","isPartOf":{"@id":"https:\/\/barbados-shop.sk\/#website"},"primaryImageOfPage":{"@id":"https:\/\/barbados-shop.sk\/produkt\/trilobit-megalodon-skameneliny-musle-zuby-z-dinosaura-dinosaurus-paleontologia-fosilie-fosilny-spinosaurus-megalodon-zralocie-zuby-10\/#primaryimage"},"image":{"@id":"https:\/\/barbados-shop.sk\/produkt\/trilobit-megalodon-skameneliny-musle-zuby-z-dinosaura-dinosaurus-paleontologia-fosilie-fosilny-spinosaurus-megalodon-zralocie-zuby-10\/#primaryimage"},"thumbnailUrl":"https:\/\/i0.wp.com\/barbados-shop.sk\/wp-content\/uploads\/2022\/12\/1671105291097.png?fit=1388%2C1348&ssl=1","datePublished":"2023-01-15T12:03:15+00:00","dateModified":"2023-02-03T20:17:15+00:00","description":"Fos\u00edlny zub z dinosaura druhu ,,Spinosaurus,, Zub zo Spinosaura s tmavou sklovinou v neporu\u0161enom stave. Bol obrovsk\u00fd drav\u00fd dinosaurus zo skupiny ,,Tetanuare,, vyskytoval sa pred pribli\u017ene 95 mili\u00f3nmi rokov na \u00fazem\u00ed dne\u0161nej severnej Afriky. Spinosaurus je dnes najdlh\u0161\u00edm zn\u00e1mym drav\u00fdm dinosaurom. V\u0161eobecne sa uv\u00e1dza, \u017ee dorastal do d\u013a\u017eky 17 metrov a v\u00e1\u017eil 20 ton , je v\u0161ak zrejm\u00e9, \u017ee dosiahnu\u0165 mohol aj v\u00e4\u010d\u0161ej ve\u013ekosti. Zub je lepen\u00fd a konzervovan\u00fd.Geologick\u00e9 obdobie: Vrchn\u00e1 krieda 100-66 mil.rokovRozmery: 50 mmHmotnos\u0165: 32 g","breadcrumb":{"@id":"https:\/\/barbados-shop.sk\/produkt\/trilobit-megalodon-skameneliny-musle-zuby-z-dinosaura-dinosaurus-paleontologia-fosilie-fosilny-spinosaurus-megalodon-zralocie-zuby-10\/#breadcrumb"},"inLanguage":"en-US","potentialAction":[{"@type":"ReadAction","target":["https:\/\/barbados-shop.sk\/produkt\/trilobit-megalodon-skameneliny-musle-zuby-z-dinosaura-dinosaurus-paleontologia-fosilie-fosilny-spinosaurus-megalodon-zralocie-zuby-10\/"]}]},{"@type":"ImageObject","inLanguage":"en-US","@id":"https:\/\/barbados-shop.sk\/produkt\/trilobit-megalodon-skameneliny-musle-zuby-z-dinosaura-dinosaurus-paleontologia-fosilie-fosilny-spinosaurus-megalodon-zralocie-zuby-10\/#primaryimage","url":"https:\/\/i0.wp.com\/barbados-shop.sk\/wp-content\/uploads\/2022\/12\/1671105291097.png?fit=1388%2C1348&ssl=1","contentUrl":"https:\/\/i0.wp.com\/barbados-shop.sk\/wp-content\/uploads\/2022\/12\/1671105291097.png?fit=1388%2C1348&ssl=1","width":1388,"height":1348},{"@type":"BreadcrumbList","@id":"https:\/\/barbados-shop.sk\/produkt\/trilobit-megalodon-skameneliny-musle-zuby-z-dinosaura-dinosaurus-paleontologia-fosilie-fosilny-spinosaurus-megalodon-zralocie-zuby-10\/#breadcrumb","itemListElement":[{"@type":"ListItem","position":1,"name":"Domovsk\u00e1 str\u00e1nka","item":"https:\/\/barbados-shop.sk\/"},{"@type":"ListItem","position":2,"name":"Obchod","item":"https:\/\/barbados-shop.sk\/obchod\/"},{"@type":"ListItem","position":3,"name":"Fos\u00edlny zub z dinosaura druhu ,,Spinosaurus,,"}]},{"@type":"WebSite","@id":"https:\/\/barbados-shop.sk\/#website","url":"https:\/\/barbados-shop.sk\/","name":"Barbados shop","description":"Predaj exkluz\u00edvnych zberate\u013esk\u00fdch predmetov","publisher":{"@id":"https:\/\/barbados-shop.sk\/#organization"},"potentialAction":[{"@type":"SearchAction","target":{"@type":"EntryPoint","urlTemplate":"https:\/\/barbados-shop.sk\/?s={search_term_string}"},"query-input":{"@type":"PropertyValueSpecification","valueRequired":true,"valueName":"search_term_string"}}],"inLanguage":"en-US"},{"@type":"Organization","@id":"https:\/\/barbados-shop.sk\/#organization","name":"Barbados shop","url":"https:\/\/barbados-shop.sk\/","logo":{"@type":"ImageObject","inLanguage":"en-US","@id":"https:\/\/barbados-shop.sk\/#\/schema\/logo\/image\/","url":"https:\/\/i0.wp.com\/barbados-shop.sk\/wp-content\/uploads\/2022\/11\/cropped-cropped-299016379_113204254827248_2560417915586279216_n-1.jpg?fit=870%2C870&ssl=1","contentUrl":"https:\/\/i0.wp.com\/barbados-shop.sk\/wp-content\/uploads\/2022\/11\/cropped-cropped-299016379_113204254827248_2560417915586279216_n-1.jpg?fit=870%2C870&ssl=1","width":870,"height":870,"caption":"Barbados shop"},"image":{"@id":"https:\/\/barbados-shop.sk\/#\/schema\/logo\/image\/"},"sameAs":["https:\/\/www.facebook.com\/Barbadosexclusive"]}]}},"jetpack_publicize_connections":[],"jetpack_likes_enabled":true,"jetpack_sharing_enabled":true,"jetpack-related-posts":[],"_links":{"self":[{"href":"https:\/\/barbados-shop.sk\/en\/wp-json\/wp\/v2\/product\/1949","targetHints":{"allow":["GET"]}}],"collection":[{"href":"https:\/\/barbados-shop.sk\/en\/wp-json\/wp\/v2\/product"}],"about":[{"href":"https:\/\/barbados-shop.sk\/en\/wp-json\/wp\/v2\/types\/product"}],"replies":[{"embeddable":true,"href":"https:\/\/barbados-shop.sk\/en\/wp-json\/wp\/v2\/comments?post=1949"}],"wp:featuredmedia":[{"embeddable":true,"href":"https:\/\/barbados-shop.sk\/en\/wp-json\/wp\/v2\/media\/1671"}],"wp:attachment":[{"href":"https:\/\/barbados-shop.sk\/en\/wp-json\/wp\/v2\/media?parent=1949"}],"wp:term":[{"taxonomy":"product_brand","embeddable":true,"href":"https:\/\/barbados-shop.sk\/en\/wp-json\/wp\/v2\/product_brand?post=1949"},{"taxonomy":"product_cat","embeddable":true,"href":"https:\/\/barbados-shop.sk\/en\/wp-json\/wp\/v2\/product_cat?post=1949"},{"taxonomy":"product_tag","embeddable":true,"href":"https:\/\/barbados-shop.sk\/en\/wp-json\/wp\/v2\/product_tag?post=1949"}],"curies":[{"name":"wp","href":"https:\/\/api.w.org\/{rel}","templated":true}]}}