{"id":1975,"date":"2023-01-15T19:36:12","date_gmt":"2023-01-15T18:36:12","guid":{"rendered":"https:\/\/barbadosshop.wpcomstaging.com\/?post_type=product&#038;p=1975"},"modified":"2024-12-13T04:23:35","modified_gmt":"2024-12-13T03:23:35","slug":"maurice-tiberius-582-602-follis","status":"publish","type":"product","link":"https:\/\/barbados-shop.sk\/en\/produkt\/maurice-tiberius-582-602-follis\/","title":{"rendered":"Maurice Tiberius. 582-602 follis"},"content":{"rendered":"<p class=\"has-text-align-center has-normal-font-size\"><strong>Mauricius Flavius \u200b\u200bTiberius<\/strong>&nbsp;, (naroden\u00fd&nbsp;<em>okolo<\/em>&nbsp;539, Kappadokia \u2013 zomrel 602, Kon\u0161tant\u00ednopol), vynikaj\u00faci&nbsp;gener\u00e1l a&nbsp;cis\u00e1r (582 \u2013 602), ktor\u00fd pomohol premeni\u0165 zni\u010den\u00fa neskor\u00fa R\u00edmsku r\u00ed\u0161u na nov\u00fa a dobre organizovan\u00fa&nbsp;stredovek\u00fa Byzantsk\u00fa r\u00ed\u0161u.<\/p>\n<p class=\"has-text-align-left has-normal-font-size\"><strong>Avers<\/strong>: Busta Maurica Tiberia s prilbou a kyrysom dr\u017eiaca globus a \u0161t\u00edt.<\/p>\n<p class=\"has-text-align-left has-normal-font-size\"><strong>Revers<\/strong>: Ve\u013ek\u00e9 M;&nbsp;hore, kr\u00ed\u017e;&nbsp;cez pole, d\u00e1tum (A\/N\/N\/OX\/II\/I);&nbsp;A\/\/CON.&nbsp;DOC 36a;&nbsp;MIBE 67d;&nbsp;SB 494. XF<\/p>\n<p class=\"has-text-align-center has-normal-font-size\">Rozmer: 22 mm<\/p>\n<p class=\"has-text-align-center has-normal-font-size\">V\u00e1ha: 3,80 g<\/p>\n","protected":false},"excerpt":{"rendered":"<p>Mauricius Flavius \u200b\u200bTiberius&nbsp;, (naroden\u00fd&nbsp;okolo&nbsp;539, Kappadokia \u2013 zomrel 602, Kon\u0161tant\u00ednopol), vynikaj\u00faci&nbsp;gener\u00e1l a&nbsp;cis\u00e1r (582 \u2013 602), ktor\u00fd pomohol premeni\u0165 zni\u010den\u00fa neskor\u00fa R\u00edmsku r\u00ed\u0161u na nov\u00fa a dobre organizovan\u00fa&nbsp;stredovek\u00fa Byzantsk\u00fa r\u00ed\u0161u. Avers: Busta Maurica Tiberia s prilbou a kyrysom dr\u017eiaca globus a \u0161t\u00edt. Revers: Ve\u013ek\u00e9 M;&nbsp;hore, kr\u00ed\u017e;&nbsp;cez pole, d\u00e1tum (A\/N\/N\/OX\/II\/I);&nbsp;A\/\/CON.&nbsp;DOC 36a;&nbsp;MIBE 67d;&nbsp;SB 494. XF Rozmer: 22 mm V\u00e1ha:<a class=\"more-link\" href=\"https:\/\/barbados-shop.sk\/en\/produkt\/maurice-tiberius-582-602-follis\/\">Continue reading <span class=\"screen-reader-text\">&#8220;Maurice Tiberius. 582-602 follis&#8221;<\/span><\/a><\/p>\n","protected":false},"featured_media":3894,"comment_status":"open","ping_status":"closed","template":"","meta":{"_crdt_document":"","ngg_post_thumbnail":0,"pgc_sgb_lightbox_settings":"","jetpack_post_was_ever_published":false,"jetpack_publicize_message":"","jetpack_publicize_feature_enabled":true,"jetpack_social_post_already_shared":true,"jetpack_social_options":{"image_generator_settings":{"template":"highway","default_image_id":0,"font":"","enabled":false},"version":2},"_wpas_customize_per_network":false},"product_brand":[],"product_cat":[755562494,755562504],"product_tag":[],"class_list":{"0":"post-1975","1":"product","2":"type-product","3":"status-publish","4":"has-post-thumbnail","6":"product_cat-mince","7":"product_cat-stredoveke-mince","8":"entry","10":"first","11":"outofstock","12":"shipping-taxable","13":"purchasable","14":"product-type-simple"},"yoast_head":"<!-- This site is optimized with the Yoast SEO plugin v27.3 - https:\/\/yoast.com\/product\/yoast-seo-wordpress\/ -->\n<title>Maurice Tiberius. 582-602 follis - Barbados shop<\/title>\n<meta name=\"description\" content=\"Maurice Tiberius. 582-602 follis Mauricius Flavius \u200b\u200bTiberius , (naroden\u00fd okolo 539, Kappadokia \u2013 zomrel 602, Kon\u0161tant\u00ednopol), vynikaj\u00faci gener\u00e1l\" \/>\n<meta name=\"robots\" content=\"index, follow, max-snippet:-1, max-image-preview:large, max-video-preview:-1\" \/>\n<link rel=\"canonical\" href=\"https:\/\/barbados-shop.sk\/en\/produkt\/maurice-tiberius-582-602-follis\/\" \/>\n<meta property=\"og:locale\" content=\"en_US\" \/>\n<meta property=\"og:locale:alternate\" content=\"sk_SK\" \/>\n<meta property=\"og:type\" content=\"article\" \/>\n<meta property=\"og:title\" content=\"Maurice Tiberius. 582-602 follis - Barbados shop\" \/>\n<meta property=\"og:description\" content=\"Maurice Tiberius. 582-602 follis Mauricius Flavius \u200b\u200bTiberius , (naroden\u00fd okolo 539, Kappadokia \u2013 zomrel 602, Kon\u0161tant\u00ednopol), vynikaj\u00faci gener\u00e1l\" \/>\n<meta property=\"og:url\" content=\"https:\/\/barbados-shop.sk\/en\/produkt\/maurice-tiberius-582-602-follis\/\" \/>\n<meta property=\"og:site_name\" content=\"Barbados shop\" \/>\n<meta property=\"article:publisher\" content=\"https:\/\/www.facebook.com\/Barbadosexclusive\" \/>\n<meta property=\"article:modified_time\" content=\"2024-12-13T03:23:35+00:00\" \/>\n<meta property=\"og:image\" content=\"https:\/\/i0.wp.com\/barbados-shop.sk\/wp-content\/uploads\/2023\/01\/PhotoRoom-20231215_200053.jpg?fit=1397%2C1048&ssl=1\" \/>\n\t<meta property=\"og:image:width\" content=\"1397\" \/>\n\t<meta property=\"og:image:height\" content=\"1048\" \/>\n\t<meta property=\"og:image:type\" content=\"image\/jpeg\" \/>\n<meta name=\"twitter:card\" content=\"summary_large_image\" \/>\n<meta name=\"twitter:label1\" content=\"Est. reading time\" \/>\n\t<meta name=\"twitter:data1\" content=\"1 minute\" \/>\n<script type=\"application\/ld+json\" class=\"yoast-schema-graph\">{\"@context\":\"https:\\\/\\\/schema.org\",\"@graph\":[{\"@type\":\"WebPage\",\"@id\":\"https:\\\/\\\/barbados-shop.sk\\\/produkt\\\/maurice-tiberius-582-602-follis\\\/\",\"url\":\"https:\\\/\\\/barbados-shop.sk\\\/produkt\\\/maurice-tiberius-582-602-follis\\\/\",\"name\":\"Maurice Tiberius. 582-602 follis - Barbados shop\",\"isPartOf\":{\"@id\":\"https:\\\/\\\/barbados-shop.sk\\\/#website\"},\"primaryImageOfPage\":{\"@id\":\"https:\\\/\\\/barbados-shop.sk\\\/produkt\\\/maurice-tiberius-582-602-follis\\\/#primaryimage\"},\"image\":{\"@id\":\"https:\\\/\\\/barbados-shop.sk\\\/produkt\\\/maurice-tiberius-582-602-follis\\\/#primaryimage\"},\"thumbnailUrl\":\"https:\\\/\\\/i0.wp.com\\\/barbados-shop.sk\\\/wp-content\\\/uploads\\\/2023\\\/01\\\/PhotoRoom-20231215_200053.jpg?fit=1397%2C1048&ssl=1\",\"datePublished\":\"2023-01-15T18:36:12+00:00\",\"dateModified\":\"2024-12-13T03:23:35+00:00\",\"description\":\"Maurice Tiberius. 582-602 follis Mauricius Flavius \u200b\u200bTiberius , (naroden\u00fd okolo 539, Kappadokia \u2013 zomrel 602, Kon\u0161tant\u00ednopol), vynikaj\u00faci gener\u00e1l\",\"breadcrumb\":{\"@id\":\"https:\\\/\\\/barbados-shop.sk\\\/produkt\\\/maurice-tiberius-582-602-follis\\\/#breadcrumb\"},\"inLanguage\":\"en-US\",\"potentialAction\":[{\"@type\":\"ReadAction\",\"target\":[\"https:\\\/\\\/barbados-shop.sk\\\/produkt\\\/maurice-tiberius-582-602-follis\\\/\"]}]},{\"@type\":\"ImageObject\",\"inLanguage\":\"en-US\",\"@id\":\"https:\\\/\\\/barbados-shop.sk\\\/produkt\\\/maurice-tiberius-582-602-follis\\\/#primaryimage\",\"url\":\"https:\\\/\\\/i0.wp.com\\\/barbados-shop.sk\\\/wp-content\\\/uploads\\\/2023\\\/01\\\/PhotoRoom-20231215_200053.jpg?fit=1397%2C1048&ssl=1\",\"contentUrl\":\"https:\\\/\\\/i0.wp.com\\\/barbados-shop.sk\\\/wp-content\\\/uploads\\\/2023\\\/01\\\/PhotoRoom-20231215_200053.jpg?fit=1397%2C1048&ssl=1\",\"width\":1397,\"height\":1048,\"caption\":\"byzantsk\u00e1 minca\"},{\"@type\":\"BreadcrumbList\",\"@id\":\"https:\\\/\\\/barbados-shop.sk\\\/produkt\\\/maurice-tiberius-582-602-follis\\\/#breadcrumb\",\"itemListElement\":[{\"@type\":\"ListItem\",\"position\":1,\"name\":\"Domovsk\u00e1 str\u00e1nka\",\"item\":\"https:\\\/\\\/barbados-shop.sk\\\/\"},{\"@type\":\"ListItem\",\"position\":2,\"name\":\"Obchod\",\"item\":\"https:\\\/\\\/barbados-shop.sk\\\/obchod\\\/\"},{\"@type\":\"ListItem\",\"position\":3,\"name\":\"Maurice Tiberius. 582-602 follis\"}]},{\"@type\":\"WebSite\",\"@id\":\"https:\\\/\\\/barbados-shop.sk\\\/#website\",\"url\":\"https:\\\/\\\/barbados-shop.sk\\\/\",\"name\":\"Barbados shop\",\"description\":\"Predaj exkluz\u00edvnych zberate\u013esk\u00fdch predmetov\",\"publisher\":{\"@id\":\"https:\\\/\\\/barbados-shop.sk\\\/#organization\"},\"potentialAction\":[{\"@type\":\"SearchAction\",\"target\":{\"@type\":\"EntryPoint\",\"urlTemplate\":\"https:\\\/\\\/barbados-shop.sk\\\/?s={search_term_string}\"},\"query-input\":{\"@type\":\"PropertyValueSpecification\",\"valueRequired\":true,\"valueName\":\"search_term_string\"}}],\"inLanguage\":\"en-US\"},{\"@type\":\"Organization\",\"@id\":\"https:\\\/\\\/barbados-shop.sk\\\/#organization\",\"name\":\"Barbados shop\",\"url\":\"https:\\\/\\\/barbados-shop.sk\\\/\",\"logo\":{\"@type\":\"ImageObject\",\"inLanguage\":\"en-US\",\"@id\":\"https:\\\/\\\/barbados-shop.sk\\\/#\\\/schema\\\/logo\\\/image\\\/\",\"url\":\"https:\\\/\\\/i0.wp.com\\\/barbados-shop.sk\\\/wp-content\\\/uploads\\\/2022\\\/11\\\/cropped-cropped-299016379_113204254827248_2560417915586279216_n-1.jpg?fit=870%2C870&ssl=1\",\"contentUrl\":\"https:\\\/\\\/i0.wp.com\\\/barbados-shop.sk\\\/wp-content\\\/uploads\\\/2022\\\/11\\\/cropped-cropped-299016379_113204254827248_2560417915586279216_n-1.jpg?fit=870%2C870&ssl=1\",\"width\":870,\"height\":870,\"caption\":\"Barbados shop\"},\"image\":{\"@id\":\"https:\\\/\\\/barbados-shop.sk\\\/#\\\/schema\\\/logo\\\/image\\\/\"},\"sameAs\":[\"https:\\\/\\\/www.facebook.com\\\/Barbadosexclusive\"]}]}<\/script>\n<!-- \/ Yoast SEO plugin. -->","yoast_head_json":{"title":"Maurice Tiberius. 582-602 follis - Barbados shop","description":"Maurice Tiberius. 582-602 follis Mauricius Flavius \u200b\u200bTiberius , (naroden\u00fd okolo 539, Kappadokia \u2013 zomrel 602, Kon\u0161tant\u00ednopol), vynikaj\u00faci gener\u00e1l","robots":{"index":"index","follow":"follow","max-snippet":"max-snippet:-1","max-image-preview":"max-image-preview:large","max-video-preview":"max-video-preview:-1"},"canonical":"https:\/\/barbados-shop.sk\/en\/produkt\/maurice-tiberius-582-602-follis\/","og_locale":"en_US","og_type":"article","og_title":"Maurice Tiberius. 582-602 follis - Barbados shop","og_description":"Maurice Tiberius. 582-602 follis Mauricius Flavius \u200b\u200bTiberius , (naroden\u00fd okolo 539, Kappadokia \u2013 zomrel 602, Kon\u0161tant\u00ednopol), vynikaj\u00faci gener\u00e1l","og_url":"https:\/\/barbados-shop.sk\/en\/produkt\/maurice-tiberius-582-602-follis\/","og_site_name":"Barbados shop","article_publisher":"https:\/\/www.facebook.com\/Barbadosexclusive","article_modified_time":"2024-12-13T03:23:35+00:00","og_image":[{"width":1397,"height":1048,"url":"https:\/\/i0.wp.com\/barbados-shop.sk\/wp-content\/uploads\/2023\/01\/PhotoRoom-20231215_200053.jpg?fit=1397%2C1048&ssl=1","type":"image\/jpeg"}],"twitter_card":"summary_large_image","twitter_misc":{"Est. reading time":"1 minute"},"schema":{"@context":"https:\/\/schema.org","@graph":[{"@type":"WebPage","@id":"https:\/\/barbados-shop.sk\/produkt\/maurice-tiberius-582-602-follis\/","url":"https:\/\/barbados-shop.sk\/produkt\/maurice-tiberius-582-602-follis\/","name":"Maurice Tiberius. 582-602 follis - Barbados shop","isPartOf":{"@id":"https:\/\/barbados-shop.sk\/#website"},"primaryImageOfPage":{"@id":"https:\/\/barbados-shop.sk\/produkt\/maurice-tiberius-582-602-follis\/#primaryimage"},"image":{"@id":"https:\/\/barbados-shop.sk\/produkt\/maurice-tiberius-582-602-follis\/#primaryimage"},"thumbnailUrl":"https:\/\/i0.wp.com\/barbados-shop.sk\/wp-content\/uploads\/2023\/01\/PhotoRoom-20231215_200053.jpg?fit=1397%2C1048&ssl=1","datePublished":"2023-01-15T18:36:12+00:00","dateModified":"2024-12-13T03:23:35+00:00","description":"Maurice Tiberius. 582-602 follis Mauricius Flavius \u200b\u200bTiberius , (naroden\u00fd okolo 539, Kappadokia \u2013 zomrel 602, Kon\u0161tant\u00ednopol), vynikaj\u00faci gener\u00e1l","breadcrumb":{"@id":"https:\/\/barbados-shop.sk\/produkt\/maurice-tiberius-582-602-follis\/#breadcrumb"},"inLanguage":"en-US","potentialAction":[{"@type":"ReadAction","target":["https:\/\/barbados-shop.sk\/produkt\/maurice-tiberius-582-602-follis\/"]}]},{"@type":"ImageObject","inLanguage":"en-US","@id":"https:\/\/barbados-shop.sk\/produkt\/maurice-tiberius-582-602-follis\/#primaryimage","url":"https:\/\/i0.wp.com\/barbados-shop.sk\/wp-content\/uploads\/2023\/01\/PhotoRoom-20231215_200053.jpg?fit=1397%2C1048&ssl=1","contentUrl":"https:\/\/i0.wp.com\/barbados-shop.sk\/wp-content\/uploads\/2023\/01\/PhotoRoom-20231215_200053.jpg?fit=1397%2C1048&ssl=1","width":1397,"height":1048,"caption":"byzantsk\u00e1 minca"},{"@type":"BreadcrumbList","@id":"https:\/\/barbados-shop.sk\/produkt\/maurice-tiberius-582-602-follis\/#breadcrumb","itemListElement":[{"@type":"ListItem","position":1,"name":"Domovsk\u00e1 str\u00e1nka","item":"https:\/\/barbados-shop.sk\/"},{"@type":"ListItem","position":2,"name":"Obchod","item":"https:\/\/barbados-shop.sk\/obchod\/"},{"@type":"ListItem","position":3,"name":"Maurice Tiberius. 582-602 follis"}]},{"@type":"WebSite","@id":"https:\/\/barbados-shop.sk\/#website","url":"https:\/\/barbados-shop.sk\/","name":"Barbados shop","description":"Predaj exkluz\u00edvnych zberate\u013esk\u00fdch predmetov","publisher":{"@id":"https:\/\/barbados-shop.sk\/#organization"},"potentialAction":[{"@type":"SearchAction","target":{"@type":"EntryPoint","urlTemplate":"https:\/\/barbados-shop.sk\/?s={search_term_string}"},"query-input":{"@type":"PropertyValueSpecification","valueRequired":true,"valueName":"search_term_string"}}],"inLanguage":"en-US"},{"@type":"Organization","@id":"https:\/\/barbados-shop.sk\/#organization","name":"Barbados shop","url":"https:\/\/barbados-shop.sk\/","logo":{"@type":"ImageObject","inLanguage":"en-US","@id":"https:\/\/barbados-shop.sk\/#\/schema\/logo\/image\/","url":"https:\/\/i0.wp.com\/barbados-shop.sk\/wp-content\/uploads\/2022\/11\/cropped-cropped-299016379_113204254827248_2560417915586279216_n-1.jpg?fit=870%2C870&ssl=1","contentUrl":"https:\/\/i0.wp.com\/barbados-shop.sk\/wp-content\/uploads\/2022\/11\/cropped-cropped-299016379_113204254827248_2560417915586279216_n-1.jpg?fit=870%2C870&ssl=1","width":870,"height":870,"caption":"Barbados shop"},"image":{"@id":"https:\/\/barbados-shop.sk\/#\/schema\/logo\/image\/"},"sameAs":["https:\/\/www.facebook.com\/Barbadosexclusive"]}]}},"jetpack_publicize_connections":[],"jetpack_likes_enabled":true,"jetpack_sharing_enabled":true,"jetpack-related-posts":[],"_links":{"self":[{"href":"https:\/\/barbados-shop.sk\/en\/wp-json\/wp\/v2\/product\/1975","targetHints":{"allow":["GET"]}}],"collection":[{"href":"https:\/\/barbados-shop.sk\/en\/wp-json\/wp\/v2\/product"}],"about":[{"href":"https:\/\/barbados-shop.sk\/en\/wp-json\/wp\/v2\/types\/product"}],"replies":[{"embeddable":true,"href":"https:\/\/barbados-shop.sk\/en\/wp-json\/wp\/v2\/comments?post=1975"}],"wp:featuredmedia":[{"embeddable":true,"href":"https:\/\/barbados-shop.sk\/en\/wp-json\/wp\/v2\/media\/3894"}],"wp:attachment":[{"href":"https:\/\/barbados-shop.sk\/en\/wp-json\/wp\/v2\/media?parent=1975"}],"wp:term":[{"taxonomy":"product_brand","embeddable":true,"href":"https:\/\/barbados-shop.sk\/en\/wp-json\/wp\/v2\/product_brand?post=1975"},{"taxonomy":"product_cat","embeddable":true,"href":"https:\/\/barbados-shop.sk\/en\/wp-json\/wp\/v2\/product_cat?post=1975"},{"taxonomy":"product_tag","embeddable":true,"href":"https:\/\/barbados-shop.sk\/en\/wp-json\/wp\/v2\/product_tag?post=1975"}],"curies":[{"name":"wp","href":"https:\/\/api.w.org\/{rel}","templated":true}]}}