{"id":2356,"date":"2023-03-09T18:18:18","date_gmt":"2023-03-09T17:18:18","guid":{"rendered":"https:\/\/barbadosshop.wpcomstaging.com\/?post_type=product&#038;p=2356"},"modified":"2023-12-16T21:20:17","modified_gmt":"2023-12-16T20:20:17","slug":"barbarska-razba-cisar-aurelian-aureus-fouree","status":"publish","type":"product","link":"https:\/\/barbados-shop.sk\/en\/produkt\/barbarska-razba-cisar-aurelian-aureus-fouree\/","title":{"rendered":"Zla\u0165en\u00fd Aurelian (270-275)- aureus fourr\u00e9e"},"content":{"rendered":"<p>Barbarsk\u00e1 razba cis\u00e1ra Aureliana (270-275)<\/p>\n<p>Averz: Busta sis\u00e1ra Aureli\u00e1na vo vojenskom brnen\u00ed&nbsp;<\/p>\n<p>Averz: Posv\u00e4tn\u00fd chr\u00e1m At\u00e9ny s r\u00edmskymi jednotkami a ratoles\u0165ou<\/p>\n<p>Rozmer: 20 mm<\/p>\n<p>V\u00e1ha: 2,5 g&nbsp;<\/p>\n<p>Raritn\u00fd k\u00fasok<\/p>\n<p>Pozn\u00e1mka: Minca m\u00e1 dobov\u00fa dierku ktor\u00e1 sl\u00fa\u017eila ako otvor na ko\u017eu tak\u017ee je predpoklad, \u017ee sl\u00fa\u017eila ako talizman ktor\u00fd nosili na krku. Platkovan\u00e1 24 k zlatom v antickom obdob\u00ed.<\/p>\n<h3>&nbsp;<\/h3>\n","protected":false},"excerpt":{"rendered":"<p>Barbarsk\u00e1 razba cis\u00e1ra Aureliana (270-275) Averz: Busta sis\u00e1ra Aureli\u00e1na vo vojenskom brnen\u00ed&nbsp; Averz: Posv\u00e4tn\u00fd chr\u00e1m At\u00e9ny s r\u00edmskymi jednotkami a ratoles\u0165ou Rozmer: 20 mm V\u00e1ha: 2,5 g&nbsp; Raritn\u00fd k\u00fasok Pozn\u00e1mka: Minca m\u00e1 dobov\u00fa dierku ktor\u00e1 sl\u00fa\u017eila ako otvor na ko\u017eu tak\u017ee je predpoklad, \u017ee sl\u00fa\u017eila ako talizman ktor\u00fd nosili na krku. Platkovan\u00e1 24 k zlatom<a class=\"more-link\" href=\"https:\/\/barbados-shop.sk\/en\/produkt\/barbarska-razba-cisar-aurelian-aureus-fouree\/\">Continue reading <span class=\"screen-reader-text\">&#8220;Zla\u0165en\u00fd Aurelian (270-275)- aureus fourr\u00e9e&#8221;<\/span><\/a><\/p>\n","protected":false},"featured_media":3953,"comment_status":"open","ping_status":"closed","template":"","meta":{"_crdt_document":"","ngg_post_thumbnail":0,"pgc_sgb_lightbox_settings":"","jetpack_post_was_ever_published":false,"jetpack_publicize_message":"","jetpack_publicize_feature_enabled":true,"jetpack_social_post_already_shared":true,"jetpack_social_options":{"image_generator_settings":{"template":"highway","default_image_id":0,"font":"","enabled":false},"version":2},"_wpas_customize_per_network":false},"product_brand":[],"product_cat":[755562503],"product_tag":[755562540,755562526],"class_list":{"0":"post-2356","1":"product","2":"type-product","3":"status-publish","4":"has-post-thumbnail","6":"product_cat-anticke-grecke-rimske-keltske-mince","7":"product_tag-barbar-aurelian-aureus-270-275-fouree","8":"product_tag-barbarska-razba-cisar-aurelian-aureus-fouree","9":"entry","11":"first","12":"instock","13":"shipping-taxable","14":"purchasable","15":"product-type-simple"},"yoast_head":"<!-- This site is optimized with the Yoast SEO plugin v27.3 - https:\/\/yoast.com\/product\/yoast-seo-wordpress\/ -->\n<title>Zla\u0165en\u00fd Aurelian (270-275)- aureus fourr\u00e9e - Barbados shop<\/title>\n<meta name=\"description\" content=\"Barbarsk\u00e1 razba cis\u00e1ra Aureliana (270-275)Averz: busta sis\u00e1ra Aureli\u00e1na vo vojenskom brnen\u00ed\u00a0Averz: posv\u00e4tn\u00fd chr\u00e1m At\u00e9ny s r\u00edmskymi jednotkami a ratoles\u0165ouRozmer: 20 mmV\u00e1ha: 2,5 g\u00a0\" \/>\n<meta name=\"robots\" content=\"index, follow, max-snippet:-1, max-image-preview:large, max-video-preview:-1\" \/>\n<link rel=\"canonical\" href=\"https:\/\/barbados-shop.sk\/en\/produkt\/barbarska-razba-cisar-aurelian-aureus-fouree\/\" \/>\n<meta property=\"og:locale\" content=\"en_US\" \/>\n<meta property=\"og:locale:alternate\" content=\"sk_SK\" \/>\n<meta property=\"og:type\" content=\"article\" \/>\n<meta property=\"og:title\" content=\"Zla\u0165en\u00fd Aurelian (270-275)- aureus fourr\u00e9e - Barbados shop\" \/>\n<meta property=\"og:description\" content=\"Barbarsk\u00e1 razba cis\u00e1ra Aureliana (270-275)Averz: busta sis\u00e1ra Aureli\u00e1na vo vojenskom brnen\u00ed\u00a0Averz: posv\u00e4tn\u00fd chr\u00e1m At\u00e9ny s r\u00edmskymi jednotkami a ratoles\u0165ouRozmer: 20 mmV\u00e1ha: 2,5 g\u00a0\" \/>\n<meta property=\"og:url\" content=\"https:\/\/barbados-shop.sk\/en\/produkt\/barbarska-razba-cisar-aurelian-aureus-fouree\/\" \/>\n<meta property=\"og:site_name\" content=\"Barbados shop\" \/>\n<meta property=\"article:publisher\" content=\"https:\/\/www.facebook.com\/Barbadosexclusive\" \/>\n<meta property=\"article:modified_time\" content=\"2023-12-16T20:20:17+00:00\" \/>\n<meta property=\"og:image\" content=\"https:\/\/i0.wp.com\/barbados-shop.sk\/wp-content\/uploads\/2023\/03\/IMG_20231216_205024.png?fit=1500%2C1125&ssl=1\" \/>\n\t<meta property=\"og:image:width\" content=\"1500\" \/>\n\t<meta property=\"og:image:height\" content=\"1125\" \/>\n\t<meta property=\"og:image:type\" content=\"image\/png\" \/>\n<meta name=\"twitter:card\" content=\"summary_large_image\" \/>\n<meta name=\"twitter:label1\" content=\"Est. reading time\" \/>\n\t<meta name=\"twitter:data1\" content=\"1 minute\" \/>\n<script type=\"application\/ld+json\" class=\"yoast-schema-graph\">{\"@context\":\"https:\\\/\\\/schema.org\",\"@graph\":[{\"@type\":\"WebPage\",\"@id\":\"https:\\\/\\\/barbados-shop.sk\\\/produkt\\\/barbarska-razba-cisar-aurelian-aureus-fouree\\\/\",\"url\":\"https:\\\/\\\/barbados-shop.sk\\\/produkt\\\/barbarska-razba-cisar-aurelian-aureus-fouree\\\/\",\"name\":\"Zla\u0165en\u00fd Aurelian (270-275)- aureus fourr\u00e9e - Barbados shop\",\"isPartOf\":{\"@id\":\"https:\\\/\\\/barbados-shop.sk\\\/#website\"},\"primaryImageOfPage\":{\"@id\":\"https:\\\/\\\/barbados-shop.sk\\\/produkt\\\/barbarska-razba-cisar-aurelian-aureus-fouree\\\/#primaryimage\"},\"image\":{\"@id\":\"https:\\\/\\\/barbados-shop.sk\\\/produkt\\\/barbarska-razba-cisar-aurelian-aureus-fouree\\\/#primaryimage\"},\"thumbnailUrl\":\"https:\\\/\\\/i0.wp.com\\\/barbados-shop.sk\\\/wp-content\\\/uploads\\\/2023\\\/03\\\/IMG_20231216_205024.png?fit=1500%2C1125&ssl=1\",\"datePublished\":\"2023-03-09T17:18:18+00:00\",\"dateModified\":\"2023-12-16T20:20:17+00:00\",\"description\":\"Barbarsk\u00e1 razba cis\u00e1ra Aureliana (270-275)Averz: busta sis\u00e1ra Aureli\u00e1na vo vojenskom brnen\u00ed\u00a0Averz: posv\u00e4tn\u00fd chr\u00e1m At\u00e9ny s r\u00edmskymi jednotkami a ratoles\u0165ouRozmer: 20 mmV\u00e1ha: 2,5 g\u00a0\",\"breadcrumb\":{\"@id\":\"https:\\\/\\\/barbados-shop.sk\\\/produkt\\\/barbarska-razba-cisar-aurelian-aureus-fouree\\\/#breadcrumb\"},\"inLanguage\":\"en-US\",\"potentialAction\":[{\"@type\":\"ReadAction\",\"target\":[\"https:\\\/\\\/barbados-shop.sk\\\/produkt\\\/barbarska-razba-cisar-aurelian-aureus-fouree\\\/\"]}]},{\"@type\":\"ImageObject\",\"inLanguage\":\"en-US\",\"@id\":\"https:\\\/\\\/barbados-shop.sk\\\/produkt\\\/barbarska-razba-cisar-aurelian-aureus-fouree\\\/#primaryimage\",\"url\":\"https:\\\/\\\/i0.wp.com\\\/barbados-shop.sk\\\/wp-content\\\/uploads\\\/2023\\\/03\\\/IMG_20231216_205024.png?fit=1500%2C1125&ssl=1\",\"contentUrl\":\"https:\\\/\\\/i0.wp.com\\\/barbados-shop.sk\\\/wp-content\\\/uploads\\\/2023\\\/03\\\/IMG_20231216_205024.png?fit=1500%2C1125&ssl=1\",\"width\":1500,\"height\":1125},{\"@type\":\"BreadcrumbList\",\"@id\":\"https:\\\/\\\/barbados-shop.sk\\\/produkt\\\/barbarska-razba-cisar-aurelian-aureus-fouree\\\/#breadcrumb\",\"itemListElement\":[{\"@type\":\"ListItem\",\"position\":1,\"name\":\"Domovsk\u00e1 str\u00e1nka\",\"item\":\"https:\\\/\\\/barbados-shop.sk\\\/\"},{\"@type\":\"ListItem\",\"position\":2,\"name\":\"Obchod\",\"item\":\"https:\\\/\\\/barbados-shop.sk\\\/obchod\\\/\"},{\"@type\":\"ListItem\",\"position\":3,\"name\":\"Zla\u0165en\u00fd Aurelian (270-275)- aureus fourr\u00e9e\"}]},{\"@type\":\"WebSite\",\"@id\":\"https:\\\/\\\/barbados-shop.sk\\\/#website\",\"url\":\"https:\\\/\\\/barbados-shop.sk\\\/\",\"name\":\"Barbados shop\",\"description\":\"Predaj exkluz\u00edvnych zberate\u013esk\u00fdch predmetov\",\"publisher\":{\"@id\":\"https:\\\/\\\/barbados-shop.sk\\\/#organization\"},\"potentialAction\":[{\"@type\":\"SearchAction\",\"target\":{\"@type\":\"EntryPoint\",\"urlTemplate\":\"https:\\\/\\\/barbados-shop.sk\\\/?s={search_term_string}\"},\"query-input\":{\"@type\":\"PropertyValueSpecification\",\"valueRequired\":true,\"valueName\":\"search_term_string\"}}],\"inLanguage\":\"en-US\"},{\"@type\":\"Organization\",\"@id\":\"https:\\\/\\\/barbados-shop.sk\\\/#organization\",\"name\":\"Barbados shop\",\"url\":\"https:\\\/\\\/barbados-shop.sk\\\/\",\"logo\":{\"@type\":\"ImageObject\",\"inLanguage\":\"en-US\",\"@id\":\"https:\\\/\\\/barbados-shop.sk\\\/#\\\/schema\\\/logo\\\/image\\\/\",\"url\":\"https:\\\/\\\/i0.wp.com\\\/barbados-shop.sk\\\/wp-content\\\/uploads\\\/2022\\\/11\\\/cropped-cropped-299016379_113204254827248_2560417915586279216_n-1.jpg?fit=870%2C870&ssl=1\",\"contentUrl\":\"https:\\\/\\\/i0.wp.com\\\/barbados-shop.sk\\\/wp-content\\\/uploads\\\/2022\\\/11\\\/cropped-cropped-299016379_113204254827248_2560417915586279216_n-1.jpg?fit=870%2C870&ssl=1\",\"width\":870,\"height\":870,\"caption\":\"Barbados shop\"},\"image\":{\"@id\":\"https:\\\/\\\/barbados-shop.sk\\\/#\\\/schema\\\/logo\\\/image\\\/\"},\"sameAs\":[\"https:\\\/\\\/www.facebook.com\\\/Barbadosexclusive\"]}]}<\/script>\n<!-- \/ Yoast SEO plugin. -->","yoast_head_json":{"title":"Zla\u0165en\u00fd Aurelian (270-275)- aureus fourr\u00e9e - Barbados shop","description":"Barbarsk\u00e1 razba cis\u00e1ra Aureliana (270-275)Averz: busta sis\u00e1ra Aureli\u00e1na vo vojenskom brnen\u00ed\u00a0Averz: posv\u00e4tn\u00fd chr\u00e1m At\u00e9ny s r\u00edmskymi jednotkami a ratoles\u0165ouRozmer: 20 mmV\u00e1ha: 2,5 g\u00a0","robots":{"index":"index","follow":"follow","max-snippet":"max-snippet:-1","max-image-preview":"max-image-preview:large","max-video-preview":"max-video-preview:-1"},"canonical":"https:\/\/barbados-shop.sk\/en\/produkt\/barbarska-razba-cisar-aurelian-aureus-fouree\/","og_locale":"en_US","og_type":"article","og_title":"Zla\u0165en\u00fd Aurelian (270-275)- aureus fourr\u00e9e - Barbados shop","og_description":"Barbarsk\u00e1 razba cis\u00e1ra Aureliana (270-275)Averz: busta sis\u00e1ra Aureli\u00e1na vo vojenskom brnen\u00ed\u00a0Averz: posv\u00e4tn\u00fd chr\u00e1m At\u00e9ny s r\u00edmskymi jednotkami a ratoles\u0165ouRozmer: 20 mmV\u00e1ha: 2,5 g\u00a0","og_url":"https:\/\/barbados-shop.sk\/en\/produkt\/barbarska-razba-cisar-aurelian-aureus-fouree\/","og_site_name":"Barbados shop","article_publisher":"https:\/\/www.facebook.com\/Barbadosexclusive","article_modified_time":"2023-12-16T20:20:17+00:00","og_image":[{"width":1500,"height":1125,"url":"https:\/\/i0.wp.com\/barbados-shop.sk\/wp-content\/uploads\/2023\/03\/IMG_20231216_205024.png?fit=1500%2C1125&ssl=1","type":"image\/png"}],"twitter_card":"summary_large_image","twitter_misc":{"Est. reading time":"1 minute"},"schema":{"@context":"https:\/\/schema.org","@graph":[{"@type":"WebPage","@id":"https:\/\/barbados-shop.sk\/produkt\/barbarska-razba-cisar-aurelian-aureus-fouree\/","url":"https:\/\/barbados-shop.sk\/produkt\/barbarska-razba-cisar-aurelian-aureus-fouree\/","name":"Zla\u0165en\u00fd Aurelian (270-275)- aureus fourr\u00e9e - Barbados shop","isPartOf":{"@id":"https:\/\/barbados-shop.sk\/#website"},"primaryImageOfPage":{"@id":"https:\/\/barbados-shop.sk\/produkt\/barbarska-razba-cisar-aurelian-aureus-fouree\/#primaryimage"},"image":{"@id":"https:\/\/barbados-shop.sk\/produkt\/barbarska-razba-cisar-aurelian-aureus-fouree\/#primaryimage"},"thumbnailUrl":"https:\/\/i0.wp.com\/barbados-shop.sk\/wp-content\/uploads\/2023\/03\/IMG_20231216_205024.png?fit=1500%2C1125&ssl=1","datePublished":"2023-03-09T17:18:18+00:00","dateModified":"2023-12-16T20:20:17+00:00","description":"Barbarsk\u00e1 razba cis\u00e1ra Aureliana (270-275)Averz: busta sis\u00e1ra Aureli\u00e1na vo vojenskom brnen\u00ed\u00a0Averz: posv\u00e4tn\u00fd chr\u00e1m At\u00e9ny s r\u00edmskymi jednotkami a ratoles\u0165ouRozmer: 20 mmV\u00e1ha: 2,5 g\u00a0","breadcrumb":{"@id":"https:\/\/barbados-shop.sk\/produkt\/barbarska-razba-cisar-aurelian-aureus-fouree\/#breadcrumb"},"inLanguage":"en-US","potentialAction":[{"@type":"ReadAction","target":["https:\/\/barbados-shop.sk\/produkt\/barbarska-razba-cisar-aurelian-aureus-fouree\/"]}]},{"@type":"ImageObject","inLanguage":"en-US","@id":"https:\/\/barbados-shop.sk\/produkt\/barbarska-razba-cisar-aurelian-aureus-fouree\/#primaryimage","url":"https:\/\/i0.wp.com\/barbados-shop.sk\/wp-content\/uploads\/2023\/03\/IMG_20231216_205024.png?fit=1500%2C1125&ssl=1","contentUrl":"https:\/\/i0.wp.com\/barbados-shop.sk\/wp-content\/uploads\/2023\/03\/IMG_20231216_205024.png?fit=1500%2C1125&ssl=1","width":1500,"height":1125},{"@type":"BreadcrumbList","@id":"https:\/\/barbados-shop.sk\/produkt\/barbarska-razba-cisar-aurelian-aureus-fouree\/#breadcrumb","itemListElement":[{"@type":"ListItem","position":1,"name":"Domovsk\u00e1 str\u00e1nka","item":"https:\/\/barbados-shop.sk\/"},{"@type":"ListItem","position":2,"name":"Obchod","item":"https:\/\/barbados-shop.sk\/obchod\/"},{"@type":"ListItem","position":3,"name":"Zla\u0165en\u00fd Aurelian (270-275)- aureus fourr\u00e9e"}]},{"@type":"WebSite","@id":"https:\/\/barbados-shop.sk\/#website","url":"https:\/\/barbados-shop.sk\/","name":"Barbados shop","description":"Predaj exkluz\u00edvnych zberate\u013esk\u00fdch predmetov","publisher":{"@id":"https:\/\/barbados-shop.sk\/#organization"},"potentialAction":[{"@type":"SearchAction","target":{"@type":"EntryPoint","urlTemplate":"https:\/\/barbados-shop.sk\/?s={search_term_string}"},"query-input":{"@type":"PropertyValueSpecification","valueRequired":true,"valueName":"search_term_string"}}],"inLanguage":"en-US"},{"@type":"Organization","@id":"https:\/\/barbados-shop.sk\/#organization","name":"Barbados shop","url":"https:\/\/barbados-shop.sk\/","logo":{"@type":"ImageObject","inLanguage":"en-US","@id":"https:\/\/barbados-shop.sk\/#\/schema\/logo\/image\/","url":"https:\/\/i0.wp.com\/barbados-shop.sk\/wp-content\/uploads\/2022\/11\/cropped-cropped-299016379_113204254827248_2560417915586279216_n-1.jpg?fit=870%2C870&ssl=1","contentUrl":"https:\/\/i0.wp.com\/barbados-shop.sk\/wp-content\/uploads\/2022\/11\/cropped-cropped-299016379_113204254827248_2560417915586279216_n-1.jpg?fit=870%2C870&ssl=1","width":870,"height":870,"caption":"Barbados shop"},"image":{"@id":"https:\/\/barbados-shop.sk\/#\/schema\/logo\/image\/"},"sameAs":["https:\/\/www.facebook.com\/Barbadosexclusive"]}]}},"jetpack_publicize_connections":[],"jetpack_likes_enabled":true,"jetpack_sharing_enabled":true,"jetpack-related-posts":[],"_links":{"self":[{"href":"https:\/\/barbados-shop.sk\/en\/wp-json\/wp\/v2\/product\/2356","targetHints":{"allow":["GET"]}}],"collection":[{"href":"https:\/\/barbados-shop.sk\/en\/wp-json\/wp\/v2\/product"}],"about":[{"href":"https:\/\/barbados-shop.sk\/en\/wp-json\/wp\/v2\/types\/product"}],"replies":[{"embeddable":true,"href":"https:\/\/barbados-shop.sk\/en\/wp-json\/wp\/v2\/comments?post=2356"}],"wp:featuredmedia":[{"embeddable":true,"href":"https:\/\/barbados-shop.sk\/en\/wp-json\/wp\/v2\/media\/3953"}],"wp:attachment":[{"href":"https:\/\/barbados-shop.sk\/en\/wp-json\/wp\/v2\/media?parent=2356"}],"wp:term":[{"taxonomy":"product_brand","embeddable":true,"href":"https:\/\/barbados-shop.sk\/en\/wp-json\/wp\/v2\/product_brand?post=2356"},{"taxonomy":"product_cat","embeddable":true,"href":"https:\/\/barbados-shop.sk\/en\/wp-json\/wp\/v2\/product_cat?post=2356"},{"taxonomy":"product_tag","embeddable":true,"href":"https:\/\/barbados-shop.sk\/en\/wp-json\/wp\/v2\/product_tag?post=2356"}],"curies":[{"name":"wp","href":"https:\/\/api.w.org\/{rel}","templated":true}]}}