{"id":2989,"date":"2023-09-06T20:02:26","date_gmt":"2023-09-06T18:02:26","guid":{"rendered":"https:\/\/barbadosshop.wpcomstaging.com\/?post_type=product&#038;p=2989"},"modified":"2024-10-06T20:25:25","modified_gmt":"2024-10-06T18:25:25","slug":"maska-baoule-starozitnosti-stare-historicke-afrika-antique","status":"publish","type":"product","link":"https:\/\/barbados-shop.sk\/en\/produkt\/maska-baoule-starozitnosti-stare-historicke-afrika-antique\/","title":{"rendered":"Maska Baule"},"content":{"rendered":"<p>Etnick\u00e1 skupina Baule v s\u00fa\u010dasnosti \u017eije v strede a na v\u00fdchode Pobre\u017eia Slonoviny. Baoul\u00e9 pri\u0161li z Ghany v prvej tretine 18. storo\u010dia. V Ghane sa nau\u010dili ovl\u00e1da\u0165, podobne ako Ashanti, nar\u00e1banie s kovom a na novom mieste sa museli nau\u010di\u0165 pr\u00e1cu s drevom od Goura. Kombin\u00e1cia ich star\u00fdch zru\u010dnost\u00ed s nov\u00fdm u\u010den\u00edm viedla k technicky vynikaj\u00facemu remeslu a vyv\u00e1\u017eenej estetike. Pr\u00edkladom s\u00fa masky Kpl\u00e9-kpl\u00e9: tv\u00e1r odkazuje na slnko a jeho l\u00fa\u010de s\u00fa zn\u00e1zornen\u00e9 ma\u013eovan\u00fdmi trojuholn\u00edkmi. Tieto masky sa pou\u017e\u00edvaj\u00fa pri obradoch t\u00fdkaj\u00facich sa po\u013enohospod\u00e1rstva, plodnosti a tie\u017e pri pohrebn\u00fdch obradoch. Baule nemaj\u00fa \u017eiadne inicia\u010dn\u00e9 obrady.<\/p>\n<p>V africkom umen\u00ed m\u00e1 zast\u00fapenie umenie Baule \u010destn\u00e9 miesto.&nbsp;<\/p>\n<p>S\u00fa\u010das\u0165ou masky je certifik\u00e1t pravosti.<\/p>\n<p>Rozmer: 34\u00d716\u00d715 cm<\/p>\n<p><span style=\"font-family: var(--font-base, 'Rubik', Trebuchet MS, Lucida Grande, Lucida Sans Unicode, Lucida Sans, Tahoma, sans-serif); font-size: 1em;\">Hmotnos\u0165: 1,25 kg<\/span><\/p>\n","protected":false},"excerpt":{"rendered":"<p>Etnick\u00e1 skupina Baule v s\u00fa\u010dasnosti \u017eije v strede a na v\u00fdchode Pobre\u017eia Slonoviny. Baoul\u00e9 pri\u0161li z Ghany v prvej tretine 18. storo\u010dia. V Ghane sa nau\u010dili ovl\u00e1da\u0165, podobne ako Ashanti, nar\u00e1banie s kovom a na novom mieste sa museli nau\u010di\u0165 pr\u00e1cu s drevom od Goura. Kombin\u00e1cia ich star\u00fdch zru\u010dnost\u00ed s nov\u00fdm u\u010den\u00edm viedla k technicky<a class=\"more-link\" href=\"https:\/\/barbados-shop.sk\/en\/produkt\/maska-baoule-starozitnosti-stare-historicke-afrika-antique\/\">Continue reading <span class=\"screen-reader-text\">&#8220;Maska Baule&#8221;<\/span><\/a><\/p>\n","protected":false},"featured_media":5120,"comment_status":"open","ping_status":"closed","template":"","meta":{"_crdt_document":"","ngg_post_thumbnail":0,"pgc_sgb_lightbox_settings":"","jetpack_publicize_message":"","jetpack_publicize_feature_enabled":true,"jetpack_social_post_already_shared":true,"jetpack_social_options":{"image_generator_settings":{"template":"highway","default_image_id":0,"font":"","enabled":false},"version":2},"_wpas_customize_per_network":false},"product_brand":[],"product_cat":[755562498],"product_tag":[],"class_list":{"0":"post-2989","1":"product","2":"type-product","3":"status-publish","4":"has-post-thumbnail","6":"product_cat-zberatelske-predmety","7":"entry","9":"first","10":"instock","11":"shipping-taxable","12":"purchasable","13":"product-type-simple"},"yoast_head":"<!-- This site is optimized with the Yoast SEO plugin v27.4 - https:\/\/yoast.com\/product\/yoast-seo-wordpress\/ -->\n<title>Maska Baule - Barbados shop<\/title>\n<meta name=\"description\" content=\"Etnick\u00e1 skupina Baule v s\u00fa\u010dasnosti \u017eije v strede a na v\u00fdchode Pobre\u017eia Slonoviny. Baule pri\u0161li z Ghany v prvej tretine 18. storo\u010dia. V Ghane sa nau\u010dili\" \/>\n<meta name=\"robots\" content=\"index, follow, max-snippet:-1, max-image-preview:large, max-video-preview:-1\" \/>\n<link rel=\"canonical\" href=\"https:\/\/barbados-shop.sk\/en\/produkt\/maska-baoule-starozitnosti-stare-historicke-afrika-antique\/\" \/>\n<meta property=\"og:locale\" content=\"en_US\" \/>\n<meta property=\"og:locale:alternate\" content=\"sk_SK\" \/>\n<meta property=\"og:type\" content=\"article\" \/>\n<meta property=\"og:title\" content=\"Maska Baule - Barbados shop\" \/>\n<meta property=\"og:description\" content=\"Etnick\u00e1 skupina Baule v s\u00fa\u010dasnosti \u017eije v strede a na v\u00fdchode Pobre\u017eia Slonoviny. Baule pri\u0161li z Ghany v prvej tretine 18. storo\u010dia. V Ghane sa nau\u010dili\" \/>\n<meta property=\"og:url\" content=\"https:\/\/barbados-shop.sk\/en\/produkt\/maska-baoule-starozitnosti-stare-historicke-afrika-antique\/\" \/>\n<meta property=\"og:site_name\" content=\"Barbados shop\" \/>\n<meta property=\"article:publisher\" content=\"https:\/\/www.facebook.com\/Barbadosexclusive\" \/>\n<meta property=\"article:modified_time\" content=\"2024-10-06T18:25:25+00:00\" \/>\n<meta property=\"og:image\" content=\"https:\/\/i0.wp.com\/barbados-shop.sk\/wp-content\/uploads\/2023\/09\/Photoroom-20241006_192039.png?fit=1536%2C2048&ssl=1\" \/>\n\t<meta property=\"og:image:width\" content=\"1536\" \/>\n\t<meta property=\"og:image:height\" content=\"2048\" \/>\n\t<meta property=\"og:image:type\" content=\"image\/png\" \/>\n<meta name=\"twitter:card\" content=\"summary_large_image\" \/>\n<meta name=\"twitter:label1\" content=\"Est. reading time\" \/>\n\t<meta name=\"twitter:data1\" content=\"1 minute\" \/>\n<script type=\"application\/ld+json\" class=\"yoast-schema-graph\">{\"@context\":\"https:\\\/\\\/schema.org\",\"@graph\":[{\"@type\":\"WebPage\",\"@id\":\"https:\\\/\\\/barbados-shop.sk\\\/produkt\\\/maska-baoule-starozitnosti-stare-historicke-afrika-antique\\\/\",\"url\":\"https:\\\/\\\/barbados-shop.sk\\\/produkt\\\/maska-baoule-starozitnosti-stare-historicke-afrika-antique\\\/\",\"name\":\"Maska Baule - Barbados shop\",\"isPartOf\":{\"@id\":\"https:\\\/\\\/barbados-shop.sk\\\/#website\"},\"primaryImageOfPage\":{\"@id\":\"https:\\\/\\\/barbados-shop.sk\\\/produkt\\\/maska-baoule-starozitnosti-stare-historicke-afrika-antique\\\/#primaryimage\"},\"image\":{\"@id\":\"https:\\\/\\\/barbados-shop.sk\\\/produkt\\\/maska-baoule-starozitnosti-stare-historicke-afrika-antique\\\/#primaryimage\"},\"thumbnailUrl\":\"https:\\\/\\\/i0.wp.com\\\/barbados-shop.sk\\\/wp-content\\\/uploads\\\/2023\\\/09\\\/Photoroom-20241006_192039.png?fit=1536%2C2048&ssl=1\",\"datePublished\":\"2023-09-06T18:02:26+00:00\",\"dateModified\":\"2024-10-06T18:25:25+00:00\",\"description\":\"Etnick\u00e1 skupina Baule v s\u00fa\u010dasnosti \u017eije v strede a na v\u00fdchode Pobre\u017eia Slonoviny. Baule pri\u0161li z Ghany v prvej tretine 18. storo\u010dia. V Ghane sa nau\u010dili\",\"breadcrumb\":{\"@id\":\"https:\\\/\\\/barbados-shop.sk\\\/produkt\\\/maska-baoule-starozitnosti-stare-historicke-afrika-antique\\\/#breadcrumb\"},\"inLanguage\":\"en-US\",\"potentialAction\":[{\"@type\":\"ReadAction\",\"target\":[\"https:\\\/\\\/barbados-shop.sk\\\/produkt\\\/maska-baoule-starozitnosti-stare-historicke-afrika-antique\\\/\"]}]},{\"@type\":\"ImageObject\",\"inLanguage\":\"en-US\",\"@id\":\"https:\\\/\\\/barbados-shop.sk\\\/produkt\\\/maska-baoule-starozitnosti-stare-historicke-afrika-antique\\\/#primaryimage\",\"url\":\"https:\\\/\\\/i0.wp.com\\\/barbados-shop.sk\\\/wp-content\\\/uploads\\\/2023\\\/09\\\/Photoroom-20241006_192039.png?fit=1536%2C2048&ssl=1\",\"contentUrl\":\"https:\\\/\\\/i0.wp.com\\\/barbados-shop.sk\\\/wp-content\\\/uploads\\\/2023\\\/09\\\/Photoroom-20241006_192039.png?fit=1536%2C2048&ssl=1\",\"width\":1536,\"height\":2048,\"caption\":\"africk\u00e1 maska baoule\"},{\"@type\":\"BreadcrumbList\",\"@id\":\"https:\\\/\\\/barbados-shop.sk\\\/produkt\\\/maska-baoule-starozitnosti-stare-historicke-afrika-antique\\\/#breadcrumb\",\"itemListElement\":[{\"@type\":\"ListItem\",\"position\":1,\"name\":\"Domovsk\u00e1 str\u00e1nka\",\"item\":\"https:\\\/\\\/barbados-shop.sk\\\/\"},{\"@type\":\"ListItem\",\"position\":2,\"name\":\"Obchod\",\"item\":\"https:\\\/\\\/barbados-shop.sk\\\/obchod\\\/\"},{\"@type\":\"ListItem\",\"position\":3,\"name\":\"Maska Baule\"}]},{\"@type\":\"WebSite\",\"@id\":\"https:\\\/\\\/barbados-shop.sk\\\/#website\",\"url\":\"https:\\\/\\\/barbados-shop.sk\\\/\",\"name\":\"Barbados shop\",\"description\":\"Predaj exkluz\u00edvnych zberate\u013esk\u00fdch predmetov\",\"publisher\":{\"@id\":\"https:\\\/\\\/barbados-shop.sk\\\/#organization\"},\"potentialAction\":[{\"@type\":\"SearchAction\",\"target\":{\"@type\":\"EntryPoint\",\"urlTemplate\":\"https:\\\/\\\/barbados-shop.sk\\\/?s={search_term_string}\"},\"query-input\":{\"@type\":\"PropertyValueSpecification\",\"valueRequired\":true,\"valueName\":\"search_term_string\"}}],\"inLanguage\":\"en-US\"},{\"@type\":\"Organization\",\"@id\":\"https:\\\/\\\/barbados-shop.sk\\\/#organization\",\"name\":\"Barbados shop\",\"url\":\"https:\\\/\\\/barbados-shop.sk\\\/\",\"logo\":{\"@type\":\"ImageObject\",\"inLanguage\":\"en-US\",\"@id\":\"https:\\\/\\\/barbados-shop.sk\\\/#\\\/schema\\\/logo\\\/image\\\/\",\"url\":\"https:\\\/\\\/i0.wp.com\\\/barbados-shop.sk\\\/wp-content\\\/uploads\\\/2022\\\/11\\\/cropped-cropped-299016379_113204254827248_2560417915586279216_n-1.jpg?fit=870%2C870&ssl=1\",\"contentUrl\":\"https:\\\/\\\/i0.wp.com\\\/barbados-shop.sk\\\/wp-content\\\/uploads\\\/2022\\\/11\\\/cropped-cropped-299016379_113204254827248_2560417915586279216_n-1.jpg?fit=870%2C870&ssl=1\",\"width\":870,\"height\":870,\"caption\":\"Barbados shop\"},\"image\":{\"@id\":\"https:\\\/\\\/barbados-shop.sk\\\/#\\\/schema\\\/logo\\\/image\\\/\"},\"sameAs\":[\"https:\\\/\\\/www.facebook.com\\\/Barbadosexclusive\"]}]}<\/script>\n<!-- \/ Yoast SEO plugin. -->","yoast_head_json":{"title":"Maska Baule - Barbados shop","description":"Etnick\u00e1 skupina Baule v s\u00fa\u010dasnosti \u017eije v strede a na v\u00fdchode Pobre\u017eia Slonoviny. Baule pri\u0161li z Ghany v prvej tretine 18. storo\u010dia. V Ghane sa nau\u010dili","robots":{"index":"index","follow":"follow","max-snippet":"max-snippet:-1","max-image-preview":"max-image-preview:large","max-video-preview":"max-video-preview:-1"},"canonical":"https:\/\/barbados-shop.sk\/en\/produkt\/maska-baoule-starozitnosti-stare-historicke-afrika-antique\/","og_locale":"en_US","og_type":"article","og_title":"Maska Baule - Barbados shop","og_description":"Etnick\u00e1 skupina Baule v s\u00fa\u010dasnosti \u017eije v strede a na v\u00fdchode Pobre\u017eia Slonoviny. Baule pri\u0161li z Ghany v prvej tretine 18. storo\u010dia. V Ghane sa nau\u010dili","og_url":"https:\/\/barbados-shop.sk\/en\/produkt\/maska-baoule-starozitnosti-stare-historicke-afrika-antique\/","og_site_name":"Barbados shop","article_publisher":"https:\/\/www.facebook.com\/Barbadosexclusive","article_modified_time":"2024-10-06T18:25:25+00:00","og_image":[{"width":1536,"height":2048,"url":"https:\/\/i0.wp.com\/barbados-shop.sk\/wp-content\/uploads\/2023\/09\/Photoroom-20241006_192039.png?fit=1536%2C2048&ssl=1","type":"image\/png"}],"twitter_card":"summary_large_image","twitter_misc":{"Est. reading time":"1 minute"},"schema":{"@context":"https:\/\/schema.org","@graph":[{"@type":"WebPage","@id":"https:\/\/barbados-shop.sk\/produkt\/maska-baoule-starozitnosti-stare-historicke-afrika-antique\/","url":"https:\/\/barbados-shop.sk\/produkt\/maska-baoule-starozitnosti-stare-historicke-afrika-antique\/","name":"Maska Baule - Barbados shop","isPartOf":{"@id":"https:\/\/barbados-shop.sk\/#website"},"primaryImageOfPage":{"@id":"https:\/\/barbados-shop.sk\/produkt\/maska-baoule-starozitnosti-stare-historicke-afrika-antique\/#primaryimage"},"image":{"@id":"https:\/\/barbados-shop.sk\/produkt\/maska-baoule-starozitnosti-stare-historicke-afrika-antique\/#primaryimage"},"thumbnailUrl":"https:\/\/i0.wp.com\/barbados-shop.sk\/wp-content\/uploads\/2023\/09\/Photoroom-20241006_192039.png?fit=1536%2C2048&ssl=1","datePublished":"2023-09-06T18:02:26+00:00","dateModified":"2024-10-06T18:25:25+00:00","description":"Etnick\u00e1 skupina Baule v s\u00fa\u010dasnosti \u017eije v strede a na v\u00fdchode Pobre\u017eia Slonoviny. Baule pri\u0161li z Ghany v prvej tretine 18. storo\u010dia. V Ghane sa nau\u010dili","breadcrumb":{"@id":"https:\/\/barbados-shop.sk\/produkt\/maska-baoule-starozitnosti-stare-historicke-afrika-antique\/#breadcrumb"},"inLanguage":"en-US","potentialAction":[{"@type":"ReadAction","target":["https:\/\/barbados-shop.sk\/produkt\/maska-baoule-starozitnosti-stare-historicke-afrika-antique\/"]}]},{"@type":"ImageObject","inLanguage":"en-US","@id":"https:\/\/barbados-shop.sk\/produkt\/maska-baoule-starozitnosti-stare-historicke-afrika-antique\/#primaryimage","url":"https:\/\/i0.wp.com\/barbados-shop.sk\/wp-content\/uploads\/2023\/09\/Photoroom-20241006_192039.png?fit=1536%2C2048&ssl=1","contentUrl":"https:\/\/i0.wp.com\/barbados-shop.sk\/wp-content\/uploads\/2023\/09\/Photoroom-20241006_192039.png?fit=1536%2C2048&ssl=1","width":1536,"height":2048,"caption":"africk\u00e1 maska baoule"},{"@type":"BreadcrumbList","@id":"https:\/\/barbados-shop.sk\/produkt\/maska-baoule-starozitnosti-stare-historicke-afrika-antique\/#breadcrumb","itemListElement":[{"@type":"ListItem","position":1,"name":"Domovsk\u00e1 str\u00e1nka","item":"https:\/\/barbados-shop.sk\/"},{"@type":"ListItem","position":2,"name":"Obchod","item":"https:\/\/barbados-shop.sk\/obchod\/"},{"@type":"ListItem","position":3,"name":"Maska Baule"}]},{"@type":"WebSite","@id":"https:\/\/barbados-shop.sk\/#website","url":"https:\/\/barbados-shop.sk\/","name":"Barbados shop","description":"Predaj exkluz\u00edvnych zberate\u013esk\u00fdch predmetov","publisher":{"@id":"https:\/\/barbados-shop.sk\/#organization"},"potentialAction":[{"@type":"SearchAction","target":{"@type":"EntryPoint","urlTemplate":"https:\/\/barbados-shop.sk\/?s={search_term_string}"},"query-input":{"@type":"PropertyValueSpecification","valueRequired":true,"valueName":"search_term_string"}}],"inLanguage":"en-US"},{"@type":"Organization","@id":"https:\/\/barbados-shop.sk\/#organization","name":"Barbados shop","url":"https:\/\/barbados-shop.sk\/","logo":{"@type":"ImageObject","inLanguage":"en-US","@id":"https:\/\/barbados-shop.sk\/#\/schema\/logo\/image\/","url":"https:\/\/i0.wp.com\/barbados-shop.sk\/wp-content\/uploads\/2022\/11\/cropped-cropped-299016379_113204254827248_2560417915586279216_n-1.jpg?fit=870%2C870&ssl=1","contentUrl":"https:\/\/i0.wp.com\/barbados-shop.sk\/wp-content\/uploads\/2022\/11\/cropped-cropped-299016379_113204254827248_2560417915586279216_n-1.jpg?fit=870%2C870&ssl=1","width":870,"height":870,"caption":"Barbados shop"},"image":{"@id":"https:\/\/barbados-shop.sk\/#\/schema\/logo\/image\/"},"sameAs":["https:\/\/www.facebook.com\/Barbadosexclusive"]}]}},"jetpack_publicize_connections":[],"jetpack_likes_enabled":true,"jetpack_sharing_enabled":true,"jetpack-related-posts":[],"_links":{"self":[{"href":"https:\/\/barbados-shop.sk\/en\/wp-json\/wp\/v2\/product\/2989","targetHints":{"allow":["GET"]}}],"collection":[{"href":"https:\/\/barbados-shop.sk\/en\/wp-json\/wp\/v2\/product"}],"about":[{"href":"https:\/\/barbados-shop.sk\/en\/wp-json\/wp\/v2\/types\/product"}],"replies":[{"embeddable":true,"href":"https:\/\/barbados-shop.sk\/en\/wp-json\/wp\/v2\/comments?post=2989"}],"wp:featuredmedia":[{"embeddable":true,"href":"https:\/\/barbados-shop.sk\/en\/wp-json\/wp\/v2\/media\/5120"}],"wp:attachment":[{"href":"https:\/\/barbados-shop.sk\/en\/wp-json\/wp\/v2\/media?parent=2989"}],"wp:term":[{"taxonomy":"product_brand","embeddable":true,"href":"https:\/\/barbados-shop.sk\/en\/wp-json\/wp\/v2\/product_brand?post=2989"},{"taxonomy":"product_cat","embeddable":true,"href":"https:\/\/barbados-shop.sk\/en\/wp-json\/wp\/v2\/product_cat?post=2989"},{"taxonomy":"product_tag","embeddable":true,"href":"https:\/\/barbados-shop.sk\/en\/wp-json\/wp\/v2\/product_tag?post=2989"}],"curies":[{"name":"wp","href":"https:\/\/api.w.org\/{rel}","templated":true}]}}