{"id":3019,"date":"2023-09-08T13:55:55","date_gmt":"2023-09-08T11:55:55","guid":{"rendered":"https:\/\/barbadosshop.wpcomstaging.com\/?post_type=product&#038;p=3019"},"modified":"2024-11-24T14:50:43","modified_gmt":"2024-11-24T13:50:43","slug":"plastova-krabicka-na-drahokamy","status":"publish","type":"product","link":"https:\/\/barbados-shop.sk\/en\/produkt\/plastova-krabicka-na-drahokamy\/","title":{"rendered":"Plastov\u00e1 krabi\u010dka na drahokamy"},"content":{"rendered":"<p>Plastov\u00e1 krabi\u010dka na drahokamy poskytuje bezpe\u010dn\u00e9 a elegantn\u00e9 rie\u0161enie na uskladnenie a prezent\u00e1ciu va\u0161ich drahokamov. S\u00fa \u013eahk\u00e9, odoln\u00e9 a dostupn\u00e9 v r\u00f4znych ve\u013ekostiach a dizajnoch, ktor\u00e9 zv\u00fdraznia kr\u00e1su ka\u017ed\u00e9ho k\u00faska. Ide\u00e1lne na cestovanie alebo vystavenie v obchode.<\/p>\n<p><span style=\"font-family: var(--font-base, 'Rubik', Trebuchet MS, Lucida Grande, Lucida Sans Unicode, Lucida Sans, Tahoma, sans-serif);\">Rozmer: 3&#215;3,5 cm<\/span><\/p>\n","protected":false},"excerpt":{"rendered":"<p>Plastov\u00e1 krabi\u010dka na drahokamy poskytuje bezpe\u010dn\u00e9 a elegantn\u00e9 rie\u0161enie na uskladnenie a prezent\u00e1ciu va\u0161ich drahokamov. S\u00fa \u013eahk\u00e9, odoln\u00e9 a dostupn\u00e9 v r\u00f4znych ve\u013ekostiach a dizajnoch, ktor\u00e9 zv\u00fdraznia kr\u00e1su ka\u017ed\u00e9ho k\u00faska. Ide\u00e1lne na cestovanie alebo vystavenie v obchode. Rozmer: 3&#215;3,5 cm<\/p>\n","protected":false},"featured_media":5416,"comment_status":"open","ping_status":"closed","template":"","meta":{"_crdt_document":"","ngg_post_thumbnail":0,"pgc_sgb_lightbox_settings":"","jetpack_post_was_ever_published":false,"jetpack_publicize_message":"","jetpack_publicize_feature_enabled":true,"jetpack_social_post_already_shared":true,"jetpack_social_options":{"image_generator_settings":{"template":"highway","default_image_id":0,"font":"","enabled":false},"version":2},"_wpas_customize_per_network":false},"product_brand":[],"product_cat":[755562553],"product_tag":[],"class_list":{"0":"post-3019","1":"product","2":"type-product","3":"status-publish","4":"has-post-thumbnail","6":"product_cat-obalovy-material-a-ine","7":"entry","9":"first","10":"instock","11":"shipping-taxable","12":"purchasable","13":"product-type-simple"},"yoast_head":"<!-- This site is optimized with the Yoast SEO plugin v27.3 - https:\/\/yoast.com\/product\/yoast-seo-wordpress\/ -->\n<title>Plastov\u00e1 krabi\u010dka na drahokamy<\/title>\n<meta name=\"description\" content=\"Plastov\u00e1 krabi\u010dka na drahokamy poskytuje bezpe\u010dn\u00e9 a elegantn\u00e9 rie\u0161enie na uskladnenie a prezent\u00e1ciu va\u0161ich drahokamov. S\u00fa \u013eahk\u00e9, odoln\u00e9 a dostupn\u00e9\" \/>\n<meta name=\"robots\" content=\"index, follow, max-snippet:-1, max-image-preview:large, max-video-preview:-1\" \/>\n<link rel=\"canonical\" href=\"https:\/\/barbados-shop.sk\/en\/produkt\/plastova-krabicka-na-drahokamy\/\" \/>\n<meta property=\"og:locale\" content=\"en_US\" \/>\n<meta property=\"og:locale:alternate\" content=\"sk_SK\" \/>\n<meta property=\"og:type\" content=\"article\" \/>\n<meta property=\"og:title\" content=\"Plastov\u00e1 krabi\u010dka na drahokamy\" \/>\n<meta property=\"og:description\" content=\"Plastov\u00e1 krabi\u010dka na drahokamy poskytuje bezpe\u010dn\u00e9 a elegantn\u00e9 rie\u0161enie na uskladnenie a prezent\u00e1ciu va\u0161ich drahokamov. S\u00fa \u013eahk\u00e9, odoln\u00e9 a dostupn\u00e9\" \/>\n<meta property=\"og:url\" content=\"https:\/\/barbados-shop.sk\/en\/produkt\/plastova-krabicka-na-drahokamy\/\" \/>\n<meta property=\"og:site_name\" content=\"Barbados shop\" \/>\n<meta property=\"article:publisher\" content=\"https:\/\/www.facebook.com\/Barbadosexclusive\" \/>\n<meta property=\"article:modified_time\" content=\"2024-11-24T13:50:43+00:00\" \/>\n<meta property=\"og:image\" content=\"https:\/\/i0.wp.com\/barbados-shop.sk\/wp-content\/uploads\/2023\/09\/Photoroom-20241124_144046_1.png?fit=1500%2C2000&ssl=1\" \/>\n\t<meta property=\"og:image:width\" content=\"1500\" \/>\n\t<meta property=\"og:image:height\" content=\"2000\" \/>\n\t<meta property=\"og:image:type\" content=\"image\/png\" \/>\n<meta name=\"twitter:card\" content=\"summary_large_image\" \/>\n<meta name=\"twitter:label1\" content=\"Est. reading time\" \/>\n\t<meta name=\"twitter:data1\" content=\"1 minute\" \/>\n<script type=\"application\/ld+json\" class=\"yoast-schema-graph\">{\"@context\":\"https:\\\/\\\/schema.org\",\"@graph\":[{\"@type\":\"WebPage\",\"@id\":\"https:\\\/\\\/barbados-shop.sk\\\/produkt\\\/plastova-krabicka-na-drahokamy\\\/\",\"url\":\"https:\\\/\\\/barbados-shop.sk\\\/produkt\\\/plastova-krabicka-na-drahokamy\\\/\",\"name\":\"Plastov\u00e1 krabi\u010dka na drahokamy\",\"isPartOf\":{\"@id\":\"https:\\\/\\\/barbados-shop.sk\\\/#website\"},\"primaryImageOfPage\":{\"@id\":\"https:\\\/\\\/barbados-shop.sk\\\/produkt\\\/plastova-krabicka-na-drahokamy\\\/#primaryimage\"},\"image\":{\"@id\":\"https:\\\/\\\/barbados-shop.sk\\\/produkt\\\/plastova-krabicka-na-drahokamy\\\/#primaryimage\"},\"thumbnailUrl\":\"https:\\\/\\\/i0.wp.com\\\/barbados-shop.sk\\\/wp-content\\\/uploads\\\/2023\\\/09\\\/Photoroom-20241124_144046_1.png?fit=1500%2C2000&ssl=1\",\"datePublished\":\"2023-09-08T11:55:55+00:00\",\"dateModified\":\"2024-11-24T13:50:43+00:00\",\"description\":\"Plastov\u00e1 krabi\u010dka na drahokamy poskytuje bezpe\u010dn\u00e9 a elegantn\u00e9 rie\u0161enie na uskladnenie a prezent\u00e1ciu va\u0161ich drahokamov. S\u00fa \u013eahk\u00e9, odoln\u00e9 a dostupn\u00e9\",\"breadcrumb\":{\"@id\":\"https:\\\/\\\/barbados-shop.sk\\\/produkt\\\/plastova-krabicka-na-drahokamy\\\/#breadcrumb\"},\"inLanguage\":\"en-US\",\"potentialAction\":[{\"@type\":\"ReadAction\",\"target\":[\"https:\\\/\\\/barbados-shop.sk\\\/produkt\\\/plastova-krabicka-na-drahokamy\\\/\"]}]},{\"@type\":\"ImageObject\",\"inLanguage\":\"en-US\",\"@id\":\"https:\\\/\\\/barbados-shop.sk\\\/produkt\\\/plastova-krabicka-na-drahokamy\\\/#primaryimage\",\"url\":\"https:\\\/\\\/i0.wp.com\\\/barbados-shop.sk\\\/wp-content\\\/uploads\\\/2023\\\/09\\\/Photoroom-20241124_144046_1.png?fit=1500%2C2000&ssl=1\",\"contentUrl\":\"https:\\\/\\\/i0.wp.com\\\/barbados-shop.sk\\\/wp-content\\\/uploads\\\/2023\\\/09\\\/Photoroom-20241124_144046_1.png?fit=1500%2C2000&ssl=1\",\"width\":1500,\"height\":2000},{\"@type\":\"BreadcrumbList\",\"@id\":\"https:\\\/\\\/barbados-shop.sk\\\/produkt\\\/plastova-krabicka-na-drahokamy\\\/#breadcrumb\",\"itemListElement\":[{\"@type\":\"ListItem\",\"position\":1,\"name\":\"Domovsk\u00e1 str\u00e1nka\",\"item\":\"https:\\\/\\\/barbados-shop.sk\\\/\"},{\"@type\":\"ListItem\",\"position\":2,\"name\":\"Obchod\",\"item\":\"https:\\\/\\\/barbados-shop.sk\\\/obchod\\\/\"},{\"@type\":\"ListItem\",\"position\":3,\"name\":\"Plastov\u00e1 krabi\u010dka na drahokamy\"}]},{\"@type\":\"WebSite\",\"@id\":\"https:\\\/\\\/barbados-shop.sk\\\/#website\",\"url\":\"https:\\\/\\\/barbados-shop.sk\\\/\",\"name\":\"Barbados shop\",\"description\":\"Predaj exkluz\u00edvnych zberate\u013esk\u00fdch predmetov\",\"publisher\":{\"@id\":\"https:\\\/\\\/barbados-shop.sk\\\/#organization\"},\"potentialAction\":[{\"@type\":\"SearchAction\",\"target\":{\"@type\":\"EntryPoint\",\"urlTemplate\":\"https:\\\/\\\/barbados-shop.sk\\\/?s={search_term_string}\"},\"query-input\":{\"@type\":\"PropertyValueSpecification\",\"valueRequired\":true,\"valueName\":\"search_term_string\"}}],\"inLanguage\":\"en-US\"},{\"@type\":\"Organization\",\"@id\":\"https:\\\/\\\/barbados-shop.sk\\\/#organization\",\"name\":\"Barbados shop\",\"url\":\"https:\\\/\\\/barbados-shop.sk\\\/\",\"logo\":{\"@type\":\"ImageObject\",\"inLanguage\":\"en-US\",\"@id\":\"https:\\\/\\\/barbados-shop.sk\\\/#\\\/schema\\\/logo\\\/image\\\/\",\"url\":\"https:\\\/\\\/i0.wp.com\\\/barbados-shop.sk\\\/wp-content\\\/uploads\\\/2022\\\/11\\\/cropped-cropped-299016379_113204254827248_2560417915586279216_n-1.jpg?fit=870%2C870&ssl=1\",\"contentUrl\":\"https:\\\/\\\/i0.wp.com\\\/barbados-shop.sk\\\/wp-content\\\/uploads\\\/2022\\\/11\\\/cropped-cropped-299016379_113204254827248_2560417915586279216_n-1.jpg?fit=870%2C870&ssl=1\",\"width\":870,\"height\":870,\"caption\":\"Barbados shop\"},\"image\":{\"@id\":\"https:\\\/\\\/barbados-shop.sk\\\/#\\\/schema\\\/logo\\\/image\\\/\"},\"sameAs\":[\"https:\\\/\\\/www.facebook.com\\\/Barbadosexclusive\"]}]}<\/script>\n<!-- \/ Yoast SEO plugin. -->","yoast_head_json":{"title":"Plastov\u00e1 krabi\u010dka na drahokamy","description":"Plastov\u00e1 krabi\u010dka na drahokamy poskytuje bezpe\u010dn\u00e9 a elegantn\u00e9 rie\u0161enie na uskladnenie a prezent\u00e1ciu va\u0161ich drahokamov. S\u00fa \u013eahk\u00e9, odoln\u00e9 a dostupn\u00e9","robots":{"index":"index","follow":"follow","max-snippet":"max-snippet:-1","max-image-preview":"max-image-preview:large","max-video-preview":"max-video-preview:-1"},"canonical":"https:\/\/barbados-shop.sk\/en\/produkt\/plastova-krabicka-na-drahokamy\/","og_locale":"en_US","og_type":"article","og_title":"[:sk]Plastov\u00e1 krabi\u010dka na drahokamy[:] - Barbados shop","og_description":"Plastov\u00e1 krabi\u010dka na drahokamy poskytuje bezpe\u010dn\u00e9 a elegantn\u00e9 rie\u0161enie na uskladnenie a prezent\u00e1ciu va\u0161ich drahokamov. S\u00fa \u013eahk\u00e9, odoln\u00e9 a dostupn\u00e9","og_url":"https:\/\/barbados-shop.sk\/en\/produkt\/plastova-krabicka-na-drahokamy\/","og_site_name":"Barbados shop","article_publisher":"https:\/\/www.facebook.com\/Barbadosexclusive","article_modified_time":"2024-11-24T13:50:43+00:00","og_image":[{"width":1500,"height":2000,"url":"https:\/\/i0.wp.com\/barbados-shop.sk\/wp-content\/uploads\/2023\/09\/Photoroom-20241124_144046_1.png?fit=1500%2C2000&ssl=1","type":"image\/png"}],"twitter_card":"summary_large_image","twitter_misc":{"Est. reading time":"1 minute"},"schema":{"@context":"https:\/\/schema.org","@graph":[{"@type":"WebPage","@id":"https:\/\/barbados-shop.sk\/produkt\/plastova-krabicka-na-drahokamy\/","url":"https:\/\/barbados-shop.sk\/produkt\/plastova-krabicka-na-drahokamy\/","name":"Plastov\u00e1 krabi\u010dka na drahokamy","isPartOf":{"@id":"https:\/\/barbados-shop.sk\/#website"},"primaryImageOfPage":{"@id":"https:\/\/barbados-shop.sk\/produkt\/plastova-krabicka-na-drahokamy\/#primaryimage"},"image":{"@id":"https:\/\/barbados-shop.sk\/produkt\/plastova-krabicka-na-drahokamy\/#primaryimage"},"thumbnailUrl":"https:\/\/i0.wp.com\/barbados-shop.sk\/wp-content\/uploads\/2023\/09\/Photoroom-20241124_144046_1.png?fit=1500%2C2000&ssl=1","datePublished":"2023-09-08T11:55:55+00:00","dateModified":"2024-11-24T13:50:43+00:00","description":"Plastov\u00e1 krabi\u010dka na drahokamy poskytuje bezpe\u010dn\u00e9 a elegantn\u00e9 rie\u0161enie na uskladnenie a prezent\u00e1ciu va\u0161ich drahokamov. S\u00fa \u013eahk\u00e9, odoln\u00e9 a dostupn\u00e9","breadcrumb":{"@id":"https:\/\/barbados-shop.sk\/produkt\/plastova-krabicka-na-drahokamy\/#breadcrumb"},"inLanguage":"en-US","potentialAction":[{"@type":"ReadAction","target":["https:\/\/barbados-shop.sk\/produkt\/plastova-krabicka-na-drahokamy\/"]}]},{"@type":"ImageObject","inLanguage":"en-US","@id":"https:\/\/barbados-shop.sk\/produkt\/plastova-krabicka-na-drahokamy\/#primaryimage","url":"https:\/\/i0.wp.com\/barbados-shop.sk\/wp-content\/uploads\/2023\/09\/Photoroom-20241124_144046_1.png?fit=1500%2C2000&ssl=1","contentUrl":"https:\/\/i0.wp.com\/barbados-shop.sk\/wp-content\/uploads\/2023\/09\/Photoroom-20241124_144046_1.png?fit=1500%2C2000&ssl=1","width":1500,"height":2000},{"@type":"BreadcrumbList","@id":"https:\/\/barbados-shop.sk\/produkt\/plastova-krabicka-na-drahokamy\/#breadcrumb","itemListElement":[{"@type":"ListItem","position":1,"name":"Domovsk\u00e1 str\u00e1nka","item":"https:\/\/barbados-shop.sk\/"},{"@type":"ListItem","position":2,"name":"Obchod","item":"https:\/\/barbados-shop.sk\/obchod\/"},{"@type":"ListItem","position":3,"name":"Plastov\u00e1 krabi\u010dka na drahokamy"}]},{"@type":"WebSite","@id":"https:\/\/barbados-shop.sk\/#website","url":"https:\/\/barbados-shop.sk\/","name":"Barbados shop","description":"Predaj exkluz\u00edvnych zberate\u013esk\u00fdch predmetov","publisher":{"@id":"https:\/\/barbados-shop.sk\/#organization"},"potentialAction":[{"@type":"SearchAction","target":{"@type":"EntryPoint","urlTemplate":"https:\/\/barbados-shop.sk\/?s={search_term_string}"},"query-input":{"@type":"PropertyValueSpecification","valueRequired":true,"valueName":"search_term_string"}}],"inLanguage":"en-US"},{"@type":"Organization","@id":"https:\/\/barbados-shop.sk\/#organization","name":"Barbados shop","url":"https:\/\/barbados-shop.sk\/","logo":{"@type":"ImageObject","inLanguage":"en-US","@id":"https:\/\/barbados-shop.sk\/#\/schema\/logo\/image\/","url":"https:\/\/i0.wp.com\/barbados-shop.sk\/wp-content\/uploads\/2022\/11\/cropped-cropped-299016379_113204254827248_2560417915586279216_n-1.jpg?fit=870%2C870&ssl=1","contentUrl":"https:\/\/i0.wp.com\/barbados-shop.sk\/wp-content\/uploads\/2022\/11\/cropped-cropped-299016379_113204254827248_2560417915586279216_n-1.jpg?fit=870%2C870&ssl=1","width":870,"height":870,"caption":"Barbados shop"},"image":{"@id":"https:\/\/barbados-shop.sk\/#\/schema\/logo\/image\/"},"sameAs":["https:\/\/www.facebook.com\/Barbadosexclusive"]}]}},"jetpack_publicize_connections":[],"jetpack_likes_enabled":true,"jetpack_sharing_enabled":true,"jetpack-related-posts":[],"_links":{"self":[{"href":"https:\/\/barbados-shop.sk\/en\/wp-json\/wp\/v2\/product\/3019","targetHints":{"allow":["GET"]}}],"collection":[{"href":"https:\/\/barbados-shop.sk\/en\/wp-json\/wp\/v2\/product"}],"about":[{"href":"https:\/\/barbados-shop.sk\/en\/wp-json\/wp\/v2\/types\/product"}],"replies":[{"embeddable":true,"href":"https:\/\/barbados-shop.sk\/en\/wp-json\/wp\/v2\/comments?post=3019"}],"wp:featuredmedia":[{"embeddable":true,"href":"https:\/\/barbados-shop.sk\/en\/wp-json\/wp\/v2\/media\/5416"}],"wp:attachment":[{"href":"https:\/\/barbados-shop.sk\/en\/wp-json\/wp\/v2\/media?parent=3019"}],"wp:term":[{"taxonomy":"product_brand","embeddable":true,"href":"https:\/\/barbados-shop.sk\/en\/wp-json\/wp\/v2\/product_brand?post=3019"},{"taxonomy":"product_cat","embeddable":true,"href":"https:\/\/barbados-shop.sk\/en\/wp-json\/wp\/v2\/product_cat?post=3019"},{"taxonomy":"product_tag","embeddable":true,"href":"https:\/\/barbados-shop.sk\/en\/wp-json\/wp\/v2\/product_tag?post=3019"}],"curies":[{"name":"wp","href":"https:\/\/api.w.org\/{rel}","templated":true}]}}