{"id":3255,"date":"2023-10-11T21:34:50","date_gmt":"2023-10-11T19:34:50","guid":{"rendered":"https:\/\/barbadosshop.wpcomstaging.com\/?post_type=product&#038;p=3255"},"modified":"2023-12-25T21:32:31","modified_gmt":"2023-12-25T20:32:31","slug":"turmalindiamantsmaragd-rubin-zafir-13","status":"publish","type":"product","link":"https:\/\/barbados-shop.sk\/en\/produkt\/turmalindiamantsmaragd-rubin-zafir-13\/","title":{"rendered":"\u010cierny Turmal\u00edn"},"content":{"rendered":"<p>Pr\u00edrodn\u00fd kry\u0161t\u00e1l \u010dierneho turmal\u00ednu<\/p>\n<p>Trdos\u0165: 7 &#8211; 7,5<\/p>\n<p>Farba: \u010cierna<\/p>\n<p>v\u00e1ha: 19,5 g<\/p>\n<p>Parametre: 3,5 cm&nbsp;<\/p>\n<p>P\u00f4vod: Braz\u00edlia&nbsp;<\/p>\n<p>\u010cierny turmal\u00edn patr\u00ed k naj\u00fa\u010dinnej\u0161\u00edm ochrann\u00fdm kame\u0148om. Mierni stres, zlep\u0161uje sp\u00e1nok, chr\u00e1ni n\u00e1s pred negat\u00edvnymi vplyvmi a pred elektromagnetick\u00fdm \u017eiaren\u00edm. Prin\u00e1\u0161a \u00fa\u013eavu od bolesti, pom\u00e1ha pri artrit\u00edde a dyslexii, priaznivo vpl\u00fdva na nervov\u00fd syst\u00e9m. Pom\u00e1ha n\u00e1m zbavova\u0165 sa hnevu, \u017eiarlivosti a \u00fazkostlivosti.<\/p>\n<p>&nbsp;<\/p>\n","protected":false},"excerpt":{"rendered":"<p>Pr\u00edrodn\u00fd kry\u0161t\u00e1l \u010dierneho turmal\u00ednu Trdos\u0165: 7 &#8211; 7,5 Farba: \u010cierna v\u00e1ha: 19,5 g Parametre: 3,5 cm&nbsp; P\u00f4vod: Braz\u00edlia&nbsp; \u010cierny turmal\u00edn patr\u00ed k naj\u00fa\u010dinnej\u0161\u00edm ochrann\u00fdm kame\u0148om. Mierni stres, zlep\u0161uje sp\u00e1nok, chr\u00e1ni n\u00e1s pred negat\u00edvnymi vplyvmi a pred elektromagnetick\u00fdm \u017eiaren\u00edm. Prin\u00e1\u0161a \u00fa\u013eavu od bolesti, pom\u00e1ha pri artrit\u00edde a dyslexii, priaznivo vpl\u00fdva na nervov\u00fd syst\u00e9m. Pom\u00e1ha n\u00e1m zbavova\u0165<a class=\"more-link\" href=\"https:\/\/barbados-shop.sk\/en\/produkt\/turmalindiamantsmaragd-rubin-zafir-13\/\">Continue reading <span class=\"screen-reader-text\">&#8220;\u010cierny Turmal\u00edn&#8221;<\/span><\/a><\/p>\n","protected":false},"featured_media":3256,"comment_status":"open","ping_status":"closed","template":"","meta":{"_crdt_document":"","ngg_post_thumbnail":0,"pgc_sgb_lightbox_settings":"","jetpack_post_was_ever_published":false,"jetpack_publicize_message":"","jetpack_publicize_feature_enabled":true,"jetpack_social_post_already_shared":true,"jetpack_social_options":{"image_generator_settings":{"template":"highway","default_image_id":0,"font":"","enabled":false},"version":2},"_wpas_customize_per_network":false},"product_brand":[],"product_cat":[755562554],"product_tag":[],"class_list":{"0":"post-3255","1":"product","2":"type-product","3":"status-publish","4":"has-post-thumbnail","6":"product_cat-neopracovane-mineraly-drahokamy","7":"entry","9":"first","10":"instock","11":"shipping-taxable","12":"purchasable","13":"product-type-simple"},"yoast_head":"<!-- This site is optimized with the Yoast SEO plugin v27.3 - https:\/\/yoast.com\/product\/yoast-seo-wordpress\/ -->\n<title>\u010cierny Turmal\u00edn - Barbados shop<\/title>\n<meta name=\"description\" content=\"Pr\u00edrodn\u00fd kry\u0161t\u00e1l \u010dierneho turmal\u00ednuTrdos\u0165: 7 - 7,5Farba: \u010ciernav\u00e1ha: 19,5 gParametre: 3,5cm\u00a0P\u00f4vod: Braz\u00edlia\u00a0\u010cierny turmal\u00edn patr\u00ed k naj\u00fa\u010dinnej\u0161\u00edm ochrann\u00fdm kame\u0148om. Mierni stres, zlep\u0161uje sp\u00e1nok, chr\u00e1ni n\u00e1s pred negat\u00edvnymi vplyvmi a pred elektromagnetick\u00fdm \u017eiaren\u00edm. Prin\u00e1\u0161a \u00fa\u013eavu od bolesti, pom\u00e1ha pri artrit\u00edde a dyslexii, priaznivo vpl\u00fdva na nervov\u00fd syst\u00e9m. Pom\u00e1ha n\u00e1m zbavova\u0165 sa hnevu, \u017eiarlivosti a \u00fazkostlivosti.O\u010dista: pod pr\u00fadom vla\u017enej vody, nab\u00edjanie na priamom slnku\" \/>\n<meta name=\"robots\" content=\"index, follow, max-snippet:-1, max-image-preview:large, max-video-preview:-1\" \/>\n<link rel=\"canonical\" href=\"https:\/\/barbados-shop.sk\/en\/produkt\/turmalindiamantsmaragd-rubin-zafir-13\/\" \/>\n<meta property=\"og:locale\" content=\"en_US\" \/>\n<meta property=\"og:locale:alternate\" content=\"sk_SK\" \/>\n<meta property=\"og:type\" content=\"article\" \/>\n<meta property=\"og:title\" content=\"\u010cierny Turmal\u00edn - Barbados shop\" \/>\n<meta property=\"og:description\" content=\"Pr\u00edrodn\u00fd kry\u0161t\u00e1l \u010dierneho turmal\u00ednuTrdos\u0165: 7 - 7,5Farba: \u010ciernav\u00e1ha: 19,5 gParametre: 3,5cm\u00a0P\u00f4vod: Braz\u00edlia\u00a0\u010cierny turmal\u00edn patr\u00ed k naj\u00fa\u010dinnej\u0161\u00edm ochrann\u00fdm kame\u0148om. Mierni stres, zlep\u0161uje sp\u00e1nok, chr\u00e1ni n\u00e1s pred negat\u00edvnymi vplyvmi a pred elektromagnetick\u00fdm \u017eiaren\u00edm. Prin\u00e1\u0161a \u00fa\u013eavu od bolesti, pom\u00e1ha pri artrit\u00edde a dyslexii, priaznivo vpl\u00fdva na nervov\u00fd syst\u00e9m. Pom\u00e1ha n\u00e1m zbavova\u0165 sa hnevu, \u017eiarlivosti a \u00fazkostlivosti.O\u010dista: pod pr\u00fadom vla\u017enej vody, nab\u00edjanie na priamom slnku\" \/>\n<meta property=\"og:url\" content=\"https:\/\/barbados-shop.sk\/en\/produkt\/turmalindiamantsmaragd-rubin-zafir-13\/\" \/>\n<meta property=\"og:site_name\" content=\"Barbados shop\" \/>\n<meta property=\"article:publisher\" content=\"https:\/\/www.facebook.com\/Barbadosexclusive\" \/>\n<meta property=\"article:modified_time\" content=\"2023-12-25T20:32:31+00:00\" \/>\n<meta property=\"og:image\" content=\"https:\/\/barbados-shop.sk\/wp-content\/uploads\/2023\/10\/IMG_20231002_132531-1024x768.jpg\" \/>\n\t<meta property=\"og:image:width\" content=\"1024\" \/>\n\t<meta property=\"og:image:height\" content=\"768\" \/>\n\t<meta property=\"og:image:type\" content=\"image\/jpeg\" \/>\n<meta name=\"twitter:card\" content=\"summary_large_image\" \/>\n<meta name=\"twitter:label1\" content=\"Est. reading time\" \/>\n\t<meta name=\"twitter:data1\" content=\"1 minute\" \/>\n<script type=\"application\/ld+json\" class=\"yoast-schema-graph\">{\"@context\":\"https:\\\/\\\/schema.org\",\"@graph\":[{\"@type\":\"WebPage\",\"@id\":\"https:\\\/\\\/barbados-shop.sk\\\/produkt\\\/turmalindiamantsmaragd-rubin-zafir-13\\\/\",\"url\":\"https:\\\/\\\/barbados-shop.sk\\\/produkt\\\/turmalindiamantsmaragd-rubin-zafir-13\\\/\",\"name\":\"\u010cierny Turmal\u00edn - Barbados shop\",\"isPartOf\":{\"@id\":\"https:\\\/\\\/barbados-shop.sk\\\/#website\"},\"primaryImageOfPage\":{\"@id\":\"https:\\\/\\\/barbados-shop.sk\\\/produkt\\\/turmalindiamantsmaragd-rubin-zafir-13\\\/#primaryimage\"},\"image\":{\"@id\":\"https:\\\/\\\/barbados-shop.sk\\\/produkt\\\/turmalindiamantsmaragd-rubin-zafir-13\\\/#primaryimage\"},\"thumbnailUrl\":\"https:\\\/\\\/i0.wp.com\\\/barbados-shop.sk\\\/wp-content\\\/uploads\\\/2023\\\/10\\\/IMG_20231002_132531.jpg?fit=4096%2C3072&ssl=1\",\"datePublished\":\"2023-10-11T19:34:50+00:00\",\"dateModified\":\"2023-12-25T20:32:31+00:00\",\"description\":\"Pr\u00edrodn\u00fd kry\u0161t\u00e1l \u010dierneho turmal\u00ednuTrdos\u0165: 7 - 7,5Farba: \u010ciernav\u00e1ha: 19,5 gParametre: 3,5cm\u00a0P\u00f4vod: Braz\u00edlia\u00a0\u010cierny turmal\u00edn patr\u00ed k naj\u00fa\u010dinnej\u0161\u00edm ochrann\u00fdm kame\u0148om. Mierni stres, zlep\u0161uje sp\u00e1nok, chr\u00e1ni n\u00e1s pred negat\u00edvnymi vplyvmi a pred elektromagnetick\u00fdm \u017eiaren\u00edm. Prin\u00e1\u0161a \u00fa\u013eavu od bolesti, pom\u00e1ha pri artrit\u00edde a dyslexii, priaznivo vpl\u00fdva na nervov\u00fd syst\u00e9m. Pom\u00e1ha n\u00e1m zbavova\u0165 sa hnevu, \u017eiarlivosti a \u00fazkostlivosti.O\u010dista: pod pr\u00fadom vla\u017enej vody, nab\u00edjanie na priamom slnku\",\"breadcrumb\":{\"@id\":\"https:\\\/\\\/barbados-shop.sk\\\/produkt\\\/turmalindiamantsmaragd-rubin-zafir-13\\\/#breadcrumb\"},\"inLanguage\":\"en-US\",\"potentialAction\":[{\"@type\":\"ReadAction\",\"target\":[\"https:\\\/\\\/barbados-shop.sk\\\/produkt\\\/turmalindiamantsmaragd-rubin-zafir-13\\\/\"]}]},{\"@type\":\"ImageObject\",\"inLanguage\":\"en-US\",\"@id\":\"https:\\\/\\\/barbados-shop.sk\\\/produkt\\\/turmalindiamantsmaragd-rubin-zafir-13\\\/#primaryimage\",\"url\":\"https:\\\/\\\/i0.wp.com\\\/barbados-shop.sk\\\/wp-content\\\/uploads\\\/2023\\\/10\\\/IMG_20231002_132531.jpg?fit=4096%2C3072&ssl=1\",\"contentUrl\":\"https:\\\/\\\/i0.wp.com\\\/barbados-shop.sk\\\/wp-content\\\/uploads\\\/2023\\\/10\\\/IMG_20231002_132531.jpg?fit=4096%2C3072&ssl=1\",\"width\":4096,\"height\":3072},{\"@type\":\"BreadcrumbList\",\"@id\":\"https:\\\/\\\/barbados-shop.sk\\\/produkt\\\/turmalindiamantsmaragd-rubin-zafir-13\\\/#breadcrumb\",\"itemListElement\":[{\"@type\":\"ListItem\",\"position\":1,\"name\":\"Domovsk\u00e1 str\u00e1nka\",\"item\":\"https:\\\/\\\/barbados-shop.sk\\\/\"},{\"@type\":\"ListItem\",\"position\":2,\"name\":\"Obchod\",\"item\":\"https:\\\/\\\/barbados-shop.sk\\\/obchod\\\/\"},{\"@type\":\"ListItem\",\"position\":3,\"name\":\"\u010cierny Turmal\u00edn\"}]},{\"@type\":\"WebSite\",\"@id\":\"https:\\\/\\\/barbados-shop.sk\\\/#website\",\"url\":\"https:\\\/\\\/barbados-shop.sk\\\/\",\"name\":\"Barbados shop\",\"description\":\"Predaj exkluz\u00edvnych zberate\u013esk\u00fdch predmetov\",\"publisher\":{\"@id\":\"https:\\\/\\\/barbados-shop.sk\\\/#organization\"},\"potentialAction\":[{\"@type\":\"SearchAction\",\"target\":{\"@type\":\"EntryPoint\",\"urlTemplate\":\"https:\\\/\\\/barbados-shop.sk\\\/?s={search_term_string}\"},\"query-input\":{\"@type\":\"PropertyValueSpecification\",\"valueRequired\":true,\"valueName\":\"search_term_string\"}}],\"inLanguage\":\"en-US\"},{\"@type\":\"Organization\",\"@id\":\"https:\\\/\\\/barbados-shop.sk\\\/#organization\",\"name\":\"Barbados shop\",\"url\":\"https:\\\/\\\/barbados-shop.sk\\\/\",\"logo\":{\"@type\":\"ImageObject\",\"inLanguage\":\"en-US\",\"@id\":\"https:\\\/\\\/barbados-shop.sk\\\/#\\\/schema\\\/logo\\\/image\\\/\",\"url\":\"https:\\\/\\\/i0.wp.com\\\/barbados-shop.sk\\\/wp-content\\\/uploads\\\/2022\\\/11\\\/cropped-cropped-299016379_113204254827248_2560417915586279216_n-1.jpg?fit=870%2C870&ssl=1\",\"contentUrl\":\"https:\\\/\\\/i0.wp.com\\\/barbados-shop.sk\\\/wp-content\\\/uploads\\\/2022\\\/11\\\/cropped-cropped-299016379_113204254827248_2560417915586279216_n-1.jpg?fit=870%2C870&ssl=1\",\"width\":870,\"height\":870,\"caption\":\"Barbados shop\"},\"image\":{\"@id\":\"https:\\\/\\\/barbados-shop.sk\\\/#\\\/schema\\\/logo\\\/image\\\/\"},\"sameAs\":[\"https:\\\/\\\/www.facebook.com\\\/Barbadosexclusive\"]}]}<\/script>\n<!-- \/ Yoast SEO plugin. -->","yoast_head_json":{"title":"\u010cierny Turmal\u00edn - Barbados shop","description":"Pr\u00edrodn\u00fd kry\u0161t\u00e1l \u010dierneho turmal\u00ednuTrdos\u0165: 7 - 7,5Farba: \u010ciernav\u00e1ha: 19,5 gParametre: 3,5cm\u00a0P\u00f4vod: Braz\u00edlia\u00a0\u010cierny turmal\u00edn patr\u00ed k naj\u00fa\u010dinnej\u0161\u00edm ochrann\u00fdm kame\u0148om. Mierni stres, zlep\u0161uje sp\u00e1nok, chr\u00e1ni n\u00e1s pred negat\u00edvnymi vplyvmi a pred elektromagnetick\u00fdm \u017eiaren\u00edm. Prin\u00e1\u0161a \u00fa\u013eavu od bolesti, pom\u00e1ha pri artrit\u00edde a dyslexii, priaznivo vpl\u00fdva na nervov\u00fd syst\u00e9m. Pom\u00e1ha n\u00e1m zbavova\u0165 sa hnevu, \u017eiarlivosti a \u00fazkostlivosti.O\u010dista: pod pr\u00fadom vla\u017enej vody, nab\u00edjanie na priamom slnku","robots":{"index":"index","follow":"follow","max-snippet":"max-snippet:-1","max-image-preview":"max-image-preview:large","max-video-preview":"max-video-preview:-1"},"canonical":"https:\/\/barbados-shop.sk\/en\/produkt\/turmalindiamantsmaragd-rubin-zafir-13\/","og_locale":"en_US","og_type":"article","og_title":"\u010cierny Turmal\u00edn - Barbados shop","og_description":"Pr\u00edrodn\u00fd kry\u0161t\u00e1l \u010dierneho turmal\u00ednuTrdos\u0165: 7 - 7,5Farba: \u010ciernav\u00e1ha: 19,5 gParametre: 3,5cm\u00a0P\u00f4vod: Braz\u00edlia\u00a0\u010cierny turmal\u00edn patr\u00ed k naj\u00fa\u010dinnej\u0161\u00edm ochrann\u00fdm kame\u0148om. Mierni stres, zlep\u0161uje sp\u00e1nok, chr\u00e1ni n\u00e1s pred negat\u00edvnymi vplyvmi a pred elektromagnetick\u00fdm \u017eiaren\u00edm. Prin\u00e1\u0161a \u00fa\u013eavu od bolesti, pom\u00e1ha pri artrit\u00edde a dyslexii, priaznivo vpl\u00fdva na nervov\u00fd syst\u00e9m. Pom\u00e1ha n\u00e1m zbavova\u0165 sa hnevu, \u017eiarlivosti a \u00fazkostlivosti.O\u010dista: pod pr\u00fadom vla\u017enej vody, nab\u00edjanie na priamom slnku","og_url":"https:\/\/barbados-shop.sk\/en\/produkt\/turmalindiamantsmaragd-rubin-zafir-13\/","og_site_name":"Barbados shop","article_publisher":"https:\/\/www.facebook.com\/Barbadosexclusive","article_modified_time":"2023-12-25T20:32:31+00:00","og_image":[{"width":1024,"height":768,"url":"https:\/\/barbados-shop.sk\/wp-content\/uploads\/2023\/10\/IMG_20231002_132531-1024x768.jpg","type":"image\/jpeg"}],"twitter_card":"summary_large_image","twitter_misc":{"Est. reading time":"1 minute"},"schema":{"@context":"https:\/\/schema.org","@graph":[{"@type":"WebPage","@id":"https:\/\/barbados-shop.sk\/produkt\/turmalindiamantsmaragd-rubin-zafir-13\/","url":"https:\/\/barbados-shop.sk\/produkt\/turmalindiamantsmaragd-rubin-zafir-13\/","name":"\u010cierny Turmal\u00edn - Barbados shop","isPartOf":{"@id":"https:\/\/barbados-shop.sk\/#website"},"primaryImageOfPage":{"@id":"https:\/\/barbados-shop.sk\/produkt\/turmalindiamantsmaragd-rubin-zafir-13\/#primaryimage"},"image":{"@id":"https:\/\/barbados-shop.sk\/produkt\/turmalindiamantsmaragd-rubin-zafir-13\/#primaryimage"},"thumbnailUrl":"https:\/\/i0.wp.com\/barbados-shop.sk\/wp-content\/uploads\/2023\/10\/IMG_20231002_132531.jpg?fit=4096%2C3072&ssl=1","datePublished":"2023-10-11T19:34:50+00:00","dateModified":"2023-12-25T20:32:31+00:00","description":"Pr\u00edrodn\u00fd kry\u0161t\u00e1l \u010dierneho turmal\u00ednuTrdos\u0165: 7 - 7,5Farba: \u010ciernav\u00e1ha: 19,5 gParametre: 3,5cm\u00a0P\u00f4vod: Braz\u00edlia\u00a0\u010cierny turmal\u00edn patr\u00ed k naj\u00fa\u010dinnej\u0161\u00edm ochrann\u00fdm kame\u0148om. Mierni stres, zlep\u0161uje sp\u00e1nok, chr\u00e1ni n\u00e1s pred negat\u00edvnymi vplyvmi a pred elektromagnetick\u00fdm \u017eiaren\u00edm. Prin\u00e1\u0161a \u00fa\u013eavu od bolesti, pom\u00e1ha pri artrit\u00edde a dyslexii, priaznivo vpl\u00fdva na nervov\u00fd syst\u00e9m. Pom\u00e1ha n\u00e1m zbavova\u0165 sa hnevu, \u017eiarlivosti a \u00fazkostlivosti.O\u010dista: pod pr\u00fadom vla\u017enej vody, nab\u00edjanie na priamom slnku","breadcrumb":{"@id":"https:\/\/barbados-shop.sk\/produkt\/turmalindiamantsmaragd-rubin-zafir-13\/#breadcrumb"},"inLanguage":"en-US","potentialAction":[{"@type":"ReadAction","target":["https:\/\/barbados-shop.sk\/produkt\/turmalindiamantsmaragd-rubin-zafir-13\/"]}]},{"@type":"ImageObject","inLanguage":"en-US","@id":"https:\/\/barbados-shop.sk\/produkt\/turmalindiamantsmaragd-rubin-zafir-13\/#primaryimage","url":"https:\/\/i0.wp.com\/barbados-shop.sk\/wp-content\/uploads\/2023\/10\/IMG_20231002_132531.jpg?fit=4096%2C3072&ssl=1","contentUrl":"https:\/\/i0.wp.com\/barbados-shop.sk\/wp-content\/uploads\/2023\/10\/IMG_20231002_132531.jpg?fit=4096%2C3072&ssl=1","width":4096,"height":3072},{"@type":"BreadcrumbList","@id":"https:\/\/barbados-shop.sk\/produkt\/turmalindiamantsmaragd-rubin-zafir-13\/#breadcrumb","itemListElement":[{"@type":"ListItem","position":1,"name":"Domovsk\u00e1 str\u00e1nka","item":"https:\/\/barbados-shop.sk\/"},{"@type":"ListItem","position":2,"name":"Obchod","item":"https:\/\/barbados-shop.sk\/obchod\/"},{"@type":"ListItem","position":3,"name":"\u010cierny Turmal\u00edn"}]},{"@type":"WebSite","@id":"https:\/\/barbados-shop.sk\/#website","url":"https:\/\/barbados-shop.sk\/","name":"Barbados shop","description":"Predaj exkluz\u00edvnych zberate\u013esk\u00fdch predmetov","publisher":{"@id":"https:\/\/barbados-shop.sk\/#organization"},"potentialAction":[{"@type":"SearchAction","target":{"@type":"EntryPoint","urlTemplate":"https:\/\/barbados-shop.sk\/?s={search_term_string}"},"query-input":{"@type":"PropertyValueSpecification","valueRequired":true,"valueName":"search_term_string"}}],"inLanguage":"en-US"},{"@type":"Organization","@id":"https:\/\/barbados-shop.sk\/#organization","name":"Barbados shop","url":"https:\/\/barbados-shop.sk\/","logo":{"@type":"ImageObject","inLanguage":"en-US","@id":"https:\/\/barbados-shop.sk\/#\/schema\/logo\/image\/","url":"https:\/\/i0.wp.com\/barbados-shop.sk\/wp-content\/uploads\/2022\/11\/cropped-cropped-299016379_113204254827248_2560417915586279216_n-1.jpg?fit=870%2C870&ssl=1","contentUrl":"https:\/\/i0.wp.com\/barbados-shop.sk\/wp-content\/uploads\/2022\/11\/cropped-cropped-299016379_113204254827248_2560417915586279216_n-1.jpg?fit=870%2C870&ssl=1","width":870,"height":870,"caption":"Barbados shop"},"image":{"@id":"https:\/\/barbados-shop.sk\/#\/schema\/logo\/image\/"},"sameAs":["https:\/\/www.facebook.com\/Barbadosexclusive"]}]}},"jetpack_publicize_connections":[],"jetpack_likes_enabled":true,"jetpack_sharing_enabled":true,"jetpack-related-posts":[],"_links":{"self":[{"href":"https:\/\/barbados-shop.sk\/en\/wp-json\/wp\/v2\/product\/3255","targetHints":{"allow":["GET"]}}],"collection":[{"href":"https:\/\/barbados-shop.sk\/en\/wp-json\/wp\/v2\/product"}],"about":[{"href":"https:\/\/barbados-shop.sk\/en\/wp-json\/wp\/v2\/types\/product"}],"replies":[{"embeddable":true,"href":"https:\/\/barbados-shop.sk\/en\/wp-json\/wp\/v2\/comments?post=3255"}],"wp:featuredmedia":[{"embeddable":true,"href":"https:\/\/barbados-shop.sk\/en\/wp-json\/wp\/v2\/media\/3256"}],"wp:attachment":[{"href":"https:\/\/barbados-shop.sk\/en\/wp-json\/wp\/v2\/media?parent=3255"}],"wp:term":[{"taxonomy":"product_brand","embeddable":true,"href":"https:\/\/barbados-shop.sk\/en\/wp-json\/wp\/v2\/product_brand?post=3255"},{"taxonomy":"product_cat","embeddable":true,"href":"https:\/\/barbados-shop.sk\/en\/wp-json\/wp\/v2\/product_cat?post=3255"},{"taxonomy":"product_tag","embeddable":true,"href":"https:\/\/barbados-shop.sk\/en\/wp-json\/wp\/v2\/product_tag?post=3255"}],"curies":[{"name":"wp","href":"https:\/\/api.w.org\/{rel}","templated":true}]}}