{"id":4091,"date":"2023-12-30T23:04:53","date_gmt":"2023-12-30T22:04:53","guid":{"rendered":"https:\/\/barbadosshop.wpcomstaging.com\/?post_type=product&#038;p=4091"},"modified":"2023-12-30T23:04:54","modified_gmt":"2023-12-30T22:04:54","slug":"tektitmeteortiasteroidzberateldrahokamydrahe-kamenevesmir-2","status":"publish","type":"product","link":"https:\/\/barbados-shop.sk\/en\/produkt\/tektitmeteortiasteroidzberateldrahokamydrahe-kamenevesmir-2\/","title":{"rendered":"Tektit"},"content":{"rendered":"<p>Tektity s\u00fa teles\u00e1 ve\u013ekosti \u0161trku zlo\u017een\u00e9 z \u010dierneho, zelen\u00e9ho, \u200b\u200bhned\u00e9ho alebo \u0161ed\u00e9ho pr\u00edrodn\u00e9ho skla vytvoren\u00e9ho z pozemsk\u00fdch trosiek vyvrhnut\u00fdch po\u010das dopadov meteoritov. Vo v\u0161eobecnosti maj\u00fa ve\u013ekos\u0165 od milimetrov po centimetre<\/p>\n<p>Ve\u013ekos\u0165: 22,8 mm<\/p>\n<p>Hmotnos\u0165: 4,2 g<\/p>\n<p>Tektit z Guangdongu v \u010c\u00edne 700 tis\u00edc rokov pred na\u0161\u00edm letopo\u010dtom<\/p>\n<p>ID z\u00e1znamu o v\u00fdskyte Mindat: 987597-1:3:987597:5<\/p>\n","protected":false},"excerpt":{"rendered":"<p>Tektity s\u00fa teles\u00e1 ve\u013ekosti \u0161trku zlo\u017een\u00e9 z \u010dierneho, zelen\u00e9ho, \u200b\u200bhned\u00e9ho alebo \u0161ed\u00e9ho pr\u00edrodn\u00e9ho skla vytvoren\u00e9ho z pozemsk\u00fdch trosiek vyvrhnut\u00fdch po\u010das dopadov meteoritov. Vo v\u0161eobecnosti maj\u00fa ve\u013ekos\u0165 od milimetrov po centimetre Ve\u013ekos\u0165: 22,8 mm Hmotnos\u0165: 4,2 g Tektit z Guangdongu v \u010c\u00edne 700 tis\u00edc rokov pred na\u0161\u00edm letopo\u010dtom ID z\u00e1znamu o v\u00fdskyte Mindat: 987597-1:3:987597:5<\/p>\n","protected":false},"featured_media":4083,"comment_status":"open","ping_status":"closed","template":"","meta":{"_crdt_document":"","ngg_post_thumbnail":0,"pgc_sgb_lightbox_settings":"","jetpack_publicize_message":"","jetpack_publicize_feature_enabled":true,"jetpack_social_post_already_shared":true,"jetpack_social_options":{"image_generator_settings":{"template":"highway","default_image_id":0,"font":"","enabled":false},"version":2},"_wpas_customize_per_network":false},"product_brand":[],"product_cat":[755562556],"product_tag":[],"class_list":{"0":"post-4091","1":"product","2":"type-product","3":"status-publish","4":"has-post-thumbnail","6":"product_cat-meteority","7":"entry","9":"first","10":"instock","11":"shipping-taxable","12":"purchasable","13":"product-type-simple"},"yoast_head":"<!-- This site is optimized with the Yoast SEO plugin v27.5 - https:\/\/yoast.com\/product\/yoast-seo-wordpress\/ -->\n<title>Tektit - Barbados shop<\/title>\n<meta name=\"description\" content=\"Tektity s\u00fa teles\u00e1 ve\u013ekosti \u0161trku zlo\u017een\u00e9 z \u010dierneho, zelen\u00e9ho, \u200b\u200bhned\u00e9ho alebo \u0161ed\u00e9ho pr\u00edrodn\u00e9ho skla vytvoren\u00e9ho z pozemsk\u00fdch trosiek vyvrhnut\u00fdch po\u010das dopadov meteoritov. Vo v\u0161eobecnosti maj\u00fa ve\u013ekos\u0165 od milimetrov po centimetreVe\u013ekos\u0165: 22,8 mmHmotnos\u0165: 4,2 gTektit z Guangdongu v \u010c\u00edne 700 tis\u00edc rokov pred na\u0161\u00edm letopo\u010dtomID z\u00e1znamu o v\u00fdskyte Mindat: 987597-1:3:987597:5\" \/>\n<meta name=\"robots\" content=\"index, follow, max-snippet:-1, max-image-preview:large, max-video-preview:-1\" \/>\n<link rel=\"canonical\" href=\"https:\/\/barbados-shop.sk\/en\/produkt\/tektitmeteortiasteroidzberateldrahokamydrahe-kamenevesmir-2\/\" \/>\n<meta property=\"og:locale\" content=\"en_US\" \/>\n<meta property=\"og:locale:alternate\" content=\"sk_SK\" \/>\n<meta property=\"og:type\" content=\"article\" \/>\n<meta property=\"og:title\" content=\"Tektit - Barbados shop\" \/>\n<meta property=\"og:description\" content=\"Tektity s\u00fa teles\u00e1 ve\u013ekosti \u0161trku zlo\u017een\u00e9 z \u010dierneho, zelen\u00e9ho, \u200b\u200bhned\u00e9ho alebo \u0161ed\u00e9ho pr\u00edrodn\u00e9ho skla vytvoren\u00e9ho z pozemsk\u00fdch trosiek vyvrhnut\u00fdch po\u010das dopadov meteoritov. Vo v\u0161eobecnosti maj\u00fa ve\u013ekos\u0165 od milimetrov po centimetreVe\u013ekos\u0165: 22,8 mmHmotnos\u0165: 4,2 gTektit z Guangdongu v \u010c\u00edne 700 tis\u00edc rokov pred na\u0161\u00edm letopo\u010dtomID z\u00e1znamu o v\u00fdskyte Mindat: 987597-1:3:987597:5\" \/>\n<meta property=\"og:url\" content=\"https:\/\/barbados-shop.sk\/en\/produkt\/tektitmeteortiasteroidzberateldrahokamydrahe-kamenevesmir-2\/\" \/>\n<meta property=\"og:site_name\" content=\"Barbados shop\" \/>\n<meta property=\"article:publisher\" content=\"https:\/\/www.facebook.com\/Barbadosexclusive\" \/>\n<meta property=\"article:modified_time\" content=\"2023-12-30T22:04:54+00:00\" \/>\n<meta property=\"og:image\" content=\"https:\/\/i0.wp.com\/barbados-shop.sk\/wp-content\/uploads\/2023\/12\/IMG_20231230_221119.png?fit=2000%2C1272&ssl=1\" \/>\n\t<meta property=\"og:image:width\" content=\"2000\" \/>\n\t<meta property=\"og:image:height\" content=\"1272\" \/>\n\t<meta property=\"og:image:type\" content=\"image\/png\" \/>\n<meta name=\"twitter:card\" content=\"summary_large_image\" \/>\n<meta name=\"twitter:label1\" content=\"Est. reading time\" \/>\n\t<meta name=\"twitter:data1\" content=\"1 minute\" \/>\n<script type=\"application\/ld+json\" class=\"yoast-schema-graph\">{\"@context\":\"https:\\\/\\\/schema.org\",\"@graph\":[{\"@type\":\"WebPage\",\"@id\":\"https:\\\/\\\/barbados-shop.sk\\\/produkt\\\/tektitmeteortiasteroidzberateldrahokamydrahe-kamenevesmir-2\\\/\",\"url\":\"https:\\\/\\\/barbados-shop.sk\\\/produkt\\\/tektitmeteortiasteroidzberateldrahokamydrahe-kamenevesmir-2\\\/\",\"name\":\"Tektit - Barbados shop\",\"isPartOf\":{\"@id\":\"https:\\\/\\\/barbados-shop.sk\\\/#website\"},\"primaryImageOfPage\":{\"@id\":\"https:\\\/\\\/barbados-shop.sk\\\/produkt\\\/tektitmeteortiasteroidzberateldrahokamydrahe-kamenevesmir-2\\\/#primaryimage\"},\"image\":{\"@id\":\"https:\\\/\\\/barbados-shop.sk\\\/produkt\\\/tektitmeteortiasteroidzberateldrahokamydrahe-kamenevesmir-2\\\/#primaryimage\"},\"thumbnailUrl\":\"https:\\\/\\\/i0.wp.com\\\/barbados-shop.sk\\\/wp-content\\\/uploads\\\/2023\\\/12\\\/IMG_20231230_221119.png?fit=2000%2C1272&ssl=1\",\"datePublished\":\"2023-12-30T22:04:53+00:00\",\"dateModified\":\"2023-12-30T22:04:54+00:00\",\"description\":\"Tektity s\u00fa teles\u00e1 ve\u013ekosti \u0161trku zlo\u017een\u00e9 z \u010dierneho, zelen\u00e9ho, \u200b\u200bhned\u00e9ho alebo \u0161ed\u00e9ho pr\u00edrodn\u00e9ho skla vytvoren\u00e9ho z pozemsk\u00fdch trosiek vyvrhnut\u00fdch po\u010das dopadov meteoritov. Vo v\u0161eobecnosti maj\u00fa ve\u013ekos\u0165 od milimetrov po centimetreVe\u013ekos\u0165: 22,8 mmHmotnos\u0165: 4,2 gTektit z Guangdongu v \u010c\u00edne 700 tis\u00edc rokov pred na\u0161\u00edm letopo\u010dtomID z\u00e1znamu o v\u00fdskyte Mindat: 987597-1:3:987597:5\",\"breadcrumb\":{\"@id\":\"https:\\\/\\\/barbados-shop.sk\\\/produkt\\\/tektitmeteortiasteroidzberateldrahokamydrahe-kamenevesmir-2\\\/#breadcrumb\"},\"inLanguage\":\"en-US\",\"potentialAction\":[{\"@type\":\"ReadAction\",\"target\":[\"https:\\\/\\\/barbados-shop.sk\\\/produkt\\\/tektitmeteortiasteroidzberateldrahokamydrahe-kamenevesmir-2\\\/\"]}]},{\"@type\":\"ImageObject\",\"inLanguage\":\"en-US\",\"@id\":\"https:\\\/\\\/barbados-shop.sk\\\/produkt\\\/tektitmeteortiasteroidzberateldrahokamydrahe-kamenevesmir-2\\\/#primaryimage\",\"url\":\"https:\\\/\\\/i0.wp.com\\\/barbados-shop.sk\\\/wp-content\\\/uploads\\\/2023\\\/12\\\/IMG_20231230_221119.png?fit=2000%2C1272&ssl=1\",\"contentUrl\":\"https:\\\/\\\/i0.wp.com\\\/barbados-shop.sk\\\/wp-content\\\/uploads\\\/2023\\\/12\\\/IMG_20231230_221119.png?fit=2000%2C1272&ssl=1\",\"width\":2000,\"height\":1272},{\"@type\":\"BreadcrumbList\",\"@id\":\"https:\\\/\\\/barbados-shop.sk\\\/produkt\\\/tektitmeteortiasteroidzberateldrahokamydrahe-kamenevesmir-2\\\/#breadcrumb\",\"itemListElement\":[{\"@type\":\"ListItem\",\"position\":1,\"name\":\"Domovsk\u00e1 str\u00e1nka\",\"item\":\"https:\\\/\\\/barbados-shop.sk\\\/\"},{\"@type\":\"ListItem\",\"position\":2,\"name\":\"Obchod\",\"item\":\"https:\\\/\\\/barbados-shop.sk\\\/obchod\\\/\"},{\"@type\":\"ListItem\",\"position\":3,\"name\":\"Tektit\"}]},{\"@type\":\"WebSite\",\"@id\":\"https:\\\/\\\/barbados-shop.sk\\\/#website\",\"url\":\"https:\\\/\\\/barbados-shop.sk\\\/\",\"name\":\"Barbados shop\",\"description\":\"Predaj exkluz\u00edvnych zberate\u013esk\u00fdch predmetov\",\"publisher\":{\"@id\":\"https:\\\/\\\/barbados-shop.sk\\\/#organization\"},\"potentialAction\":[{\"@type\":\"SearchAction\",\"target\":{\"@type\":\"EntryPoint\",\"urlTemplate\":\"https:\\\/\\\/barbados-shop.sk\\\/?s={search_term_string}\"},\"query-input\":{\"@type\":\"PropertyValueSpecification\",\"valueRequired\":true,\"valueName\":\"search_term_string\"}}],\"inLanguage\":\"en-US\"},{\"@type\":\"Organization\",\"@id\":\"https:\\\/\\\/barbados-shop.sk\\\/#organization\",\"name\":\"Barbados shop\",\"url\":\"https:\\\/\\\/barbados-shop.sk\\\/\",\"logo\":{\"@type\":\"ImageObject\",\"inLanguage\":\"en-US\",\"@id\":\"https:\\\/\\\/barbados-shop.sk\\\/#\\\/schema\\\/logo\\\/image\\\/\",\"url\":\"https:\\\/\\\/i0.wp.com\\\/barbados-shop.sk\\\/wp-content\\\/uploads\\\/2022\\\/11\\\/cropped-cropped-299016379_113204254827248_2560417915586279216_n-1.jpg?fit=870%2C870&ssl=1\",\"contentUrl\":\"https:\\\/\\\/i0.wp.com\\\/barbados-shop.sk\\\/wp-content\\\/uploads\\\/2022\\\/11\\\/cropped-cropped-299016379_113204254827248_2560417915586279216_n-1.jpg?fit=870%2C870&ssl=1\",\"width\":870,\"height\":870,\"caption\":\"Barbados shop\"},\"image\":{\"@id\":\"https:\\\/\\\/barbados-shop.sk\\\/#\\\/schema\\\/logo\\\/image\\\/\"},\"sameAs\":[\"https:\\\/\\\/www.facebook.com\\\/Barbadosexclusive\"]}]}<\/script>\n<!-- \/ Yoast SEO plugin. -->","yoast_head_json":{"title":"Tektit - Barbados shop","description":"Tektity s\u00fa teles\u00e1 ve\u013ekosti \u0161trku zlo\u017een\u00e9 z \u010dierneho, zelen\u00e9ho, \u200b\u200bhned\u00e9ho alebo \u0161ed\u00e9ho pr\u00edrodn\u00e9ho skla vytvoren\u00e9ho z pozemsk\u00fdch trosiek vyvrhnut\u00fdch po\u010das dopadov meteoritov. Vo v\u0161eobecnosti maj\u00fa ve\u013ekos\u0165 od milimetrov po centimetreVe\u013ekos\u0165: 22,8 mmHmotnos\u0165: 4,2 gTektit z Guangdongu v \u010c\u00edne 700 tis\u00edc rokov pred na\u0161\u00edm letopo\u010dtomID z\u00e1znamu o v\u00fdskyte Mindat: 987597-1:3:987597:5","robots":{"index":"index","follow":"follow","max-snippet":"max-snippet:-1","max-image-preview":"max-image-preview:large","max-video-preview":"max-video-preview:-1"},"canonical":"https:\/\/barbados-shop.sk\/en\/produkt\/tektitmeteortiasteroidzberateldrahokamydrahe-kamenevesmir-2\/","og_locale":"en_US","og_type":"article","og_title":"Tektit - Barbados shop","og_description":"Tektity s\u00fa teles\u00e1 ve\u013ekosti \u0161trku zlo\u017een\u00e9 z \u010dierneho, zelen\u00e9ho, \u200b\u200bhned\u00e9ho alebo \u0161ed\u00e9ho pr\u00edrodn\u00e9ho skla vytvoren\u00e9ho z pozemsk\u00fdch trosiek vyvrhnut\u00fdch po\u010das dopadov meteoritov. Vo v\u0161eobecnosti maj\u00fa ve\u013ekos\u0165 od milimetrov po centimetreVe\u013ekos\u0165: 22,8 mmHmotnos\u0165: 4,2 gTektit z Guangdongu v \u010c\u00edne 700 tis\u00edc rokov pred na\u0161\u00edm letopo\u010dtomID z\u00e1znamu o v\u00fdskyte Mindat: 987597-1:3:987597:5","og_url":"https:\/\/barbados-shop.sk\/en\/produkt\/tektitmeteortiasteroidzberateldrahokamydrahe-kamenevesmir-2\/","og_site_name":"Barbados shop","article_publisher":"https:\/\/www.facebook.com\/Barbadosexclusive","article_modified_time":"2023-12-30T22:04:54+00:00","og_image":[{"width":2000,"height":1272,"url":"https:\/\/i0.wp.com\/barbados-shop.sk\/wp-content\/uploads\/2023\/12\/IMG_20231230_221119.png?fit=2000%2C1272&ssl=1","type":"image\/png"}],"twitter_card":"summary_large_image","twitter_misc":{"Est. reading time":"1 minute"},"schema":{"@context":"https:\/\/schema.org","@graph":[{"@type":"WebPage","@id":"https:\/\/barbados-shop.sk\/produkt\/tektitmeteortiasteroidzberateldrahokamydrahe-kamenevesmir-2\/","url":"https:\/\/barbados-shop.sk\/produkt\/tektitmeteortiasteroidzberateldrahokamydrahe-kamenevesmir-2\/","name":"Tektit - Barbados shop","isPartOf":{"@id":"https:\/\/barbados-shop.sk\/#website"},"primaryImageOfPage":{"@id":"https:\/\/barbados-shop.sk\/produkt\/tektitmeteortiasteroidzberateldrahokamydrahe-kamenevesmir-2\/#primaryimage"},"image":{"@id":"https:\/\/barbados-shop.sk\/produkt\/tektitmeteortiasteroidzberateldrahokamydrahe-kamenevesmir-2\/#primaryimage"},"thumbnailUrl":"https:\/\/i0.wp.com\/barbados-shop.sk\/wp-content\/uploads\/2023\/12\/IMG_20231230_221119.png?fit=2000%2C1272&ssl=1","datePublished":"2023-12-30T22:04:53+00:00","dateModified":"2023-12-30T22:04:54+00:00","description":"Tektity s\u00fa teles\u00e1 ve\u013ekosti \u0161trku zlo\u017een\u00e9 z \u010dierneho, zelen\u00e9ho, \u200b\u200bhned\u00e9ho alebo \u0161ed\u00e9ho pr\u00edrodn\u00e9ho skla vytvoren\u00e9ho z pozemsk\u00fdch trosiek vyvrhnut\u00fdch po\u010das dopadov meteoritov. Vo v\u0161eobecnosti maj\u00fa ve\u013ekos\u0165 od milimetrov po centimetreVe\u013ekos\u0165: 22,8 mmHmotnos\u0165: 4,2 gTektit z Guangdongu v \u010c\u00edne 700 tis\u00edc rokov pred na\u0161\u00edm letopo\u010dtomID z\u00e1znamu o v\u00fdskyte Mindat: 987597-1:3:987597:5","breadcrumb":{"@id":"https:\/\/barbados-shop.sk\/produkt\/tektitmeteortiasteroidzberateldrahokamydrahe-kamenevesmir-2\/#breadcrumb"},"inLanguage":"en-US","potentialAction":[{"@type":"ReadAction","target":["https:\/\/barbados-shop.sk\/produkt\/tektitmeteortiasteroidzberateldrahokamydrahe-kamenevesmir-2\/"]}]},{"@type":"ImageObject","inLanguage":"en-US","@id":"https:\/\/barbados-shop.sk\/produkt\/tektitmeteortiasteroidzberateldrahokamydrahe-kamenevesmir-2\/#primaryimage","url":"https:\/\/i0.wp.com\/barbados-shop.sk\/wp-content\/uploads\/2023\/12\/IMG_20231230_221119.png?fit=2000%2C1272&ssl=1","contentUrl":"https:\/\/i0.wp.com\/barbados-shop.sk\/wp-content\/uploads\/2023\/12\/IMG_20231230_221119.png?fit=2000%2C1272&ssl=1","width":2000,"height":1272},{"@type":"BreadcrumbList","@id":"https:\/\/barbados-shop.sk\/produkt\/tektitmeteortiasteroidzberateldrahokamydrahe-kamenevesmir-2\/#breadcrumb","itemListElement":[{"@type":"ListItem","position":1,"name":"Domovsk\u00e1 str\u00e1nka","item":"https:\/\/barbados-shop.sk\/"},{"@type":"ListItem","position":2,"name":"Obchod","item":"https:\/\/barbados-shop.sk\/obchod\/"},{"@type":"ListItem","position":3,"name":"Tektit"}]},{"@type":"WebSite","@id":"https:\/\/barbados-shop.sk\/#website","url":"https:\/\/barbados-shop.sk\/","name":"Barbados shop","description":"Predaj exkluz\u00edvnych zberate\u013esk\u00fdch predmetov","publisher":{"@id":"https:\/\/barbados-shop.sk\/#organization"},"potentialAction":[{"@type":"SearchAction","target":{"@type":"EntryPoint","urlTemplate":"https:\/\/barbados-shop.sk\/?s={search_term_string}"},"query-input":{"@type":"PropertyValueSpecification","valueRequired":true,"valueName":"search_term_string"}}],"inLanguage":"en-US"},{"@type":"Organization","@id":"https:\/\/barbados-shop.sk\/#organization","name":"Barbados shop","url":"https:\/\/barbados-shop.sk\/","logo":{"@type":"ImageObject","inLanguage":"en-US","@id":"https:\/\/barbados-shop.sk\/#\/schema\/logo\/image\/","url":"https:\/\/i0.wp.com\/barbados-shop.sk\/wp-content\/uploads\/2022\/11\/cropped-cropped-299016379_113204254827248_2560417915586279216_n-1.jpg?fit=870%2C870&ssl=1","contentUrl":"https:\/\/i0.wp.com\/barbados-shop.sk\/wp-content\/uploads\/2022\/11\/cropped-cropped-299016379_113204254827248_2560417915586279216_n-1.jpg?fit=870%2C870&ssl=1","width":870,"height":870,"caption":"Barbados shop"},"image":{"@id":"https:\/\/barbados-shop.sk\/#\/schema\/logo\/image\/"},"sameAs":["https:\/\/www.facebook.com\/Barbadosexclusive"]}]}},"jetpack_publicize_connections":[],"jetpack_likes_enabled":true,"jetpack_sharing_enabled":true,"jetpack-related-posts":[],"_links":{"self":[{"href":"https:\/\/barbados-shop.sk\/en\/wp-json\/wp\/v2\/product\/4091","targetHints":{"allow":["GET"]}}],"collection":[{"href":"https:\/\/barbados-shop.sk\/en\/wp-json\/wp\/v2\/product"}],"about":[{"href":"https:\/\/barbados-shop.sk\/en\/wp-json\/wp\/v2\/types\/product"}],"replies":[{"embeddable":true,"href":"https:\/\/barbados-shop.sk\/en\/wp-json\/wp\/v2\/comments?post=4091"}],"wp:featuredmedia":[{"embeddable":true,"href":"https:\/\/barbados-shop.sk\/en\/wp-json\/wp\/v2\/media\/4083"}],"wp:attachment":[{"href":"https:\/\/barbados-shop.sk\/en\/wp-json\/wp\/v2\/media?parent=4091"}],"wp:term":[{"taxonomy":"product_brand","embeddable":true,"href":"https:\/\/barbados-shop.sk\/en\/wp-json\/wp\/v2\/product_brand?post=4091"},{"taxonomy":"product_cat","embeddable":true,"href":"https:\/\/barbados-shop.sk\/en\/wp-json\/wp\/v2\/product_cat?post=4091"},{"taxonomy":"product_tag","embeddable":true,"href":"https:\/\/barbados-shop.sk\/en\/wp-json\/wp\/v2\/product_tag?post=4091"}],"curies":[{"name":"wp","href":"https:\/\/api.w.org\/{rel}","templated":true}]}}