{"id":4121,"date":"2023-12-31T00:12:16","date_gmt":"2023-12-30T23:12:16","guid":{"rendered":"https:\/\/barbadosshop.wpcomstaging.com\/?post_type=product&#038;p=4121"},"modified":"2023-12-31T00:12:16","modified_gmt":"2023-12-30T23:12:16","slug":"meteorit-sikhote-alin","status":"publish","type":"product","link":"https:\/\/barbados-shop.sk\/en\/produkt\/meteorit-sikhote-alin\/","title":{"rendered":"Meteorit Sikhote-Alin"},"content":{"rendered":"<p>D\u0148a 12. febru\u00e1ra 1947 okolo 10:30 svedkovia v pohor\u00ed Sikhote-Alin, v ruskej \u010dasti Sovietskeho zv\u00e4zu, pozorovali ve\u013ek\u00fd bolid, jasnej\u0161\u00ed ako Slnko, prich\u00e1dzaj\u00faci zo severu a klesaj\u00faci pod uhlom cca. 41 stup\u0148ov. Pod\u013ea odhadov i\u0161lo o meteorit s hmotnos\u0165ou 70-90 ton, ktor\u00fd pre\u017eil ohniv\u00fd prelet atmosf\u00e9rou a prist\u00e1l na Zemi. Hoci \u013eudia u\u017e boli svedkami p\u00e1du ve\u013ek\u00e9ho \u017eelezn\u00e9ho meteoritu, nikdy v zaznamenanej hist\u00f3rii nebol pozorovan\u00fd dopad takej ve\u013ekosti.<\/p>\n<p>Jasn\u00fd z\u00e1blesk a ohlu\u0161uj\u00faci p\u00e1d boli pozorovan\u00e9 300 km od miesta dopadu pri Luchegorsku a pribli\u017ene 440 km severov\u00fdchodne od Vladivostoku. Na oblohe nieko\u013eko hod\u00edn zostala dymov\u00e1 stopa dlh\u00e1 asi 32 km. Objekt vst\u00fapil do atmosf\u00e9ry ako meteor r\u00fdchlos\u0165ou asi 14 km za sekundu, za\u010dal sa rozpada\u0165 a \u00falomky padali dohromady.<\/p>\n<p>K v\u00fdbuchu najv\u00e4\u010d\u0161\u00edch \u00falomkov do\u0161lo zrejme vo v\u00fd\u0161ke asi 5 a pol kilometra.<\/p>\n<p>Sikhote-Alin je klasifikovan\u00fd ako \u017eelezn\u00fd meteorit patriaci do chemickej skupiny IIAB s hrubou oktaedrickou \u0161trukt\u00farou.<\/p>\n<p>Pozost\u00e1va pribli\u017ene z 93 % \u017eeleza, 5,9 % niklu, 0,42 % kobaltu, 0,46 % fosforu, 0,28 % s\u00edry a stopov\u00fdch mno\u017estiev germ\u00e1nia, ir\u00eddia.<\/p>\n<p>Medzi pr\u00edtomn\u00e9 miner\u00e1ly patr\u00ed taenit, plessit, troilit, chromit, kamacit a schreibersit.<\/p>\n<p>Ve\u013ekos\u0165: 10,8 mm<\/p>\n<p>Hmotnos\u0165: 1 g<\/p>\n","protected":false},"excerpt":{"rendered":"<p>D\u0148a 12. febru\u00e1ra 1947 okolo 10:30 svedkovia v pohor\u00ed Sikhote-Alin, v ruskej \u010dasti Sovietskeho zv\u00e4zu, pozorovali ve\u013ek\u00fd bolid, jasnej\u0161\u00ed ako Slnko, prich\u00e1dzaj\u00faci zo severu a klesaj\u00faci pod uhlom cca. 41 stup\u0148ov. Pod\u013ea odhadov i\u0161lo o meteorit s hmotnos\u0165ou 70-90 ton, ktor\u00fd pre\u017eil ohniv\u00fd prelet atmosf\u00e9rou a prist\u00e1l na Zemi. Hoci \u013eudia u\u017e boli svedkami p\u00e1du<a class=\"more-link\" href=\"https:\/\/barbados-shop.sk\/en\/produkt\/meteorit-sikhote-alin\/\">Continue reading <span class=\"screen-reader-text\">&#8220;Meteorit Sikhote-Alin&#8221;<\/span><\/a><\/p>\n","protected":false},"featured_media":4077,"comment_status":"open","ping_status":"closed","template":"","meta":{"_crdt_document":"","ngg_post_thumbnail":0,"pgc_sgb_lightbox_settings":"","jetpack_publicize_message":"","jetpack_publicize_feature_enabled":true,"jetpack_social_post_already_shared":true,"jetpack_social_options":{"image_generator_settings":{"template":"highway","default_image_id":0,"font":"","enabled":false},"version":2},"_wpas_customize_per_network":false},"product_brand":[],"product_cat":[755562556],"product_tag":[],"class_list":{"0":"post-4121","1":"product","2":"type-product","3":"status-publish","4":"has-post-thumbnail","6":"product_cat-meteority","7":"entry","9":"first","10":"instock","11":"shipping-taxable","12":"purchasable","13":"product-type-simple"},"yoast_head":"<!-- This site is optimized with the Yoast SEO plugin v27.5 - https:\/\/yoast.com\/product\/yoast-seo-wordpress\/ -->\n<title>Meteorit Sikhote-Alin - Barbados shop<\/title>\n<meta name=\"description\" content=\"Sikhote-Alin je klasifikovan\u00fd ako \u017eelezn\u00fd meteorit patriaci do chemickej skupiny IIAB s hrubou oktaedrickou \u0161trukt\u00farou.Pozost\u00e1va pribli\u017ene z 93 % \u017eeleza, 5,9 % niklu, 0,42 % kobaltu, 0,46 % fosforu, 0,28 % s\u00edry a stopov\u00fdch mno\u017estiev germ\u00e1nia, ir\u00eddia.Medzi pr\u00edtomn\u00e9 miner\u00e1ly patr\u00ed taenit, plessit, troilit, chromit, kamacit a schreibersit.Ve\u013ekos\u0165: 10,8 mmHmotnos\u0165: 1 g\" \/>\n<meta name=\"robots\" content=\"index, follow, max-snippet:-1, max-image-preview:large, max-video-preview:-1\" \/>\n<link rel=\"canonical\" href=\"https:\/\/barbados-shop.sk\/en\/produkt\/meteorit-sikhote-alin\/\" \/>\n<meta property=\"og:locale\" content=\"en_US\" \/>\n<meta property=\"og:locale:alternate\" content=\"sk_SK\" \/>\n<meta property=\"og:locale:alternate\" content=\"sk_SK\" \/>\n<meta property=\"og:locale:alternate\" content=\"sk_SK\" \/>\n<meta property=\"og:type\" content=\"article\" \/>\n<meta property=\"og:title\" content=\"Meteorit Sikhote-Alin - Barbados shop\" \/>\n<meta property=\"og:description\" content=\"Sikhote-Alin je klasifikovan\u00fd ako \u017eelezn\u00fd meteorit patriaci do chemickej skupiny IIAB s hrubou oktaedrickou \u0161trukt\u00farou.Pozost\u00e1va pribli\u017ene z 93 % \u017eeleza, 5,9 % niklu, 0,42 % kobaltu, 0,46 % fosforu, 0,28 % s\u00edry a stopov\u00fdch mno\u017estiev germ\u00e1nia, ir\u00eddia.Medzi pr\u00edtomn\u00e9 miner\u00e1ly patr\u00ed taenit, plessit, troilit, chromit, kamacit a schreibersit.Ve\u013ekos\u0165: 10,8 mmHmotnos\u0165: 1 g\" \/>\n<meta property=\"og:url\" content=\"https:\/\/barbados-shop.sk\/en\/produkt\/meteorit-sikhote-alin\/\" \/>\n<meta property=\"og:site_name\" content=\"Barbados shop\" \/>\n<meta property=\"article:publisher\" content=\"https:\/\/www.facebook.com\/Barbadosexclusive\" \/>\n<meta property=\"og:image\" content=\"https:\/\/i0.wp.com\/barbados-shop.sk\/wp-content\/uploads\/2023\/12\/IMG_20231230_221005.png?fit=2000%2C1316&ssl=1\" \/>\n\t<meta property=\"og:image:width\" content=\"2000\" \/>\n\t<meta property=\"og:image:height\" content=\"1316\" \/>\n\t<meta property=\"og:image:type\" content=\"image\/png\" \/>\n<meta name=\"twitter:card\" content=\"summary_large_image\" \/>\n<meta name=\"twitter:label1\" content=\"Est. reading time\" \/>\n\t<meta name=\"twitter:data1\" content=\"2 minutes\" \/>\n<script type=\"application\/ld+json\" class=\"yoast-schema-graph\">{\"@context\":\"https:\\\/\\\/schema.org\",\"@graph\":[{\"@type\":\"WebPage\",\"@id\":\"https:\\\/\\\/barbados-shop.sk\\\/produkt\\\/meteorit-sikhote-alin\\\/\",\"url\":\"https:\\\/\\\/barbados-shop.sk\\\/produkt\\\/meteorit-sikhote-alin\\\/\",\"name\":\"Meteorit Sikhote-Alin - Barbados shop\",\"isPartOf\":{\"@id\":\"https:\\\/\\\/barbados-shop.sk\\\/#website\"},\"primaryImageOfPage\":{\"@id\":\"https:\\\/\\\/barbados-shop.sk\\\/produkt\\\/meteorit-sikhote-alin\\\/#primaryimage\"},\"image\":{\"@id\":\"https:\\\/\\\/barbados-shop.sk\\\/produkt\\\/meteorit-sikhote-alin\\\/#primaryimage\"},\"thumbnailUrl\":\"https:\\\/\\\/i0.wp.com\\\/barbados-shop.sk\\\/wp-content\\\/uploads\\\/2023\\\/12\\\/IMG_20231230_221005.png?fit=2000%2C1316&ssl=1\",\"datePublished\":\"2023-12-30T23:12:16+00:00\",\"description\":\"Sikhote-Alin je klasifikovan\u00fd ako \u017eelezn\u00fd meteorit patriaci do chemickej skupiny IIAB s hrubou oktaedrickou \u0161trukt\u00farou.Pozost\u00e1va pribli\u017ene z 93 % \u017eeleza, 5,9 % niklu, 0,42 % kobaltu, 0,46 % fosforu, 0,28 % s\u00edry a stopov\u00fdch mno\u017estiev germ\u00e1nia, ir\u00eddia.Medzi pr\u00edtomn\u00e9 miner\u00e1ly patr\u00ed taenit, plessit, troilit, chromit, kamacit a schreibersit.Ve\u013ekos\u0165: 10,8 mmHmotnos\u0165: 1 g\",\"breadcrumb\":{\"@id\":\"https:\\\/\\\/barbados-shop.sk\\\/produkt\\\/meteorit-sikhote-alin\\\/#breadcrumb\"},\"inLanguage\":\"en-US\",\"potentialAction\":[{\"@type\":\"ReadAction\",\"target\":[\"https:\\\/\\\/barbados-shop.sk\\\/produkt\\\/meteorit-sikhote-alin\\\/\"]}]},{\"@type\":\"ImageObject\",\"inLanguage\":\"en-US\",\"@id\":\"https:\\\/\\\/barbados-shop.sk\\\/produkt\\\/meteorit-sikhote-alin\\\/#primaryimage\",\"url\":\"https:\\\/\\\/i0.wp.com\\\/barbados-shop.sk\\\/wp-content\\\/uploads\\\/2023\\\/12\\\/IMG_20231230_221005.png?fit=2000%2C1316&ssl=1\",\"contentUrl\":\"https:\\\/\\\/i0.wp.com\\\/barbados-shop.sk\\\/wp-content\\\/uploads\\\/2023\\\/12\\\/IMG_20231230_221005.png?fit=2000%2C1316&ssl=1\",\"width\":2000,\"height\":1316},{\"@type\":\"BreadcrumbList\",\"@id\":\"https:\\\/\\\/barbados-shop.sk\\\/produkt\\\/meteorit-sikhote-alin\\\/#breadcrumb\",\"itemListElement\":[{\"@type\":\"ListItem\",\"position\":1,\"name\":\"Domovsk\u00e1 str\u00e1nka\",\"item\":\"https:\\\/\\\/barbados-shop.sk\\\/\"},{\"@type\":\"ListItem\",\"position\":2,\"name\":\"Obchod\",\"item\":\"https:\\\/\\\/barbados-shop.sk\\\/obchod\\\/\"},{\"@type\":\"ListItem\",\"position\":3,\"name\":\"Meteorit Sikhote-Alin\"}]},{\"@type\":\"WebSite\",\"@id\":\"https:\\\/\\\/barbados-shop.sk\\\/#website\",\"url\":\"https:\\\/\\\/barbados-shop.sk\\\/\",\"name\":\"Barbados shop\",\"description\":\"Predaj exkluz\u00edvnych zberate\u013esk\u00fdch predmetov\",\"publisher\":{\"@id\":\"https:\\\/\\\/barbados-shop.sk\\\/#organization\"},\"potentialAction\":[{\"@type\":\"SearchAction\",\"target\":{\"@type\":\"EntryPoint\",\"urlTemplate\":\"https:\\\/\\\/barbados-shop.sk\\\/?s={search_term_string}\"},\"query-input\":{\"@type\":\"PropertyValueSpecification\",\"valueRequired\":true,\"valueName\":\"search_term_string\"}}],\"inLanguage\":\"en-US\"},{\"@type\":\"Organization\",\"@id\":\"https:\\\/\\\/barbados-shop.sk\\\/#organization\",\"name\":\"Barbados shop\",\"url\":\"https:\\\/\\\/barbados-shop.sk\\\/\",\"logo\":{\"@type\":\"ImageObject\",\"inLanguage\":\"en-US\",\"@id\":\"https:\\\/\\\/barbados-shop.sk\\\/#\\\/schema\\\/logo\\\/image\\\/\",\"url\":\"https:\\\/\\\/i0.wp.com\\\/barbados-shop.sk\\\/wp-content\\\/uploads\\\/2022\\\/11\\\/cropped-cropped-299016379_113204254827248_2560417915586279216_n-1.jpg?fit=870%2C870&ssl=1\",\"contentUrl\":\"https:\\\/\\\/i0.wp.com\\\/barbados-shop.sk\\\/wp-content\\\/uploads\\\/2022\\\/11\\\/cropped-cropped-299016379_113204254827248_2560417915586279216_n-1.jpg?fit=870%2C870&ssl=1\",\"width\":870,\"height\":870,\"caption\":\"Barbados shop\"},\"image\":{\"@id\":\"https:\\\/\\\/barbados-shop.sk\\\/#\\\/schema\\\/logo\\\/image\\\/\"},\"sameAs\":[\"https:\\\/\\\/www.facebook.com\\\/Barbadosexclusive\"]}]}<\/script>\n<!-- \/ Yoast SEO plugin. -->","yoast_head_json":{"title":"Meteorit Sikhote-Alin - Barbados shop","description":"Sikhote-Alin je klasifikovan\u00fd ako \u017eelezn\u00fd meteorit patriaci do chemickej skupiny IIAB s hrubou oktaedrickou \u0161trukt\u00farou.Pozost\u00e1va pribli\u017ene z 93 % \u017eeleza, 5,9 % niklu, 0,42 % kobaltu, 0,46 % fosforu, 0,28 % s\u00edry a stopov\u00fdch mno\u017estiev germ\u00e1nia, ir\u00eddia.Medzi pr\u00edtomn\u00e9 miner\u00e1ly patr\u00ed taenit, plessit, troilit, chromit, kamacit a schreibersit.Ve\u013ekos\u0165: 10,8 mmHmotnos\u0165: 1 g","robots":{"index":"index","follow":"follow","max-snippet":"max-snippet:-1","max-image-preview":"max-image-preview:large","max-video-preview":"max-video-preview:-1"},"canonical":"https:\/\/barbados-shop.sk\/en\/produkt\/meteorit-sikhote-alin\/","og_locale":"en_US","og_type":"article","og_title":"Meteorit Sikhote-Alin - Barbados shop","og_description":"Sikhote-Alin je klasifikovan\u00fd ako \u017eelezn\u00fd meteorit patriaci do chemickej skupiny IIAB s hrubou oktaedrickou \u0161trukt\u00farou.Pozost\u00e1va pribli\u017ene z 93 % \u017eeleza, 5,9 % niklu, 0,42 % kobaltu, 0,46 % fosforu, 0,28 % s\u00edry a stopov\u00fdch mno\u017estiev germ\u00e1nia, ir\u00eddia.Medzi pr\u00edtomn\u00e9 miner\u00e1ly patr\u00ed taenit, plessit, troilit, chromit, kamacit a schreibersit.Ve\u013ekos\u0165: 10,8 mmHmotnos\u0165: 1 g","og_url":"https:\/\/barbados-shop.sk\/en\/produkt\/meteorit-sikhote-alin\/","og_site_name":"Barbados shop","article_publisher":"https:\/\/www.facebook.com\/Barbadosexclusive","og_image":[{"width":2000,"height":1316,"url":"https:\/\/i0.wp.com\/barbados-shop.sk\/wp-content\/uploads\/2023\/12\/IMG_20231230_221005.png?fit=2000%2C1316&ssl=1","type":"image\/png"}],"twitter_card":"summary_large_image","twitter_misc":{"Est. reading time":"2 minutes"},"schema":{"@context":"https:\/\/schema.org","@graph":[{"@type":"WebPage","@id":"https:\/\/barbados-shop.sk\/produkt\/meteorit-sikhote-alin\/","url":"https:\/\/barbados-shop.sk\/produkt\/meteorit-sikhote-alin\/","name":"Meteorit Sikhote-Alin - Barbados shop","isPartOf":{"@id":"https:\/\/barbados-shop.sk\/#website"},"primaryImageOfPage":{"@id":"https:\/\/barbados-shop.sk\/produkt\/meteorit-sikhote-alin\/#primaryimage"},"image":{"@id":"https:\/\/barbados-shop.sk\/produkt\/meteorit-sikhote-alin\/#primaryimage"},"thumbnailUrl":"https:\/\/i0.wp.com\/barbados-shop.sk\/wp-content\/uploads\/2023\/12\/IMG_20231230_221005.png?fit=2000%2C1316&ssl=1","datePublished":"2023-12-30T23:12:16+00:00","description":"Sikhote-Alin je klasifikovan\u00fd ako \u017eelezn\u00fd meteorit patriaci do chemickej skupiny IIAB s hrubou oktaedrickou \u0161trukt\u00farou.Pozost\u00e1va pribli\u017ene z 93 % \u017eeleza, 5,9 % niklu, 0,42 % kobaltu, 0,46 % fosforu, 0,28 % s\u00edry a stopov\u00fdch mno\u017estiev germ\u00e1nia, ir\u00eddia.Medzi pr\u00edtomn\u00e9 miner\u00e1ly patr\u00ed taenit, plessit, troilit, chromit, kamacit a schreibersit.Ve\u013ekos\u0165: 10,8 mmHmotnos\u0165: 1 g","breadcrumb":{"@id":"https:\/\/barbados-shop.sk\/produkt\/meteorit-sikhote-alin\/#breadcrumb"},"inLanguage":"en-US","potentialAction":[{"@type":"ReadAction","target":["https:\/\/barbados-shop.sk\/produkt\/meteorit-sikhote-alin\/"]}]},{"@type":"ImageObject","inLanguage":"en-US","@id":"https:\/\/barbados-shop.sk\/produkt\/meteorit-sikhote-alin\/#primaryimage","url":"https:\/\/i0.wp.com\/barbados-shop.sk\/wp-content\/uploads\/2023\/12\/IMG_20231230_221005.png?fit=2000%2C1316&ssl=1","contentUrl":"https:\/\/i0.wp.com\/barbados-shop.sk\/wp-content\/uploads\/2023\/12\/IMG_20231230_221005.png?fit=2000%2C1316&ssl=1","width":2000,"height":1316},{"@type":"BreadcrumbList","@id":"https:\/\/barbados-shop.sk\/produkt\/meteorit-sikhote-alin\/#breadcrumb","itemListElement":[{"@type":"ListItem","position":1,"name":"Domovsk\u00e1 str\u00e1nka","item":"https:\/\/barbados-shop.sk\/"},{"@type":"ListItem","position":2,"name":"Obchod","item":"https:\/\/barbados-shop.sk\/obchod\/"},{"@type":"ListItem","position":3,"name":"Meteorit Sikhote-Alin"}]},{"@type":"WebSite","@id":"https:\/\/barbados-shop.sk\/#website","url":"https:\/\/barbados-shop.sk\/","name":"Barbados shop","description":"Predaj exkluz\u00edvnych zberate\u013esk\u00fdch predmetov","publisher":{"@id":"https:\/\/barbados-shop.sk\/#organization"},"potentialAction":[{"@type":"SearchAction","target":{"@type":"EntryPoint","urlTemplate":"https:\/\/barbados-shop.sk\/?s={search_term_string}"},"query-input":{"@type":"PropertyValueSpecification","valueRequired":true,"valueName":"search_term_string"}}],"inLanguage":"en-US"},{"@type":"Organization","@id":"https:\/\/barbados-shop.sk\/#organization","name":"Barbados shop","url":"https:\/\/barbados-shop.sk\/","logo":{"@type":"ImageObject","inLanguage":"en-US","@id":"https:\/\/barbados-shop.sk\/#\/schema\/logo\/image\/","url":"https:\/\/i0.wp.com\/barbados-shop.sk\/wp-content\/uploads\/2022\/11\/cropped-cropped-299016379_113204254827248_2560417915586279216_n-1.jpg?fit=870%2C870&ssl=1","contentUrl":"https:\/\/i0.wp.com\/barbados-shop.sk\/wp-content\/uploads\/2022\/11\/cropped-cropped-299016379_113204254827248_2560417915586279216_n-1.jpg?fit=870%2C870&ssl=1","width":870,"height":870,"caption":"Barbados shop"},"image":{"@id":"https:\/\/barbados-shop.sk\/#\/schema\/logo\/image\/"},"sameAs":["https:\/\/www.facebook.com\/Barbadosexclusive"]}]}},"jetpack_publicize_connections":[],"jetpack_likes_enabled":true,"jetpack_sharing_enabled":true,"jetpack-related-posts":[],"_links":{"self":[{"href":"https:\/\/barbados-shop.sk\/en\/wp-json\/wp\/v2\/product\/4121","targetHints":{"allow":["GET"]}}],"collection":[{"href":"https:\/\/barbados-shop.sk\/en\/wp-json\/wp\/v2\/product"}],"about":[{"href":"https:\/\/barbados-shop.sk\/en\/wp-json\/wp\/v2\/types\/product"}],"replies":[{"embeddable":true,"href":"https:\/\/barbados-shop.sk\/en\/wp-json\/wp\/v2\/comments?post=4121"}],"wp:featuredmedia":[{"embeddable":true,"href":"https:\/\/barbados-shop.sk\/en\/wp-json\/wp\/v2\/media\/4077"}],"wp:attachment":[{"href":"https:\/\/barbados-shop.sk\/en\/wp-json\/wp\/v2\/media?parent=4121"}],"wp:term":[{"taxonomy":"product_brand","embeddable":true,"href":"https:\/\/barbados-shop.sk\/en\/wp-json\/wp\/v2\/product_brand?post=4121"},{"taxonomy":"product_cat","embeddable":true,"href":"https:\/\/barbados-shop.sk\/en\/wp-json\/wp\/v2\/product_cat?post=4121"},{"taxonomy":"product_tag","embeddable":true,"href":"https:\/\/barbados-shop.sk\/en\/wp-json\/wp\/v2\/product_tag?post=4121"}],"curies":[{"name":"wp","href":"https:\/\/api.w.org\/{rel}","templated":true}]}}