{"id":4294,"date":"2024-01-08T21:25:49","date_gmt":"2024-01-08T20:25:49","guid":{"rendered":"https:\/\/barbadosshop.wpcomstaging.com\/?post_type=product&#038;p=4294"},"modified":"2024-11-22T10:52:28","modified_gmt":"2024-11-22T09:52:28","slug":"zub-z-dinosaura-fosilie-dinosaurus-9","status":"publish","type":"product","link":"https:\/\/barbados-shop.sk\/en\/produkt\/zub-z-dinosaura-fosilie-dinosaurus-9\/","title":{"rendered":"Zub z dinosaura"},"content":{"rendered":"<p><i>Zub z prehistorick\u00e9ho krokod\u00edla Elosuchus.<\/i><\/p>\n<p><i>Je vyhynut\u00fd rod krokod\u00edlov neosuchianskych, ktor\u00fd \u017eil po\u010das strednej kriedy na \u00fazem\u00ed dne\u0161nej Afriky (Niger, Maroko a Al\u017e\u00edrsko). Elosuchus<\/i> bol druh krokod\u00edla mal pred\u013a\u017een\u00fd \u0148uf\u00e1k ako gharial a bol pravdepodobne vodn\u00fdm \u017eivo\u010d\u00edchom. Typov\u00fd druh,&nbsp;<i>E. cherifiensis<\/i> z Al\u017e\u00edrska a Maroka, bol p\u00f4vodne op\u00edsan\u00fd ako druh Thoracosaurus <i><\/i>Lavocatom.<sup id=\"cite_ref-4\" class=\"reference\"><\/sup><\/p>\n<p>Ve\u013ekos\u0165: 11 mm<\/p>\n<p>V\u00e1ha: 2 g<\/p>\n","protected":false},"excerpt":{"rendered":"<p>Zub z prehistorick\u00e9ho krokod\u00edla Elosuchus. Je vyhynut\u00fd rod krokod\u00edlov neosuchianskych, ktor\u00fd \u017eil po\u010das strednej kriedy na \u00fazem\u00ed dne\u0161nej Afriky (Niger, Maroko a Al\u017e\u00edrsko). Elosuchus bol druh krokod\u00edla mal pred\u013a\u017een\u00fd \u0148uf\u00e1k ako gharial a bol pravdepodobne vodn\u00fdm \u017eivo\u010d\u00edchom. Typov\u00fd druh,&nbsp;E. cherifiensis z Al\u017e\u00edrska a Maroka, bol p\u00f4vodne op\u00edsan\u00fd ako druh Thoracosaurus Lavocatom. Ve\u013ekos\u0165: 11 mm V\u00e1ha:<a class=\"more-link\" href=\"https:\/\/barbados-shop.sk\/en\/produkt\/zub-z-dinosaura-fosilie-dinosaurus-9\/\">Continue reading <span class=\"screen-reader-text\">&#8220;Zub z dinosaura&#8221;<\/span><\/a><\/p>\n","protected":false},"featured_media":4254,"comment_status":"open","ping_status":"closed","template":"","meta":{"_crdt_document":"","ngg_post_thumbnail":0,"pgc_sgb_lightbox_settings":"","jetpack_post_was_ever_published":false,"jetpack_publicize_message":"","jetpack_publicize_feature_enabled":true,"jetpack_social_post_already_shared":true,"jetpack_social_options":{"image_generator_settings":{"template":"highway","default_image_id":0,"font":"","enabled":false},"version":2},"_wpas_customize_per_network":false},"product_brand":[],"product_cat":[755562509],"product_tag":[],"class_list":{"0":"post-4294","1":"product","2":"type-product","3":"status-publish","4":"has-post-thumbnail","6":"product_cat-trilobit-megalodon-skameneliny-musle-zuby-z-dinosaura-dinosaurus-paleontologia-fosilie-fosilny-spinosaurus-megalodon-zralocie-zuby-mosasaurus-mamuti-zub","7":"entry","9":"first","10":"outofstock","11":"shipping-taxable","12":"purchasable","13":"product-type-simple"},"yoast_head":"<!-- This site is optimized with the Yoast SEO plugin v27.3 - https:\/\/yoast.com\/product\/yoast-seo-wordpress\/ -->\n<title>Zub z dinosaura - Barbados shop<\/title>\n<meta name=\"description\" content=\"Elosuchus bol druh krokod\u00edla mal pred\u013a\u017een\u00fd \u0148uf\u00e1k ako gharial a bol pravdepodobne vodn\u00fdm \u017eivo\u010d\u00edchom. Typov\u00fd druh,\u00a0E. cherifiensis z Al\u017e\u00edrska a Maroka\" \/>\n<meta name=\"robots\" content=\"index, follow, max-snippet:-1, max-image-preview:large, max-video-preview:-1\" \/>\n<link rel=\"canonical\" href=\"https:\/\/barbados-shop.sk\/en\/produkt\/zub-z-dinosaura-fosilie-dinosaurus-9\/\" \/>\n<meta property=\"og:locale\" content=\"en_US\" \/>\n<meta property=\"og:locale:alternate\" content=\"sk_SK\" \/>\n<meta property=\"og:type\" content=\"article\" \/>\n<meta property=\"og:title\" content=\"Zub z dinosaura - Barbados shop\" \/>\n<meta property=\"og:description\" content=\"Elosuchus bol druh krokod\u00edla mal pred\u013a\u017een\u00fd \u0148uf\u00e1k ako gharial a bol pravdepodobne vodn\u00fdm \u017eivo\u010d\u00edchom. Typov\u00fd druh,\u00a0E. cherifiensis z Al\u017e\u00edrska a Maroka\" \/>\n<meta property=\"og:url\" content=\"https:\/\/barbados-shop.sk\/en\/produkt\/zub-z-dinosaura-fosilie-dinosaurus-9\/\" \/>\n<meta property=\"og:site_name\" content=\"Barbados shop\" \/>\n<meta property=\"article:publisher\" content=\"https:\/\/www.facebook.com\/Barbadosexclusive\" \/>\n<meta property=\"article:modified_time\" content=\"2024-11-22T09:52:28+00:00\" \/>\n<meta property=\"og:image\" content=\"https:\/\/i0.wp.com\/barbados-shop.sk\/wp-content\/uploads\/2024\/01\/IMG_20240108_204536.png?fit=2000%2C1327&ssl=1\" \/>\n\t<meta property=\"og:image:width\" content=\"2000\" \/>\n\t<meta property=\"og:image:height\" content=\"1327\" \/>\n\t<meta property=\"og:image:type\" content=\"image\/png\" \/>\n<meta name=\"twitter:card\" content=\"summary_large_image\" \/>\n<meta name=\"twitter:label1\" content=\"Est. reading time\" \/>\n\t<meta name=\"twitter:data1\" content=\"1 minute\" \/>\n<script type=\"application\/ld+json\" class=\"yoast-schema-graph\">{\"@context\":\"https:\\\/\\\/schema.org\",\"@graph\":[{\"@type\":\"WebPage\",\"@id\":\"https:\\\/\\\/barbados-shop.sk\\\/produkt\\\/zub-z-dinosaura-fosilie-dinosaurus-9\\\/\",\"url\":\"https:\\\/\\\/barbados-shop.sk\\\/produkt\\\/zub-z-dinosaura-fosilie-dinosaurus-9\\\/\",\"name\":\"Zub z dinosaura - Barbados shop\",\"isPartOf\":{\"@id\":\"https:\\\/\\\/barbados-shop.sk\\\/#website\"},\"primaryImageOfPage\":{\"@id\":\"https:\\\/\\\/barbados-shop.sk\\\/produkt\\\/zub-z-dinosaura-fosilie-dinosaurus-9\\\/#primaryimage\"},\"image\":{\"@id\":\"https:\\\/\\\/barbados-shop.sk\\\/produkt\\\/zub-z-dinosaura-fosilie-dinosaurus-9\\\/#primaryimage\"},\"thumbnailUrl\":\"https:\\\/\\\/i0.wp.com\\\/barbados-shop.sk\\\/wp-content\\\/uploads\\\/2024\\\/01\\\/IMG_20240108_204536.png?fit=2000%2C1327&ssl=1\",\"datePublished\":\"2024-01-08T20:25:49+00:00\",\"dateModified\":\"2024-11-22T09:52:28+00:00\",\"description\":\"Elosuchus bol druh krokod\u00edla mal pred\u013a\u017een\u00fd \u0148uf\u00e1k ako gharial a bol pravdepodobne vodn\u00fdm \u017eivo\u010d\u00edchom. Typov\u00fd druh,\u00a0E. cherifiensis z Al\u017e\u00edrska a Maroka\",\"breadcrumb\":{\"@id\":\"https:\\\/\\\/barbados-shop.sk\\\/produkt\\\/zub-z-dinosaura-fosilie-dinosaurus-9\\\/#breadcrumb\"},\"inLanguage\":\"en-US\",\"potentialAction\":[{\"@type\":\"ReadAction\",\"target\":[\"https:\\\/\\\/barbados-shop.sk\\\/produkt\\\/zub-z-dinosaura-fosilie-dinosaurus-9\\\/\"]}]},{\"@type\":\"ImageObject\",\"inLanguage\":\"en-US\",\"@id\":\"https:\\\/\\\/barbados-shop.sk\\\/produkt\\\/zub-z-dinosaura-fosilie-dinosaurus-9\\\/#primaryimage\",\"url\":\"https:\\\/\\\/i0.wp.com\\\/barbados-shop.sk\\\/wp-content\\\/uploads\\\/2024\\\/01\\\/IMG_20240108_204536.png?fit=2000%2C1327&ssl=1\",\"contentUrl\":\"https:\\\/\\\/i0.wp.com\\\/barbados-shop.sk\\\/wp-content\\\/uploads\\\/2024\\\/01\\\/IMG_20240108_204536.png?fit=2000%2C1327&ssl=1\",\"width\":2000,\"height\":1327,\"caption\":\"Zub z dinosaura\"},{\"@type\":\"BreadcrumbList\",\"@id\":\"https:\\\/\\\/barbados-shop.sk\\\/produkt\\\/zub-z-dinosaura-fosilie-dinosaurus-9\\\/#breadcrumb\",\"itemListElement\":[{\"@type\":\"ListItem\",\"position\":1,\"name\":\"Domovsk\u00e1 str\u00e1nka\",\"item\":\"https:\\\/\\\/barbados-shop.sk\\\/\"},{\"@type\":\"ListItem\",\"position\":2,\"name\":\"Obchod\",\"item\":\"https:\\\/\\\/barbados-shop.sk\\\/obchod\\\/\"},{\"@type\":\"ListItem\",\"position\":3,\"name\":\"Zub z dinosaura\"}]},{\"@type\":\"WebSite\",\"@id\":\"https:\\\/\\\/barbados-shop.sk\\\/#website\",\"url\":\"https:\\\/\\\/barbados-shop.sk\\\/\",\"name\":\"Barbados shop\",\"description\":\"Predaj exkluz\u00edvnych zberate\u013esk\u00fdch predmetov\",\"publisher\":{\"@id\":\"https:\\\/\\\/barbados-shop.sk\\\/#organization\"},\"potentialAction\":[{\"@type\":\"SearchAction\",\"target\":{\"@type\":\"EntryPoint\",\"urlTemplate\":\"https:\\\/\\\/barbados-shop.sk\\\/?s={search_term_string}\"},\"query-input\":{\"@type\":\"PropertyValueSpecification\",\"valueRequired\":true,\"valueName\":\"search_term_string\"}}],\"inLanguage\":\"en-US\"},{\"@type\":\"Organization\",\"@id\":\"https:\\\/\\\/barbados-shop.sk\\\/#organization\",\"name\":\"Barbados shop\",\"url\":\"https:\\\/\\\/barbados-shop.sk\\\/\",\"logo\":{\"@type\":\"ImageObject\",\"inLanguage\":\"en-US\",\"@id\":\"https:\\\/\\\/barbados-shop.sk\\\/#\\\/schema\\\/logo\\\/image\\\/\",\"url\":\"https:\\\/\\\/i0.wp.com\\\/barbados-shop.sk\\\/wp-content\\\/uploads\\\/2022\\\/11\\\/cropped-cropped-299016379_113204254827248_2560417915586279216_n-1.jpg?fit=870%2C870&ssl=1\",\"contentUrl\":\"https:\\\/\\\/i0.wp.com\\\/barbados-shop.sk\\\/wp-content\\\/uploads\\\/2022\\\/11\\\/cropped-cropped-299016379_113204254827248_2560417915586279216_n-1.jpg?fit=870%2C870&ssl=1\",\"width\":870,\"height\":870,\"caption\":\"Barbados shop\"},\"image\":{\"@id\":\"https:\\\/\\\/barbados-shop.sk\\\/#\\\/schema\\\/logo\\\/image\\\/\"},\"sameAs\":[\"https:\\\/\\\/www.facebook.com\\\/Barbadosexclusive\"]}]}<\/script>\n<!-- \/ Yoast SEO plugin. -->","yoast_head_json":{"title":"Zub z dinosaura - Barbados shop","description":"Elosuchus bol druh krokod\u00edla mal pred\u013a\u017een\u00fd \u0148uf\u00e1k ako gharial a bol pravdepodobne vodn\u00fdm \u017eivo\u010d\u00edchom. Typov\u00fd druh,\u00a0E. cherifiensis z Al\u017e\u00edrska a Maroka","robots":{"index":"index","follow":"follow","max-snippet":"max-snippet:-1","max-image-preview":"max-image-preview:large","max-video-preview":"max-video-preview:-1"},"canonical":"https:\/\/barbados-shop.sk\/en\/produkt\/zub-z-dinosaura-fosilie-dinosaurus-9\/","og_locale":"en_US","og_type":"article","og_title":"Zub z dinosaura - Barbados shop","og_description":"Elosuchus bol druh krokod\u00edla mal pred\u013a\u017een\u00fd \u0148uf\u00e1k ako gharial a bol pravdepodobne vodn\u00fdm \u017eivo\u010d\u00edchom. Typov\u00fd druh,\u00a0E. cherifiensis z Al\u017e\u00edrska a Maroka","og_url":"https:\/\/barbados-shop.sk\/en\/produkt\/zub-z-dinosaura-fosilie-dinosaurus-9\/","og_site_name":"Barbados shop","article_publisher":"https:\/\/www.facebook.com\/Barbadosexclusive","article_modified_time":"2024-11-22T09:52:28+00:00","og_image":[{"width":2000,"height":1327,"url":"https:\/\/i0.wp.com\/barbados-shop.sk\/wp-content\/uploads\/2024\/01\/IMG_20240108_204536.png?fit=2000%2C1327&ssl=1","type":"image\/png"}],"twitter_card":"summary_large_image","twitter_misc":{"Est. reading time":"1 minute"},"schema":{"@context":"https:\/\/schema.org","@graph":[{"@type":"WebPage","@id":"https:\/\/barbados-shop.sk\/produkt\/zub-z-dinosaura-fosilie-dinosaurus-9\/","url":"https:\/\/barbados-shop.sk\/produkt\/zub-z-dinosaura-fosilie-dinosaurus-9\/","name":"Zub z dinosaura - Barbados shop","isPartOf":{"@id":"https:\/\/barbados-shop.sk\/#website"},"primaryImageOfPage":{"@id":"https:\/\/barbados-shop.sk\/produkt\/zub-z-dinosaura-fosilie-dinosaurus-9\/#primaryimage"},"image":{"@id":"https:\/\/barbados-shop.sk\/produkt\/zub-z-dinosaura-fosilie-dinosaurus-9\/#primaryimage"},"thumbnailUrl":"https:\/\/i0.wp.com\/barbados-shop.sk\/wp-content\/uploads\/2024\/01\/IMG_20240108_204536.png?fit=2000%2C1327&ssl=1","datePublished":"2024-01-08T20:25:49+00:00","dateModified":"2024-11-22T09:52:28+00:00","description":"Elosuchus bol druh krokod\u00edla mal pred\u013a\u017een\u00fd \u0148uf\u00e1k ako gharial a bol pravdepodobne vodn\u00fdm \u017eivo\u010d\u00edchom. Typov\u00fd druh,\u00a0E. cherifiensis z Al\u017e\u00edrska a Maroka","breadcrumb":{"@id":"https:\/\/barbados-shop.sk\/produkt\/zub-z-dinosaura-fosilie-dinosaurus-9\/#breadcrumb"},"inLanguage":"en-US","potentialAction":[{"@type":"ReadAction","target":["https:\/\/barbados-shop.sk\/produkt\/zub-z-dinosaura-fosilie-dinosaurus-9\/"]}]},{"@type":"ImageObject","inLanguage":"en-US","@id":"https:\/\/barbados-shop.sk\/produkt\/zub-z-dinosaura-fosilie-dinosaurus-9\/#primaryimage","url":"https:\/\/i0.wp.com\/barbados-shop.sk\/wp-content\/uploads\/2024\/01\/IMG_20240108_204536.png?fit=2000%2C1327&ssl=1","contentUrl":"https:\/\/i0.wp.com\/barbados-shop.sk\/wp-content\/uploads\/2024\/01\/IMG_20240108_204536.png?fit=2000%2C1327&ssl=1","width":2000,"height":1327,"caption":"Zub z dinosaura"},{"@type":"BreadcrumbList","@id":"https:\/\/barbados-shop.sk\/produkt\/zub-z-dinosaura-fosilie-dinosaurus-9\/#breadcrumb","itemListElement":[{"@type":"ListItem","position":1,"name":"Domovsk\u00e1 str\u00e1nka","item":"https:\/\/barbados-shop.sk\/"},{"@type":"ListItem","position":2,"name":"Obchod","item":"https:\/\/barbados-shop.sk\/obchod\/"},{"@type":"ListItem","position":3,"name":"Zub z dinosaura"}]},{"@type":"WebSite","@id":"https:\/\/barbados-shop.sk\/#website","url":"https:\/\/barbados-shop.sk\/","name":"Barbados shop","description":"Predaj exkluz\u00edvnych zberate\u013esk\u00fdch predmetov","publisher":{"@id":"https:\/\/barbados-shop.sk\/#organization"},"potentialAction":[{"@type":"SearchAction","target":{"@type":"EntryPoint","urlTemplate":"https:\/\/barbados-shop.sk\/?s={search_term_string}"},"query-input":{"@type":"PropertyValueSpecification","valueRequired":true,"valueName":"search_term_string"}}],"inLanguage":"en-US"},{"@type":"Organization","@id":"https:\/\/barbados-shop.sk\/#organization","name":"Barbados shop","url":"https:\/\/barbados-shop.sk\/","logo":{"@type":"ImageObject","inLanguage":"en-US","@id":"https:\/\/barbados-shop.sk\/#\/schema\/logo\/image\/","url":"https:\/\/i0.wp.com\/barbados-shop.sk\/wp-content\/uploads\/2022\/11\/cropped-cropped-299016379_113204254827248_2560417915586279216_n-1.jpg?fit=870%2C870&ssl=1","contentUrl":"https:\/\/i0.wp.com\/barbados-shop.sk\/wp-content\/uploads\/2022\/11\/cropped-cropped-299016379_113204254827248_2560417915586279216_n-1.jpg?fit=870%2C870&ssl=1","width":870,"height":870,"caption":"Barbados shop"},"image":{"@id":"https:\/\/barbados-shop.sk\/#\/schema\/logo\/image\/"},"sameAs":["https:\/\/www.facebook.com\/Barbadosexclusive"]}]}},"jetpack_publicize_connections":[],"jetpack_likes_enabled":true,"jetpack_sharing_enabled":true,"jetpack-related-posts":[],"_links":{"self":[{"href":"https:\/\/barbados-shop.sk\/en\/wp-json\/wp\/v2\/product\/4294","targetHints":{"allow":["GET"]}}],"collection":[{"href":"https:\/\/barbados-shop.sk\/en\/wp-json\/wp\/v2\/product"}],"about":[{"href":"https:\/\/barbados-shop.sk\/en\/wp-json\/wp\/v2\/types\/product"}],"replies":[{"embeddable":true,"href":"https:\/\/barbados-shop.sk\/en\/wp-json\/wp\/v2\/comments?post=4294"}],"wp:featuredmedia":[{"embeddable":true,"href":"https:\/\/barbados-shop.sk\/en\/wp-json\/wp\/v2\/media\/4254"}],"wp:attachment":[{"href":"https:\/\/barbados-shop.sk\/en\/wp-json\/wp\/v2\/media?parent=4294"}],"wp:term":[{"taxonomy":"product_brand","embeddable":true,"href":"https:\/\/barbados-shop.sk\/en\/wp-json\/wp\/v2\/product_brand?post=4294"},{"taxonomy":"product_cat","embeddable":true,"href":"https:\/\/barbados-shop.sk\/en\/wp-json\/wp\/v2\/product_cat?post=4294"},{"taxonomy":"product_tag","embeddable":true,"href":"https:\/\/barbados-shop.sk\/en\/wp-json\/wp\/v2\/product_tag?post=4294"}],"curies":[{"name":"wp","href":"https:\/\/api.w.org\/{rel}","templated":true}]}}