{"id":5097,"date":"2024-10-06T11:23:56","date_gmt":"2024-10-06T09:23:56","guid":{"rendered":"https:\/\/barbadosshop.wpcomstaging.com\/?post_type=product&#038;p=5097"},"modified":"2024-10-06T11:23:56","modified_gmt":"2024-10-06T09:23:56","slug":"soska-baule","status":"publish","type":"product","link":"https:\/\/barbados-shop.sk\/en\/produkt\/soska-baule\/","title":{"rendered":"So\u0161ka Baule"},"content":{"rendered":"<p style=\"text-align: left;\"><strong>So\u0161ka Baule z Pobre\u017eia Slonoviny \u2013 Majstrovsk\u00fd k\u00fasok africk\u00e9ho umenia<\/strong><\/p>\n<p style=\"text-align: left;\">T\u00e1to dreven\u00e1 socha poch\u00e1dza z kme\u0148a Baule jedn\u00e9ho z najv\u00fdznamnej\u0161\u00edch etn\u00edk Pobre\u017eia Slonoviny, a poch\u00e1dza z regi\u00f3nu Dimbokro. Zberate\u013e Amadou Bouafl\u00e9 ju z\u00edskal v Abidjane, \u010do sved\u010d\u00ed o jej kvalitnej proveniencii.&nbsp;<\/p>\n<p style=\"text-align: left;\">Socha m\u00e1 v\u00fd\u0161ku 44 cm a v\u00e1\u017ei 0,8 kg, \u010d\u00edm zaujme svojimi proporciami a prepracovan\u00fdmi detailmi. Aj napriek vidite\u013en\u00fdm zn\u00e1mkam pou\u017e\u00edvania si udr\u017euje slu\u0161n\u00fd stav a prin\u00e1\u0161a autentick\u00fa atmosf\u00e9ru tradi\u010dn\u00e9ho africk\u00e9ho umenia.<\/p>\n<p style=\"text-align: left;\">So\u0161ka sa dod\u00e1va so stojanom, ktor\u00fd umo\u017e\u0148uje jej jednoduch\u00e9 a elegantn\u00e9 vystavenie v akomko\u013evek priestore.<\/p>\n<p>So\u0161ka sa dod\u00e1va aj s certifik\u00e1tom pravosti.&nbsp;<\/p>\n","protected":false},"excerpt":{"rendered":"<p>So\u0161ka Baule z Pobre\u017eia Slonoviny \u2013 Majstrovsk\u00fd k\u00fasok africk\u00e9ho umenia T\u00e1to dreven\u00e1 socha poch\u00e1dza z kme\u0148a Baule jedn\u00e9ho z najv\u00fdznamnej\u0161\u00edch etn\u00edk Pobre\u017eia Slonoviny, a poch\u00e1dza z regi\u00f3nu Dimbokro. Zberate\u013e Amadou Bouafl\u00e9 ju z\u00edskal v Abidjane, \u010do sved\u010d\u00ed o jej kvalitnej proveniencii.&nbsp; Socha m\u00e1 v\u00fd\u0161ku 44 cm a v\u00e1\u017ei 0,8 kg, \u010d\u00edm zaujme svojimi proporciami a<a class=\"more-link\" href=\"https:\/\/barbados-shop.sk\/en\/produkt\/soska-baule\/\">Continue reading <span class=\"screen-reader-text\">&#8220;So\u0161ka Baule&#8221;<\/span><\/a><\/p>\n","protected":false},"featured_media":5099,"comment_status":"open","ping_status":"closed","template":"","meta":{"_crdt_document":"","ngg_post_thumbnail":0,"pgc_sgb_lightbox_settings":"","jetpack_publicize_message":"","jetpack_publicize_feature_enabled":true,"jetpack_social_post_already_shared":true,"jetpack_social_options":{"image_generator_settings":{"template":"highway","default_image_id":0,"font":"","enabled":false},"version":2},"_wpas_customize_per_network":false},"product_brand":[],"product_cat":[755562498],"product_tag":[],"class_list":{"0":"post-5097","1":"product","2":"type-product","3":"status-publish","4":"has-post-thumbnail","6":"product_cat-zberatelske-predmety","7":"entry","9":"first","10":"instock","11":"shipping-taxable","12":"purchasable","13":"product-type-simple"},"yoast_head":"<!-- This site is optimized with the Yoast SEO plugin v27.4 - https:\/\/yoast.com\/product\/yoast-seo-wordpress\/ -->\n<title>So\u0161ka Baule - Barbados shop<\/title>\n<meta name=\"description\" content=\"Socha Baule z Pobre\u017eia Slonoviny \u2013 Majstrovsk\u00fd k\u00fasok africk\u00e9ho umeniaT\u00e1to dreven\u00e1 socha poch\u00e1dza z kme\u0148a Baule, jedn\u00e9ho z najv\u00fdznamnej\u0161\u00edch etn\u00edk Pobre\u017eia\" \/>\n<meta name=\"robots\" content=\"index, follow, max-snippet:-1, max-image-preview:large, max-video-preview:-1\" \/>\n<link rel=\"canonical\" href=\"https:\/\/barbados-shop.sk\/en\/produkt\/soska-baule\/\" \/>\n<meta property=\"og:locale\" content=\"en_US\" \/>\n<meta property=\"og:locale:alternate\" content=\"sk_SK\" \/>\n<meta property=\"og:type\" content=\"article\" \/>\n<meta property=\"og:title\" content=\"So\u0161ka Baule - Barbados shop\" \/>\n<meta property=\"og:description\" content=\"Socha Baule z Pobre\u017eia Slonoviny \u2013 Majstrovsk\u00fd k\u00fasok africk\u00e9ho umeniaT\u00e1to dreven\u00e1 socha poch\u00e1dza z kme\u0148a Baule, jedn\u00e9ho z najv\u00fdznamnej\u0161\u00edch etn\u00edk Pobre\u017eia\" \/>\n<meta property=\"og:url\" content=\"https:\/\/barbados-shop.sk\/en\/produkt\/soska-baule\/\" \/>\n<meta property=\"og:site_name\" content=\"Barbados shop\" \/>\n<meta property=\"article:publisher\" content=\"https:\/\/www.facebook.com\/Barbadosexclusive\" \/>\n<meta property=\"og:image\" content=\"https:\/\/i0.wp.com\/barbados-shop.sk\/wp-content\/uploads\/2024\/10\/Photoroom-20241005_225540.png?fit=1536%2C2048&ssl=1\" \/>\n\t<meta property=\"og:image:width\" content=\"1536\" \/>\n\t<meta property=\"og:image:height\" content=\"2048\" \/>\n\t<meta property=\"og:image:type\" content=\"image\/png\" \/>\n<meta name=\"twitter:card\" content=\"summary_large_image\" \/>\n<meta name=\"twitter:label1\" content=\"Est. reading time\" \/>\n\t<meta name=\"twitter:data1\" content=\"1 minute\" \/>\n<script type=\"application\/ld+json\" class=\"yoast-schema-graph\">{\"@context\":\"https:\\\/\\\/schema.org\",\"@graph\":[{\"@type\":\"WebPage\",\"@id\":\"https:\\\/\\\/barbados-shop.sk\\\/produkt\\\/soska-baule\\\/\",\"url\":\"https:\\\/\\\/barbados-shop.sk\\\/produkt\\\/soska-baule\\\/\",\"name\":\"So\u0161ka Baule - Barbados shop\",\"isPartOf\":{\"@id\":\"https:\\\/\\\/barbados-shop.sk\\\/#website\"},\"primaryImageOfPage\":{\"@id\":\"https:\\\/\\\/barbados-shop.sk\\\/produkt\\\/soska-baule\\\/#primaryimage\"},\"image\":{\"@id\":\"https:\\\/\\\/barbados-shop.sk\\\/produkt\\\/soska-baule\\\/#primaryimage\"},\"thumbnailUrl\":\"https:\\\/\\\/i0.wp.com\\\/barbados-shop.sk\\\/wp-content\\\/uploads\\\/2024\\\/10\\\/Photoroom-20241005_225540.png?fit=1536%2C2048&ssl=1\",\"datePublished\":\"2024-10-06T09:23:56+00:00\",\"description\":\"Socha Baule z Pobre\u017eia Slonoviny \u2013 Majstrovsk\u00fd k\u00fasok africk\u00e9ho umeniaT\u00e1to dreven\u00e1 socha poch\u00e1dza z kme\u0148a Baule, jedn\u00e9ho z najv\u00fdznamnej\u0161\u00edch etn\u00edk Pobre\u017eia\",\"breadcrumb\":{\"@id\":\"https:\\\/\\\/barbados-shop.sk\\\/produkt\\\/soska-baule\\\/#breadcrumb\"},\"inLanguage\":\"en-US\",\"potentialAction\":[{\"@type\":\"ReadAction\",\"target\":[\"https:\\\/\\\/barbados-shop.sk\\\/produkt\\\/soska-baule\\\/\"]}]},{\"@type\":\"ImageObject\",\"inLanguage\":\"en-US\",\"@id\":\"https:\\\/\\\/barbados-shop.sk\\\/produkt\\\/soska-baule\\\/#primaryimage\",\"url\":\"https:\\\/\\\/i0.wp.com\\\/barbados-shop.sk\\\/wp-content\\\/uploads\\\/2024\\\/10\\\/Photoroom-20241005_225540.png?fit=1536%2C2048&ssl=1\",\"contentUrl\":\"https:\\\/\\\/i0.wp.com\\\/barbados-shop.sk\\\/wp-content\\\/uploads\\\/2024\\\/10\\\/Photoroom-20241005_225540.png?fit=1536%2C2048&ssl=1\",\"width\":1536,\"height\":2048},{\"@type\":\"BreadcrumbList\",\"@id\":\"https:\\\/\\\/barbados-shop.sk\\\/produkt\\\/soska-baule\\\/#breadcrumb\",\"itemListElement\":[{\"@type\":\"ListItem\",\"position\":1,\"name\":\"Domovsk\u00e1 str\u00e1nka\",\"item\":\"https:\\\/\\\/barbados-shop.sk\\\/\"},{\"@type\":\"ListItem\",\"position\":2,\"name\":\"Obchod\",\"item\":\"https:\\\/\\\/barbados-shop.sk\\\/obchod\\\/\"},{\"@type\":\"ListItem\",\"position\":3,\"name\":\"So\u0161ka Baule\"}]},{\"@type\":\"WebSite\",\"@id\":\"https:\\\/\\\/barbados-shop.sk\\\/#website\",\"url\":\"https:\\\/\\\/barbados-shop.sk\\\/\",\"name\":\"Barbados shop\",\"description\":\"Predaj exkluz\u00edvnych zberate\u013esk\u00fdch predmetov\",\"publisher\":{\"@id\":\"https:\\\/\\\/barbados-shop.sk\\\/#organization\"},\"potentialAction\":[{\"@type\":\"SearchAction\",\"target\":{\"@type\":\"EntryPoint\",\"urlTemplate\":\"https:\\\/\\\/barbados-shop.sk\\\/?s={search_term_string}\"},\"query-input\":{\"@type\":\"PropertyValueSpecification\",\"valueRequired\":true,\"valueName\":\"search_term_string\"}}],\"inLanguage\":\"en-US\"},{\"@type\":\"Organization\",\"@id\":\"https:\\\/\\\/barbados-shop.sk\\\/#organization\",\"name\":\"Barbados shop\",\"url\":\"https:\\\/\\\/barbados-shop.sk\\\/\",\"logo\":{\"@type\":\"ImageObject\",\"inLanguage\":\"en-US\",\"@id\":\"https:\\\/\\\/barbados-shop.sk\\\/#\\\/schema\\\/logo\\\/image\\\/\",\"url\":\"https:\\\/\\\/i0.wp.com\\\/barbados-shop.sk\\\/wp-content\\\/uploads\\\/2022\\\/11\\\/cropped-cropped-299016379_113204254827248_2560417915586279216_n-1.jpg?fit=870%2C870&ssl=1\",\"contentUrl\":\"https:\\\/\\\/i0.wp.com\\\/barbados-shop.sk\\\/wp-content\\\/uploads\\\/2022\\\/11\\\/cropped-cropped-299016379_113204254827248_2560417915586279216_n-1.jpg?fit=870%2C870&ssl=1\",\"width\":870,\"height\":870,\"caption\":\"Barbados shop\"},\"image\":{\"@id\":\"https:\\\/\\\/barbados-shop.sk\\\/#\\\/schema\\\/logo\\\/image\\\/\"},\"sameAs\":[\"https:\\\/\\\/www.facebook.com\\\/Barbadosexclusive\"]}]}<\/script>\n<!-- \/ Yoast SEO plugin. -->","yoast_head_json":{"title":"So\u0161ka Baule - Barbados shop","description":"Socha Baule z Pobre\u017eia Slonoviny \u2013 Majstrovsk\u00fd k\u00fasok africk\u00e9ho umeniaT\u00e1to dreven\u00e1 socha poch\u00e1dza z kme\u0148a Baule, jedn\u00e9ho z najv\u00fdznamnej\u0161\u00edch etn\u00edk Pobre\u017eia","robots":{"index":"index","follow":"follow","max-snippet":"max-snippet:-1","max-image-preview":"max-image-preview:large","max-video-preview":"max-video-preview:-1"},"canonical":"https:\/\/barbados-shop.sk\/en\/produkt\/soska-baule\/","og_locale":"en_US","og_type":"article","og_title":"So\u0161ka Baule - Barbados shop","og_description":"Socha Baule z Pobre\u017eia Slonoviny \u2013 Majstrovsk\u00fd k\u00fasok africk\u00e9ho umeniaT\u00e1to dreven\u00e1 socha poch\u00e1dza z kme\u0148a Baule, jedn\u00e9ho z najv\u00fdznamnej\u0161\u00edch etn\u00edk Pobre\u017eia","og_url":"https:\/\/barbados-shop.sk\/en\/produkt\/soska-baule\/","og_site_name":"Barbados shop","article_publisher":"https:\/\/www.facebook.com\/Barbadosexclusive","og_image":[{"width":1536,"height":2048,"url":"https:\/\/i0.wp.com\/barbados-shop.sk\/wp-content\/uploads\/2024\/10\/Photoroom-20241005_225540.png?fit=1536%2C2048&ssl=1","type":"image\/png"}],"twitter_card":"summary_large_image","twitter_misc":{"Est. reading time":"1 minute"},"schema":{"@context":"https:\/\/schema.org","@graph":[{"@type":"WebPage","@id":"https:\/\/barbados-shop.sk\/produkt\/soska-baule\/","url":"https:\/\/barbados-shop.sk\/produkt\/soska-baule\/","name":"So\u0161ka Baule - Barbados shop","isPartOf":{"@id":"https:\/\/barbados-shop.sk\/#website"},"primaryImageOfPage":{"@id":"https:\/\/barbados-shop.sk\/produkt\/soska-baule\/#primaryimage"},"image":{"@id":"https:\/\/barbados-shop.sk\/produkt\/soska-baule\/#primaryimage"},"thumbnailUrl":"https:\/\/i0.wp.com\/barbados-shop.sk\/wp-content\/uploads\/2024\/10\/Photoroom-20241005_225540.png?fit=1536%2C2048&ssl=1","datePublished":"2024-10-06T09:23:56+00:00","description":"Socha Baule z Pobre\u017eia Slonoviny \u2013 Majstrovsk\u00fd k\u00fasok africk\u00e9ho umeniaT\u00e1to dreven\u00e1 socha poch\u00e1dza z kme\u0148a Baule, jedn\u00e9ho z najv\u00fdznamnej\u0161\u00edch etn\u00edk Pobre\u017eia","breadcrumb":{"@id":"https:\/\/barbados-shop.sk\/produkt\/soska-baule\/#breadcrumb"},"inLanguage":"en-US","potentialAction":[{"@type":"ReadAction","target":["https:\/\/barbados-shop.sk\/produkt\/soska-baule\/"]}]},{"@type":"ImageObject","inLanguage":"en-US","@id":"https:\/\/barbados-shop.sk\/produkt\/soska-baule\/#primaryimage","url":"https:\/\/i0.wp.com\/barbados-shop.sk\/wp-content\/uploads\/2024\/10\/Photoroom-20241005_225540.png?fit=1536%2C2048&ssl=1","contentUrl":"https:\/\/i0.wp.com\/barbados-shop.sk\/wp-content\/uploads\/2024\/10\/Photoroom-20241005_225540.png?fit=1536%2C2048&ssl=1","width":1536,"height":2048},{"@type":"BreadcrumbList","@id":"https:\/\/barbados-shop.sk\/produkt\/soska-baule\/#breadcrumb","itemListElement":[{"@type":"ListItem","position":1,"name":"Domovsk\u00e1 str\u00e1nka","item":"https:\/\/barbados-shop.sk\/"},{"@type":"ListItem","position":2,"name":"Obchod","item":"https:\/\/barbados-shop.sk\/obchod\/"},{"@type":"ListItem","position":3,"name":"So\u0161ka Baule"}]},{"@type":"WebSite","@id":"https:\/\/barbados-shop.sk\/#website","url":"https:\/\/barbados-shop.sk\/","name":"Barbados shop","description":"Predaj exkluz\u00edvnych zberate\u013esk\u00fdch predmetov","publisher":{"@id":"https:\/\/barbados-shop.sk\/#organization"},"potentialAction":[{"@type":"SearchAction","target":{"@type":"EntryPoint","urlTemplate":"https:\/\/barbados-shop.sk\/?s={search_term_string}"},"query-input":{"@type":"PropertyValueSpecification","valueRequired":true,"valueName":"search_term_string"}}],"inLanguage":"en-US"},{"@type":"Organization","@id":"https:\/\/barbados-shop.sk\/#organization","name":"Barbados shop","url":"https:\/\/barbados-shop.sk\/","logo":{"@type":"ImageObject","inLanguage":"en-US","@id":"https:\/\/barbados-shop.sk\/#\/schema\/logo\/image\/","url":"https:\/\/i0.wp.com\/barbados-shop.sk\/wp-content\/uploads\/2022\/11\/cropped-cropped-299016379_113204254827248_2560417915586279216_n-1.jpg?fit=870%2C870&ssl=1","contentUrl":"https:\/\/i0.wp.com\/barbados-shop.sk\/wp-content\/uploads\/2022\/11\/cropped-cropped-299016379_113204254827248_2560417915586279216_n-1.jpg?fit=870%2C870&ssl=1","width":870,"height":870,"caption":"Barbados shop"},"image":{"@id":"https:\/\/barbados-shop.sk\/#\/schema\/logo\/image\/"},"sameAs":["https:\/\/www.facebook.com\/Barbadosexclusive"]}]}},"jetpack_publicize_connections":[],"jetpack_likes_enabled":true,"jetpack_sharing_enabled":true,"jetpack-related-posts":[],"_links":{"self":[{"href":"https:\/\/barbados-shop.sk\/en\/wp-json\/wp\/v2\/product\/5097","targetHints":{"allow":["GET"]}}],"collection":[{"href":"https:\/\/barbados-shop.sk\/en\/wp-json\/wp\/v2\/product"}],"about":[{"href":"https:\/\/barbados-shop.sk\/en\/wp-json\/wp\/v2\/types\/product"}],"replies":[{"embeddable":true,"href":"https:\/\/barbados-shop.sk\/en\/wp-json\/wp\/v2\/comments?post=5097"}],"wp:featuredmedia":[{"embeddable":true,"href":"https:\/\/barbados-shop.sk\/en\/wp-json\/wp\/v2\/media\/5099"}],"wp:attachment":[{"href":"https:\/\/barbados-shop.sk\/en\/wp-json\/wp\/v2\/media?parent=5097"}],"wp:term":[{"taxonomy":"product_brand","embeddable":true,"href":"https:\/\/barbados-shop.sk\/en\/wp-json\/wp\/v2\/product_brand?post=5097"},{"taxonomy":"product_cat","embeddable":true,"href":"https:\/\/barbados-shop.sk\/en\/wp-json\/wp\/v2\/product_cat?post=5097"},{"taxonomy":"product_tag","embeddable":true,"href":"https:\/\/barbados-shop.sk\/en\/wp-json\/wp\/v2\/product_tag?post=5097"}],"curies":[{"name":"wp","href":"https:\/\/api.w.org\/{rel}","templated":true}]}}