{"id":5267,"date":"2024-11-13T20:53:33","date_gmt":"2024-11-13T19:53:33","guid":{"rendered":"https:\/\/barbadosshop.wpcomstaging.com\/?post_type=product&#038;p=5267"},"modified":"2025-03-20T19:50:36","modified_gmt":"2025-03-20T18:50:36","slug":"meteorit-campo-del-cielo-8","status":"publish","type":"product","link":"https:\/\/barbados-shop.sk\/en\/produkt\/meteorit-campo-del-cielo-8\/","title":{"rendered":"Meteorit Campo del Cielo"},"content":{"rendered":"<p>Campo del Cielo je oblas\u0165 v Argent\u00edne, kde do\u0161lo k v\u00fdznamn\u00e9mu z\u00e1sahu astronomick\u00e9ho telesa. Nach\u00e1dza sa na hranici provinci\u00ed Chaco a Santiago del Estero, 1000 km severoz\u00e1padne od Buenos Aires. Na ploche okolo 20 000 km\u00b2 v tvare elipsy sa nach\u00e1dza 26 kr\u00e1terov, z ktor\u00fdch najv\u00e4\u010d\u0161\u00ed meria 115&#215;91 metrov a je hlbok\u00fd cez dva metre.<\/p>\n<p>Pod\u013ea r\u00e1diouhl\u00edkovej met\u00f3dy datovania sa to stalo v 3. tis\u00edcro\u010d\u00ed pred Kristom. n. l. k dopadu asteroidu zo skupiny Apollo, ktor\u00fd sa rozpadol v atmosf\u00e9re a ako d\u00e1\u017e\u010f sideritov dopadol na zemsk\u00fd povrch. Hmotnos\u0165 telesa bola odhadnut\u00e1 na viac ako 800 ton a jeho priemer minim\u00e1lne 4 metre. Meteority sa skladaj\u00fa z 92,9 % \u017eeleza, 6,7 % niklu, 0,4 % kobaltu a 0,3 % fosforu<\/p>\n<p>Ve\u013ekos\u0165: 19 mm<\/p>\n<p>V\u00e1ha: 2 g<\/p>\n","protected":false},"excerpt":{"rendered":"<p>Campo del Cielo je oblas\u0165 v Argent\u00edne, kde do\u0161lo k v\u00fdznamn\u00e9mu z\u00e1sahu astronomick\u00e9ho telesa. Nach\u00e1dza sa na hranici provinci\u00ed Chaco a Santiago del Estero, 1000 km severoz\u00e1padne od Buenos Aires. Na ploche okolo 20 000 km\u00b2 v tvare elipsy sa nach\u00e1dza 26 kr\u00e1terov, z ktor\u00fdch najv\u00e4\u010d\u0161\u00ed meria 115&#215;91 metrov a je hlbok\u00fd cez dva metre.<a class=\"more-link\" href=\"https:\/\/barbados-shop.sk\/en\/produkt\/meteorit-campo-del-cielo-8\/\">Continue reading <span class=\"screen-reader-text\">&#8220;Meteorit Campo del Cielo&#8221;<\/span><\/a><\/p>\n","protected":false},"featured_media":5269,"comment_status":"open","ping_status":"closed","template":"","meta":{"_crdt_document":"","ngg_post_thumbnail":0,"pgc_sgb_lightbox_settings":"","jetpack_publicize_message":"","jetpack_publicize_feature_enabled":true,"jetpack_social_post_already_shared":true,"jetpack_social_options":{"image_generator_settings":{"template":"highway","default_image_id":0,"font":"","enabled":false},"version":2},"_wpas_customize_per_network":false},"product_brand":[],"product_cat":[755562556],"product_tag":[],"class_list":{"0":"post-5267","1":"product","2":"type-product","3":"status-publish","4":"has-post-thumbnail","6":"product_cat-meteority","7":"entry","9":"first","10":"outofstock","11":"shipping-taxable","12":"purchasable","13":"product-type-simple"},"yoast_head":"<!-- This site is optimized with the Yoast SEO plugin v27.5 - https:\/\/yoast.com\/product\/yoast-seo-wordpress\/ -->\n<title>Meteorit Campo del Cielo<\/title>\n<meta name=\"description\" content=\"Campo del Cielo je oblas\u0165 v Argent\u00edne, kde do\u0161lo k v\u00fdznamn\u00e9mu z\u00e1sahu astronomick\u00e9ho telesa. Nach\u00e1dza sa na hranici provinci\u00ed Chaco a Santiago del Estero\" \/>\n<meta name=\"robots\" content=\"index, follow, max-snippet:-1, max-image-preview:large, max-video-preview:-1\" \/>\n<link rel=\"canonical\" href=\"https:\/\/barbados-shop.sk\/en\/produkt\/meteorit-campo-del-cielo-8\/\" \/>\n<meta property=\"og:locale\" content=\"en_US\" \/>\n<meta property=\"og:locale:alternate\" content=\"sk_SK\" \/>\n<meta property=\"og:type\" content=\"article\" \/>\n<meta property=\"og:title\" content=\"Meteorit Campo del Cielo\" \/>\n<meta property=\"og:description\" content=\"Campo del Cielo je oblas\u0165 v Argent\u00edne, kde do\u0161lo k v\u00fdznamn\u00e9mu z\u00e1sahu astronomick\u00e9ho telesa. Nach\u00e1dza sa na hranici provinci\u00ed Chaco a Santiago del Estero\" \/>\n<meta property=\"og:url\" content=\"https:\/\/barbados-shop.sk\/en\/produkt\/meteorit-campo-del-cielo-8\/\" \/>\n<meta property=\"og:site_name\" content=\"Barbados shop\" \/>\n<meta property=\"article:publisher\" content=\"https:\/\/www.facebook.com\/Barbadosexclusive\" \/>\n<meta property=\"article:modified_time\" content=\"2025-03-20T18:50:36+00:00\" \/>\n<meta property=\"og:image\" content=\"https:\/\/i0.wp.com\/barbados-shop.sk\/wp-content\/uploads\/2024\/11\/Photoroom-20241112_214131_1.png?fit=2000%2C1500&ssl=1\" \/>\n\t<meta property=\"og:image:width\" content=\"2000\" \/>\n\t<meta property=\"og:image:height\" content=\"1500\" \/>\n\t<meta property=\"og:image:type\" content=\"image\/png\" \/>\n<meta name=\"twitter:card\" content=\"summary_large_image\" \/>\n<meta name=\"twitter:label1\" content=\"Est. reading time\" \/>\n\t<meta name=\"twitter:data1\" content=\"1 minute\" \/>\n<script type=\"application\/ld+json\" class=\"yoast-schema-graph\">{\"@context\":\"https:\\\/\\\/schema.org\",\"@graph\":[{\"@type\":\"WebPage\",\"@id\":\"https:\\\/\\\/barbados-shop.sk\\\/produkt\\\/meteorit-campo-del-cielo-8\\\/\",\"url\":\"https:\\\/\\\/barbados-shop.sk\\\/produkt\\\/meteorit-campo-del-cielo-8\\\/\",\"name\":\"Meteorit Campo del Cielo\",\"isPartOf\":{\"@id\":\"https:\\\/\\\/barbados-shop.sk\\\/#website\"},\"primaryImageOfPage\":{\"@id\":\"https:\\\/\\\/barbados-shop.sk\\\/produkt\\\/meteorit-campo-del-cielo-8\\\/#primaryimage\"},\"image\":{\"@id\":\"https:\\\/\\\/barbados-shop.sk\\\/produkt\\\/meteorit-campo-del-cielo-8\\\/#primaryimage\"},\"thumbnailUrl\":\"https:\\\/\\\/i0.wp.com\\\/barbados-shop.sk\\\/wp-content\\\/uploads\\\/2024\\\/11\\\/Photoroom-20241112_214131_1.png?fit=2000%2C1500&ssl=1\",\"datePublished\":\"2024-11-13T19:53:33+00:00\",\"dateModified\":\"2025-03-20T18:50:36+00:00\",\"description\":\"Campo del Cielo je oblas\u0165 v Argent\u00edne, kde do\u0161lo k v\u00fdznamn\u00e9mu z\u00e1sahu astronomick\u00e9ho telesa. Nach\u00e1dza sa na hranici provinci\u00ed Chaco a Santiago del Estero\",\"breadcrumb\":{\"@id\":\"https:\\\/\\\/barbados-shop.sk\\\/produkt\\\/meteorit-campo-del-cielo-8\\\/#breadcrumb\"},\"inLanguage\":\"en-US\",\"potentialAction\":[{\"@type\":\"ReadAction\",\"target\":[\"https:\\\/\\\/barbados-shop.sk\\\/produkt\\\/meteorit-campo-del-cielo-8\\\/\"]}]},{\"@type\":\"ImageObject\",\"inLanguage\":\"en-US\",\"@id\":\"https:\\\/\\\/barbados-shop.sk\\\/produkt\\\/meteorit-campo-del-cielo-8\\\/#primaryimage\",\"url\":\"https:\\\/\\\/i0.wp.com\\\/barbados-shop.sk\\\/wp-content\\\/uploads\\\/2024\\\/11\\\/Photoroom-20241112_214131_1.png?fit=2000%2C1500&ssl=1\",\"contentUrl\":\"https:\\\/\\\/i0.wp.com\\\/barbados-shop.sk\\\/wp-content\\\/uploads\\\/2024\\\/11\\\/Photoroom-20241112_214131_1.png?fit=2000%2C1500&ssl=1\",\"width\":2000,\"height\":1500},{\"@type\":\"BreadcrumbList\",\"@id\":\"https:\\\/\\\/barbados-shop.sk\\\/produkt\\\/meteorit-campo-del-cielo-8\\\/#breadcrumb\",\"itemListElement\":[{\"@type\":\"ListItem\",\"position\":1,\"name\":\"Domovsk\u00e1 str\u00e1nka\",\"item\":\"https:\\\/\\\/barbados-shop.sk\\\/\"},{\"@type\":\"ListItem\",\"position\":2,\"name\":\"Obchod\",\"item\":\"https:\\\/\\\/barbados-shop.sk\\\/obchod\\\/\"},{\"@type\":\"ListItem\",\"position\":3,\"name\":\"Meteorit Campo del Cielo\"}]},{\"@type\":\"WebSite\",\"@id\":\"https:\\\/\\\/barbados-shop.sk\\\/#website\",\"url\":\"https:\\\/\\\/barbados-shop.sk\\\/\",\"name\":\"Barbados shop\",\"description\":\"Predaj exkluz\u00edvnych zberate\u013esk\u00fdch predmetov\",\"publisher\":{\"@id\":\"https:\\\/\\\/barbados-shop.sk\\\/#organization\"},\"potentialAction\":[{\"@type\":\"SearchAction\",\"target\":{\"@type\":\"EntryPoint\",\"urlTemplate\":\"https:\\\/\\\/barbados-shop.sk\\\/?s={search_term_string}\"},\"query-input\":{\"@type\":\"PropertyValueSpecification\",\"valueRequired\":true,\"valueName\":\"search_term_string\"}}],\"inLanguage\":\"en-US\"},{\"@type\":\"Organization\",\"@id\":\"https:\\\/\\\/barbados-shop.sk\\\/#organization\",\"name\":\"Barbados shop\",\"url\":\"https:\\\/\\\/barbados-shop.sk\\\/\",\"logo\":{\"@type\":\"ImageObject\",\"inLanguage\":\"en-US\",\"@id\":\"https:\\\/\\\/barbados-shop.sk\\\/#\\\/schema\\\/logo\\\/image\\\/\",\"url\":\"https:\\\/\\\/i0.wp.com\\\/barbados-shop.sk\\\/wp-content\\\/uploads\\\/2022\\\/11\\\/cropped-cropped-299016379_113204254827248_2560417915586279216_n-1.jpg?fit=870%2C870&ssl=1\",\"contentUrl\":\"https:\\\/\\\/i0.wp.com\\\/barbados-shop.sk\\\/wp-content\\\/uploads\\\/2022\\\/11\\\/cropped-cropped-299016379_113204254827248_2560417915586279216_n-1.jpg?fit=870%2C870&ssl=1\",\"width\":870,\"height\":870,\"caption\":\"Barbados shop\"},\"image\":{\"@id\":\"https:\\\/\\\/barbados-shop.sk\\\/#\\\/schema\\\/logo\\\/image\\\/\"},\"sameAs\":[\"https:\\\/\\\/www.facebook.com\\\/Barbadosexclusive\"]}]}<\/script>\n<!-- \/ Yoast SEO plugin. -->","yoast_head_json":{"title":"Meteorit Campo del Cielo","description":"Campo del Cielo je oblas\u0165 v Argent\u00edne, kde do\u0161lo k v\u00fdznamn\u00e9mu z\u00e1sahu astronomick\u00e9ho telesa. Nach\u00e1dza sa na hranici provinci\u00ed Chaco a Santiago del Estero","robots":{"index":"index","follow":"follow","max-snippet":"max-snippet:-1","max-image-preview":"max-image-preview:large","max-video-preview":"max-video-preview:-1"},"canonical":"https:\/\/barbados-shop.sk\/en\/produkt\/meteorit-campo-del-cielo-8\/","og_locale":"en_US","og_type":"article","og_title":"[:sk]Meteorit Campo del Cielo[:] - Barbados shop","og_description":"Campo del Cielo je oblas\u0165 v Argent\u00edne, kde do\u0161lo k v\u00fdznamn\u00e9mu z\u00e1sahu astronomick\u00e9ho telesa. Nach\u00e1dza sa na hranici provinci\u00ed Chaco a Santiago del Estero","og_url":"https:\/\/barbados-shop.sk\/en\/produkt\/meteorit-campo-del-cielo-8\/","og_site_name":"Barbados shop","article_publisher":"https:\/\/www.facebook.com\/Barbadosexclusive","article_modified_time":"2025-03-20T18:50:36+00:00","og_image":[{"width":2000,"height":1500,"url":"https:\/\/i0.wp.com\/barbados-shop.sk\/wp-content\/uploads\/2024\/11\/Photoroom-20241112_214131_1.png?fit=2000%2C1500&ssl=1","type":"image\/png"}],"twitter_card":"summary_large_image","twitter_misc":{"Est. reading time":"1 minute"},"schema":{"@context":"https:\/\/schema.org","@graph":[{"@type":"WebPage","@id":"https:\/\/barbados-shop.sk\/produkt\/meteorit-campo-del-cielo-8\/","url":"https:\/\/barbados-shop.sk\/produkt\/meteorit-campo-del-cielo-8\/","name":"Meteorit Campo del Cielo","isPartOf":{"@id":"https:\/\/barbados-shop.sk\/#website"},"primaryImageOfPage":{"@id":"https:\/\/barbados-shop.sk\/produkt\/meteorit-campo-del-cielo-8\/#primaryimage"},"image":{"@id":"https:\/\/barbados-shop.sk\/produkt\/meteorit-campo-del-cielo-8\/#primaryimage"},"thumbnailUrl":"https:\/\/i0.wp.com\/barbados-shop.sk\/wp-content\/uploads\/2024\/11\/Photoroom-20241112_214131_1.png?fit=2000%2C1500&ssl=1","datePublished":"2024-11-13T19:53:33+00:00","dateModified":"2025-03-20T18:50:36+00:00","description":"Campo del Cielo je oblas\u0165 v Argent\u00edne, kde do\u0161lo k v\u00fdznamn\u00e9mu z\u00e1sahu astronomick\u00e9ho telesa. Nach\u00e1dza sa na hranici provinci\u00ed Chaco a Santiago del Estero","breadcrumb":{"@id":"https:\/\/barbados-shop.sk\/produkt\/meteorit-campo-del-cielo-8\/#breadcrumb"},"inLanguage":"en-US","potentialAction":[{"@type":"ReadAction","target":["https:\/\/barbados-shop.sk\/produkt\/meteorit-campo-del-cielo-8\/"]}]},{"@type":"ImageObject","inLanguage":"en-US","@id":"https:\/\/barbados-shop.sk\/produkt\/meteorit-campo-del-cielo-8\/#primaryimage","url":"https:\/\/i0.wp.com\/barbados-shop.sk\/wp-content\/uploads\/2024\/11\/Photoroom-20241112_214131_1.png?fit=2000%2C1500&ssl=1","contentUrl":"https:\/\/i0.wp.com\/barbados-shop.sk\/wp-content\/uploads\/2024\/11\/Photoroom-20241112_214131_1.png?fit=2000%2C1500&ssl=1","width":2000,"height":1500},{"@type":"BreadcrumbList","@id":"https:\/\/barbados-shop.sk\/produkt\/meteorit-campo-del-cielo-8\/#breadcrumb","itemListElement":[{"@type":"ListItem","position":1,"name":"Domovsk\u00e1 str\u00e1nka","item":"https:\/\/barbados-shop.sk\/"},{"@type":"ListItem","position":2,"name":"Obchod","item":"https:\/\/barbados-shop.sk\/obchod\/"},{"@type":"ListItem","position":3,"name":"Meteorit Campo del Cielo"}]},{"@type":"WebSite","@id":"https:\/\/barbados-shop.sk\/#website","url":"https:\/\/barbados-shop.sk\/","name":"Barbados shop","description":"Predaj exkluz\u00edvnych zberate\u013esk\u00fdch predmetov","publisher":{"@id":"https:\/\/barbados-shop.sk\/#organization"},"potentialAction":[{"@type":"SearchAction","target":{"@type":"EntryPoint","urlTemplate":"https:\/\/barbados-shop.sk\/?s={search_term_string}"},"query-input":{"@type":"PropertyValueSpecification","valueRequired":true,"valueName":"search_term_string"}}],"inLanguage":"en-US"},{"@type":"Organization","@id":"https:\/\/barbados-shop.sk\/#organization","name":"Barbados shop","url":"https:\/\/barbados-shop.sk\/","logo":{"@type":"ImageObject","inLanguage":"en-US","@id":"https:\/\/barbados-shop.sk\/#\/schema\/logo\/image\/","url":"https:\/\/i0.wp.com\/barbados-shop.sk\/wp-content\/uploads\/2022\/11\/cropped-cropped-299016379_113204254827248_2560417915586279216_n-1.jpg?fit=870%2C870&ssl=1","contentUrl":"https:\/\/i0.wp.com\/barbados-shop.sk\/wp-content\/uploads\/2022\/11\/cropped-cropped-299016379_113204254827248_2560417915586279216_n-1.jpg?fit=870%2C870&ssl=1","width":870,"height":870,"caption":"Barbados shop"},"image":{"@id":"https:\/\/barbados-shop.sk\/#\/schema\/logo\/image\/"},"sameAs":["https:\/\/www.facebook.com\/Barbadosexclusive"]}]}},"jetpack_publicize_connections":[],"jetpack_likes_enabled":true,"jetpack_sharing_enabled":true,"jetpack-related-posts":[],"_links":{"self":[{"href":"https:\/\/barbados-shop.sk\/en\/wp-json\/wp\/v2\/product\/5267","targetHints":{"allow":["GET"]}}],"collection":[{"href":"https:\/\/barbados-shop.sk\/en\/wp-json\/wp\/v2\/product"}],"about":[{"href":"https:\/\/barbados-shop.sk\/en\/wp-json\/wp\/v2\/types\/product"}],"replies":[{"embeddable":true,"href":"https:\/\/barbados-shop.sk\/en\/wp-json\/wp\/v2\/comments?post=5267"}],"wp:featuredmedia":[{"embeddable":true,"href":"https:\/\/barbados-shop.sk\/en\/wp-json\/wp\/v2\/media\/5269"}],"wp:attachment":[{"href":"https:\/\/barbados-shop.sk\/en\/wp-json\/wp\/v2\/media?parent=5267"}],"wp:term":[{"taxonomy":"product_brand","embeddable":true,"href":"https:\/\/barbados-shop.sk\/en\/wp-json\/wp\/v2\/product_brand?post=5267"},{"taxonomy":"product_cat","embeddable":true,"href":"https:\/\/barbados-shop.sk\/en\/wp-json\/wp\/v2\/product_cat?post=5267"},{"taxonomy":"product_tag","embeddable":true,"href":"https:\/\/barbados-shop.sk\/en\/wp-json\/wp\/v2\/product_tag?post=5267"}],"curies":[{"name":"wp","href":"https:\/\/api.w.org\/{rel}","templated":true}]}}