{"id":6127,"date":"2025-04-02T20:33:45","date_gmt":"2025-04-02T18:33:45","guid":{"rendered":"https:\/\/barbadosshop.wpcomstaging.com\/?post_type=product&#038;p=6127"},"modified":"2025-04-02T21:13:34","modified_gmt":"2025-04-02T19:13:34","slug":"rimska-tetradrachma-4","status":"publish","type":"product","link":"https:\/\/barbados-shop.sk\/en\/produkt\/rimska-tetradrachma-4\/","title":{"rendered":"R\u00edmska tetradrachma"},"content":{"rendered":"<p>R\u00edmska s\u00fdrsk\u00e1 tetradrachma z obdobia dynastie Severovcov<\/p>\n<p>Tetradrachma cis\u00e1ra Caracallu poch\u00e1dza z provincie S\u00fdria a bola razen\u00e1 v meste Antiochia medzi rokmi 193 a\u017e 235 n. l., po\u010das vl\u00e1dy dynastie Severovcov. Minca je vyroben\u00e1 z bilonu, zliatiny striebra a medi, ktor\u00e1 bola be\u017en\u00e1 v provin\u010dn\u00fdch minciach tej doby.<\/p>\n<p>Na l\u00edcnej strane mince sa nach\u00e1dza portr\u00e9t cis\u00e1ra Caracallu. Portr\u00e9t cis\u00e1ra zd\u00f4raz\u0148uje jeho moc a autoritu v provincii. Rubov\u00e1 strana zobrazuje orla s rozprestret\u00fdmi kr\u00eddlami, ktor\u00fd dr\u017e\u00ed veniec v zob\u00e1ku. Orol symbolizuje r\u00edmsku moc a dominanciu v regi\u00f3ne. N\u00e1pisy na minci s\u00fa v gr\u00e9\u010dtine, \u010do odr\u00e1\u017ea jazykov\u00fa prevahu v\u00fdchodn\u00fdch provinci\u00ed R\u00edmskej r\u00ed\u0161e. Provin\u010dn\u00e9 mince, ako je t\u00e1to tetradrachma, sl\u00fa\u017eili na podporu miestnej identity a z\u00e1rove\u0148 zd\u00f4raz\u0148ovali jednotu s R\u00edmom prostredn\u00edctvom cis\u00e1rskej ikonografie. Mincov\u0148a v Antiochii bola jednou z najv\u00fdznamnej\u0161\u00edch v\u00fdchodn\u00fdch mincovn\u00ed, ktor\u00e1 produkovala mince s vysokou umeleckou a historickou hodnotou.<\/p>\n<p>T\u00e1to tetradrachma predstavuje jedine\u010dn\u00fd artefakt z obdobia dynastie Severovcov, ktor\u00fd poskytuje poh\u013ead na politick\u00e9 a kult\u00farne aspekty R\u00edmskej r\u00ed\u0161e v jej v\u00fdchodn\u00fdch provinci\u00e1ch.<\/p>\n<p>Parametre:&nbsp;<\/p>\n<p>Ve\u013ekos\u0165: 2,7 cm<\/p>\n<p>V\u00e1ha: 13,5 g<\/p>\n","protected":false},"excerpt":{"rendered":"<p>R\u00edmska s\u00fdrsk\u00e1 tetradrachma z obdobia dynastie Severovcov Tetradrachma cis\u00e1ra Caracallu poch\u00e1dza z provincie S\u00fdria a bola razen\u00e1 v meste Antiochia medzi rokmi 193 a\u017e 235 n. l., po\u010das vl\u00e1dy dynastie Severovcov. Minca je vyroben\u00e1 z bilonu, zliatiny striebra a medi, ktor\u00e1 bola be\u017en\u00e1 v provin\u010dn\u00fdch minciach tej doby. Na l\u00edcnej strane mince sa nach\u00e1dza portr\u00e9t<a class=\"more-link\" href=\"https:\/\/barbados-shop.sk\/en\/produkt\/rimska-tetradrachma-4\/\">Continue reading <span class=\"screen-reader-text\">&#8220;R\u00edmska tetradrachma&#8221;<\/span><\/a><\/p>\n","protected":false},"featured_media":6133,"comment_status":"open","ping_status":"closed","template":"","meta":{"_crdt_document":"","ngg_post_thumbnail":0,"pgc_sgb_lightbox_settings":"","jetpack_post_was_ever_published":false,"jetpack_publicize_message":"","jetpack_publicize_feature_enabled":true,"jetpack_social_post_already_shared":true,"jetpack_social_options":{"image_generator_settings":{"template":"highway","default_image_id":0,"font":"","enabled":false},"version":2},"_wpas_customize_per_network":false},"product_brand":[],"product_cat":[755562503],"product_tag":[],"class_list":{"0":"post-6127","1":"product","2":"type-product","3":"status-publish","4":"has-post-thumbnail","6":"product_cat-anticke-grecke-rimske-keltske-mince","7":"entry","9":"first","10":"instock","11":"shipping-taxable","12":"purchasable","13":"product-type-simple"},"yoast_head":"<!-- This site is optimized with the Yoast SEO plugin v27.3 - https:\/\/yoast.com\/product\/yoast-seo-wordpress\/ -->\n<title>R\u00edmska tetradrachma<\/title>\n<meta name=\"description\" content=\"T\u00e1to vz\u00e1cna tetradrachma cis\u00e1ra Caracalu poch\u00e1dza z provincie S\u00fdria a bola razen\u00e1 v meste Antiochia medzi rokmi 193 a\u017e 235 n. l., po\u010das vl\u00e1dy dynastie\" \/>\n<meta name=\"robots\" content=\"index, follow, max-snippet:-1, max-image-preview:large, max-video-preview:-1\" \/>\n<link rel=\"canonical\" href=\"https:\/\/barbados-shop.sk\/en\/produkt\/rimska-tetradrachma-4\/\" \/>\n<meta property=\"og:locale\" content=\"en_US\" \/>\n<meta property=\"og:locale:alternate\" content=\"sk_SK\" \/>\n<meta property=\"og:type\" content=\"article\" \/>\n<meta property=\"og:title\" content=\"R\u00edmska tetradrachma\" \/>\n<meta property=\"og:description\" content=\"T\u00e1to vz\u00e1cna tetradrachma cis\u00e1ra Caracalu poch\u00e1dza z provincie S\u00fdria a bola razen\u00e1 v meste Antiochia medzi rokmi 193 a\u017e 235 n. l., po\u010das vl\u00e1dy dynastie\" \/>\n<meta property=\"og:url\" content=\"https:\/\/barbados-shop.sk\/en\/produkt\/rimska-tetradrachma-4\/\" \/>\n<meta property=\"og:site_name\" content=\"Barbados shop\" \/>\n<meta property=\"article:publisher\" content=\"https:\/\/www.facebook.com\/Barbadosexclusive\" \/>\n<meta property=\"article:modified_time\" content=\"2025-04-02T19:13:34+00:00\" \/>\n<meta property=\"og:image\" content=\"https:\/\/i0.wp.com\/barbados-shop.sk\/wp-content\/uploads\/2025\/04\/Photoroom-20250328_192721_31.png?fit=1500%2C2000&ssl=1\" \/>\n\t<meta property=\"og:image:width\" content=\"1500\" \/>\n\t<meta property=\"og:image:height\" content=\"2000\" \/>\n\t<meta property=\"og:image:type\" content=\"image\/png\" \/>\n<meta name=\"twitter:card\" content=\"summary_large_image\" \/>\n<meta name=\"twitter:label1\" content=\"Est. reading time\" \/>\n\t<meta name=\"twitter:data1\" content=\"2 minutes\" \/>\n<script type=\"application\/ld+json\" class=\"yoast-schema-graph\">{\"@context\":\"https:\\\/\\\/schema.org\",\"@graph\":[{\"@type\":\"WebPage\",\"@id\":\"https:\\\/\\\/barbados-shop.sk\\\/produkt\\\/rimska-tetradrachma-4\\\/\",\"url\":\"https:\\\/\\\/barbados-shop.sk\\\/produkt\\\/rimska-tetradrachma-4\\\/\",\"name\":\"R\u00edmska tetradrachma\",\"isPartOf\":{\"@id\":\"https:\\\/\\\/barbados-shop.sk\\\/#website\"},\"primaryImageOfPage\":{\"@id\":\"https:\\\/\\\/barbados-shop.sk\\\/produkt\\\/rimska-tetradrachma-4\\\/#primaryimage\"},\"image\":{\"@id\":\"https:\\\/\\\/barbados-shop.sk\\\/produkt\\\/rimska-tetradrachma-4\\\/#primaryimage\"},\"thumbnailUrl\":\"https:\\\/\\\/i0.wp.com\\\/barbados-shop.sk\\\/wp-content\\\/uploads\\\/2025\\\/04\\\/Photoroom-20250328_192721_31.png?fit=1500%2C2000&ssl=1\",\"datePublished\":\"2025-04-02T18:33:45+00:00\",\"dateModified\":\"2025-04-02T19:13:34+00:00\",\"description\":\"T\u00e1to vz\u00e1cna tetradrachma cis\u00e1ra Caracalu poch\u00e1dza z provincie S\u00fdria a bola razen\u00e1 v meste Antiochia medzi rokmi 193 a\u017e 235 n. l., po\u010das vl\u00e1dy dynastie\",\"breadcrumb\":{\"@id\":\"https:\\\/\\\/barbados-shop.sk\\\/produkt\\\/rimska-tetradrachma-4\\\/#breadcrumb\"},\"inLanguage\":\"en-US\",\"potentialAction\":[{\"@type\":\"ReadAction\",\"target\":[\"https:\\\/\\\/barbados-shop.sk\\\/produkt\\\/rimska-tetradrachma-4\\\/\"]}]},{\"@type\":\"ImageObject\",\"inLanguage\":\"en-US\",\"@id\":\"https:\\\/\\\/barbados-shop.sk\\\/produkt\\\/rimska-tetradrachma-4\\\/#primaryimage\",\"url\":\"https:\\\/\\\/i0.wp.com\\\/barbados-shop.sk\\\/wp-content\\\/uploads\\\/2025\\\/04\\\/Photoroom-20250328_192721_31.png?fit=1500%2C2000&ssl=1\",\"contentUrl\":\"https:\\\/\\\/i0.wp.com\\\/barbados-shop.sk\\\/wp-content\\\/uploads\\\/2025\\\/04\\\/Photoroom-20250328_192721_31.png?fit=1500%2C2000&ssl=1\",\"width\":1500,\"height\":2000},{\"@type\":\"BreadcrumbList\",\"@id\":\"https:\\\/\\\/barbados-shop.sk\\\/produkt\\\/rimska-tetradrachma-4\\\/#breadcrumb\",\"itemListElement\":[{\"@type\":\"ListItem\",\"position\":1,\"name\":\"Domovsk\u00e1 str\u00e1nka\",\"item\":\"https:\\\/\\\/barbados-shop.sk\\\/\"},{\"@type\":\"ListItem\",\"position\":2,\"name\":\"Obchod\",\"item\":\"https:\\\/\\\/barbados-shop.sk\\\/obchod\\\/\"},{\"@type\":\"ListItem\",\"position\":3,\"name\":\"R\u00edmska tetradrachma\"}]},{\"@type\":\"WebSite\",\"@id\":\"https:\\\/\\\/barbados-shop.sk\\\/#website\",\"url\":\"https:\\\/\\\/barbados-shop.sk\\\/\",\"name\":\"Barbados shop\",\"description\":\"Predaj exkluz\u00edvnych zberate\u013esk\u00fdch predmetov\",\"publisher\":{\"@id\":\"https:\\\/\\\/barbados-shop.sk\\\/#organization\"},\"potentialAction\":[{\"@type\":\"SearchAction\",\"target\":{\"@type\":\"EntryPoint\",\"urlTemplate\":\"https:\\\/\\\/barbados-shop.sk\\\/?s={search_term_string}\"},\"query-input\":{\"@type\":\"PropertyValueSpecification\",\"valueRequired\":true,\"valueName\":\"search_term_string\"}}],\"inLanguage\":\"en-US\"},{\"@type\":\"Organization\",\"@id\":\"https:\\\/\\\/barbados-shop.sk\\\/#organization\",\"name\":\"Barbados shop\",\"url\":\"https:\\\/\\\/barbados-shop.sk\\\/\",\"logo\":{\"@type\":\"ImageObject\",\"inLanguage\":\"en-US\",\"@id\":\"https:\\\/\\\/barbados-shop.sk\\\/#\\\/schema\\\/logo\\\/image\\\/\",\"url\":\"https:\\\/\\\/i0.wp.com\\\/barbados-shop.sk\\\/wp-content\\\/uploads\\\/2022\\\/11\\\/cropped-cropped-299016379_113204254827248_2560417915586279216_n-1.jpg?fit=870%2C870&ssl=1\",\"contentUrl\":\"https:\\\/\\\/i0.wp.com\\\/barbados-shop.sk\\\/wp-content\\\/uploads\\\/2022\\\/11\\\/cropped-cropped-299016379_113204254827248_2560417915586279216_n-1.jpg?fit=870%2C870&ssl=1\",\"width\":870,\"height\":870,\"caption\":\"Barbados shop\"},\"image\":{\"@id\":\"https:\\\/\\\/barbados-shop.sk\\\/#\\\/schema\\\/logo\\\/image\\\/\"},\"sameAs\":[\"https:\\\/\\\/www.facebook.com\\\/Barbadosexclusive\"]}]}<\/script>\n<!-- \/ Yoast SEO plugin. -->","yoast_head_json":{"title":"R\u00edmska tetradrachma","description":"T\u00e1to vz\u00e1cna tetradrachma cis\u00e1ra Caracalu poch\u00e1dza z provincie S\u00fdria a bola razen\u00e1 v meste Antiochia medzi rokmi 193 a\u017e 235 n. l., po\u010das vl\u00e1dy dynastie","robots":{"index":"index","follow":"follow","max-snippet":"max-snippet:-1","max-image-preview":"max-image-preview:large","max-video-preview":"max-video-preview:-1"},"canonical":"https:\/\/barbados-shop.sk\/en\/produkt\/rimska-tetradrachma-4\/","og_locale":"en_US","og_type":"article","og_title":"[:sk]R\u00edmska tetradrachma[:] - Barbados shop","og_description":"T\u00e1to vz\u00e1cna tetradrachma cis\u00e1ra Caracalu poch\u00e1dza z provincie S\u00fdria a bola razen\u00e1 v meste Antiochia medzi rokmi 193 a\u017e 235 n. l., po\u010das vl\u00e1dy dynastie","og_url":"https:\/\/barbados-shop.sk\/en\/produkt\/rimska-tetradrachma-4\/","og_site_name":"Barbados shop","article_publisher":"https:\/\/www.facebook.com\/Barbadosexclusive","article_modified_time":"2025-04-02T19:13:34+00:00","og_image":[{"width":1500,"height":2000,"url":"https:\/\/i0.wp.com\/barbados-shop.sk\/wp-content\/uploads\/2025\/04\/Photoroom-20250328_192721_31.png?fit=1500%2C2000&ssl=1","type":"image\/png"}],"twitter_card":"summary_large_image","twitter_misc":{"Est. reading time":"2 minutes"},"schema":{"@context":"https:\/\/schema.org","@graph":[{"@type":"WebPage","@id":"https:\/\/barbados-shop.sk\/produkt\/rimska-tetradrachma-4\/","url":"https:\/\/barbados-shop.sk\/produkt\/rimska-tetradrachma-4\/","name":"R\u00edmska tetradrachma","isPartOf":{"@id":"https:\/\/barbados-shop.sk\/#website"},"primaryImageOfPage":{"@id":"https:\/\/barbados-shop.sk\/produkt\/rimska-tetradrachma-4\/#primaryimage"},"image":{"@id":"https:\/\/barbados-shop.sk\/produkt\/rimska-tetradrachma-4\/#primaryimage"},"thumbnailUrl":"https:\/\/i0.wp.com\/barbados-shop.sk\/wp-content\/uploads\/2025\/04\/Photoroom-20250328_192721_31.png?fit=1500%2C2000&ssl=1","datePublished":"2025-04-02T18:33:45+00:00","dateModified":"2025-04-02T19:13:34+00:00","description":"T\u00e1to vz\u00e1cna tetradrachma cis\u00e1ra Caracalu poch\u00e1dza z provincie S\u00fdria a bola razen\u00e1 v meste Antiochia medzi rokmi 193 a\u017e 235 n. l., po\u010das vl\u00e1dy dynastie","breadcrumb":{"@id":"https:\/\/barbados-shop.sk\/produkt\/rimska-tetradrachma-4\/#breadcrumb"},"inLanguage":"en-US","potentialAction":[{"@type":"ReadAction","target":["https:\/\/barbados-shop.sk\/produkt\/rimska-tetradrachma-4\/"]}]},{"@type":"ImageObject","inLanguage":"en-US","@id":"https:\/\/barbados-shop.sk\/produkt\/rimska-tetradrachma-4\/#primaryimage","url":"https:\/\/i0.wp.com\/barbados-shop.sk\/wp-content\/uploads\/2025\/04\/Photoroom-20250328_192721_31.png?fit=1500%2C2000&ssl=1","contentUrl":"https:\/\/i0.wp.com\/barbados-shop.sk\/wp-content\/uploads\/2025\/04\/Photoroom-20250328_192721_31.png?fit=1500%2C2000&ssl=1","width":1500,"height":2000},{"@type":"BreadcrumbList","@id":"https:\/\/barbados-shop.sk\/produkt\/rimska-tetradrachma-4\/#breadcrumb","itemListElement":[{"@type":"ListItem","position":1,"name":"Domovsk\u00e1 str\u00e1nka","item":"https:\/\/barbados-shop.sk\/"},{"@type":"ListItem","position":2,"name":"Obchod","item":"https:\/\/barbados-shop.sk\/obchod\/"},{"@type":"ListItem","position":3,"name":"R\u00edmska tetradrachma"}]},{"@type":"WebSite","@id":"https:\/\/barbados-shop.sk\/#website","url":"https:\/\/barbados-shop.sk\/","name":"Barbados shop","description":"Predaj exkluz\u00edvnych zberate\u013esk\u00fdch predmetov","publisher":{"@id":"https:\/\/barbados-shop.sk\/#organization"},"potentialAction":[{"@type":"SearchAction","target":{"@type":"EntryPoint","urlTemplate":"https:\/\/barbados-shop.sk\/?s={search_term_string}"},"query-input":{"@type":"PropertyValueSpecification","valueRequired":true,"valueName":"search_term_string"}}],"inLanguage":"en-US"},{"@type":"Organization","@id":"https:\/\/barbados-shop.sk\/#organization","name":"Barbados shop","url":"https:\/\/barbados-shop.sk\/","logo":{"@type":"ImageObject","inLanguage":"en-US","@id":"https:\/\/barbados-shop.sk\/#\/schema\/logo\/image\/","url":"https:\/\/i0.wp.com\/barbados-shop.sk\/wp-content\/uploads\/2022\/11\/cropped-cropped-299016379_113204254827248_2560417915586279216_n-1.jpg?fit=870%2C870&ssl=1","contentUrl":"https:\/\/i0.wp.com\/barbados-shop.sk\/wp-content\/uploads\/2022\/11\/cropped-cropped-299016379_113204254827248_2560417915586279216_n-1.jpg?fit=870%2C870&ssl=1","width":870,"height":870,"caption":"Barbados shop"},"image":{"@id":"https:\/\/barbados-shop.sk\/#\/schema\/logo\/image\/"},"sameAs":["https:\/\/www.facebook.com\/Barbadosexclusive"]}]}},"jetpack_publicize_connections":[],"jetpack_likes_enabled":true,"jetpack_sharing_enabled":true,"jetpack-related-posts":[],"_links":{"self":[{"href":"https:\/\/barbados-shop.sk\/en\/wp-json\/wp\/v2\/product\/6127","targetHints":{"allow":["GET"]}}],"collection":[{"href":"https:\/\/barbados-shop.sk\/en\/wp-json\/wp\/v2\/product"}],"about":[{"href":"https:\/\/barbados-shop.sk\/en\/wp-json\/wp\/v2\/types\/product"}],"replies":[{"embeddable":true,"href":"https:\/\/barbados-shop.sk\/en\/wp-json\/wp\/v2\/comments?post=6127"}],"wp:featuredmedia":[{"embeddable":true,"href":"https:\/\/barbados-shop.sk\/en\/wp-json\/wp\/v2\/media\/6133"}],"wp:attachment":[{"href":"https:\/\/barbados-shop.sk\/en\/wp-json\/wp\/v2\/media?parent=6127"}],"wp:term":[{"taxonomy":"product_brand","embeddable":true,"href":"https:\/\/barbados-shop.sk\/en\/wp-json\/wp\/v2\/product_brand?post=6127"},{"taxonomy":"product_cat","embeddable":true,"href":"https:\/\/barbados-shop.sk\/en\/wp-json\/wp\/v2\/product_cat?post=6127"},{"taxonomy":"product_tag","embeddable":true,"href":"https:\/\/barbados-shop.sk\/en\/wp-json\/wp\/v2\/product_tag?post=6127"}],"curies":[{"name":"wp","href":"https:\/\/api.w.org\/{rel}","templated":true}]}}