{"id":6479,"date":"2025-07-22T17:25:01","date_gmt":"2025-07-22T15:25:01","guid":{"rendered":"https:\/\/barbadosshop.wpcomstaging.com\/?post_type=product&#038;p=6479"},"modified":"2025-08-12T13:06:38","modified_gmt":"2025-08-12T11:06:38","slug":"mec-takouba","status":"publish","type":"product","link":"https:\/\/barbados-shop.sk\/en\/produkt\/mec-takouba\/","title":{"rendered":"Me\u010d Takouba"},"content":{"rendered":"<p><strong>Severoafrick\u00fd me\u010d Tuaregov z oblasti A\u00efr (Niger), 19. storo\u010die<\/strong><\/p>\n<p>V srdci saharsk\u00e9ho regi\u00f3nu vznik\u00e1 jedine\u010dn\u00fd me\u010d Takouba, ktor\u00fd nesie silu, hrdos\u0165 a trad\u00edciu tuaregsk\u00fdch bojovn\u00edkov. Tento exempl\u00e1r poch\u00e1dza z oblasti A\u00efr v Nigeri a datuje sa pribli\u017ene do rokov 1890 \u2013 1910. Tuaregsk\u00ed nom\u00e1di si me\u010de ako tento odovzd\u00e1vali z gener\u00e1cie na gener\u00e1ciu \u2013 ako symbol cti, autority a dedi\u010dstva.<\/p>\n<p>Celkov\u00e1 d\u013a\u017eka 91 cm (z toho \u010depe\u013e 77 cm), v\u00e1\u017ei 1 kg<\/p>\n<p>Dvojse\u010dn\u00fa oce\u013eov\u00fa \u010depe\u013e so zna\u010dkami pravdepodobne p\u00f4vodn\u00e9ho majite\u013ea alebo kov\u00e1\u010da. P\u00f4vodn\u00e9 ko\u017een\u00e9 puzdro so zdoben\u00edm v technike repousse \u2013 typick\u00e9 tuaregsk\u00e9 geometrick\u00e9, astr\u00e1lne a arabeskov\u00e9 vzory. Rukov\u00e4\u0165 v tvare kr\u00ed\u017ea s diskom z medi a \u017eeleza, potiahnut\u00fa ko\u017eou pre lep\u0161\u00ed \u00fachop.<\/p>\n<p>Ko\u017ea puzdra zost\u00e1va flexibiln\u00e1 v\u010faka d\u00f4kladn\u00e9mu o\u0161etreniu. Me\u010d nesie zn\u00e1mky skuto\u010dn\u00e9ho pou\u017e\u00edvania, ktor\u00e9 sved\u010dia o jeho veku a hist\u00f3rii: drobn\u00e9 trhliny, patina, a prirodzen\u00e9 opotrebovanie vytv\u00e1raj\u00fa autentick\u00fa atmosf\u00e9ru minulosti.<\/p>\n<p>Takouba nepredstavuje len zbra\u0148, ale aj ritu\u00e1lny a spolo\u010densk\u00fd predmet. Tuaregovia \u2013 zn\u00e1mi aj ako \u201emodr\u00ed mu\u017ei p\u00fa\u0161te\u201c<\/p>\n<p>S\u00fa\u010das\u0165ou me\u010da je aj identifika\u010dn\u00e1 karta<\/p>\n<p>Predaj len osob\u00e1m star\u0161\u00edm ako 18 rokov. Tento predmet je ur\u010den\u00fd na zberate\u013esk\u00e9 a dekora\u010dn\u00e9 \u00fa\u010dely.\u201c<\/p>\n<p>&nbsp;<\/p>\n","protected":false},"excerpt":{"rendered":"<p>Severoafrick\u00fd me\u010d Tuaregov z oblasti A\u00efr (Niger), 19. storo\u010die V srdci saharsk\u00e9ho regi\u00f3nu vznik\u00e1 jedine\u010dn\u00fd me\u010d Takouba, ktor\u00fd nesie silu, hrdos\u0165 a trad\u00edciu tuaregsk\u00fdch bojovn\u00edkov. Tento exempl\u00e1r poch\u00e1dza z oblasti A\u00efr v Nigeri a datuje sa pribli\u017ene do rokov 1890 \u2013 1910. Tuaregsk\u00ed nom\u00e1di si me\u010de ako tento odovzd\u00e1vali z gener\u00e1cie na gener\u00e1ciu \u2013 ako<a class=\"more-link\" href=\"https:\/\/barbados-shop.sk\/en\/produkt\/mec-takouba\/\">Continue reading <span class=\"screen-reader-text\">&#8220;Me\u010d Takouba&#8221;<\/span><\/a><\/p>\n","protected":false},"featured_media":6482,"comment_status":"open","ping_status":"closed","template":"","meta":{"_crdt_document":"","ngg_post_thumbnail":0,"pgc_sgb_lightbox_settings":"","jetpack_publicize_message":"","jetpack_publicize_feature_enabled":true,"jetpack_social_post_already_shared":true,"jetpack_social_options":{"image_generator_settings":{"template":"highway","default_image_id":0,"font":"","enabled":false},"version":2},"_wpas_customize_per_network":false},"product_brand":[],"product_cat":[755562498],"product_tag":[],"class_list":{"0":"post-6479","1":"product","2":"type-product","3":"status-publish","4":"has-post-thumbnail","6":"product_cat-zberatelske-predmety","7":"entry","9":"first","10":"instock","11":"shipping-taxable","12":"purchasable","13":"product-type-simple"},"yoast_head":"<!-- This site is optimized with the Yoast SEO plugin v27.4 - https:\/\/yoast.com\/product\/yoast-seo-wordpress\/ -->\n<title>Me\u010d Takouba<\/title>\n<meta name=\"description\" content=\"Severoafrick\u00fd me\u010d Tuaregov z oblasti A\u00efr (Niger), 19. storo\u010die V srdci saharsk\u00e9ho regi\u00f3nu vznik\u00e1 jedine\u010dn\u00fd me\u010d Takouba, ktor\u00fd nesie silu, hrdos\u0165 a trad\u00edciu\" \/>\n<meta name=\"robots\" content=\"index, follow, max-snippet:-1, max-image-preview:large, max-video-preview:-1\" \/>\n<link rel=\"canonical\" href=\"https:\/\/barbados-shop.sk\/en\/produkt\/mec-takouba\/\" \/>\n<meta property=\"og:locale\" content=\"en_US\" \/>\n<meta property=\"og:locale:alternate\" content=\"sk_SK\" \/>\n<meta property=\"og:type\" content=\"article\" \/>\n<meta property=\"og:title\" content=\"Me\u010d Takouba\" \/>\n<meta property=\"og:description\" content=\"Severoafrick\u00fd me\u010d Tuaregov z oblasti A\u00efr (Niger), 19. storo\u010die V srdci saharsk\u00e9ho regi\u00f3nu vznik\u00e1 jedine\u010dn\u00fd me\u010d Takouba, ktor\u00fd nesie silu, hrdos\u0165 a trad\u00edciu\" \/>\n<meta property=\"og:url\" content=\"https:\/\/barbados-shop.sk\/en\/produkt\/mec-takouba\/\" \/>\n<meta property=\"og:site_name\" content=\"Barbados shop\" \/>\n<meta property=\"article:publisher\" content=\"https:\/\/www.facebook.com\/Barbadosexclusive\" \/>\n<meta property=\"article:modified_time\" content=\"2025-08-12T11:06:38+00:00\" \/>\n<meta property=\"og:image\" content=\"https:\/\/i0.wp.com\/barbados-shop.sk\/wp-content\/uploads\/2025\/07\/Photoroom-20250721_204822_4-1.png?fit=1920%2C2560&ssl=1\" \/>\n\t<meta property=\"og:image:width\" content=\"1920\" \/>\n\t<meta property=\"og:image:height\" content=\"2560\" \/>\n\t<meta property=\"og:image:type\" content=\"image\/png\" \/>\n<meta name=\"twitter:card\" content=\"summary_large_image\" \/>\n<meta name=\"twitter:label1\" content=\"Est. reading time\" \/>\n\t<meta name=\"twitter:data1\" content=\"2 minutes\" \/>\n<script type=\"application\/ld+json\" class=\"yoast-schema-graph\">{\"@context\":\"https:\\\/\\\/schema.org\",\"@graph\":[{\"@type\":\"WebPage\",\"@id\":\"https:\\\/\\\/barbados-shop.sk\\\/en\\\/produkt\\\/mec-takouba\\\/\",\"url\":\"https:\\\/\\\/barbados-shop.sk\\\/en\\\/produkt\\\/mec-takouba\\\/\",\"name\":\"Me\u010d Takouba\",\"isPartOf\":{\"@id\":\"https:\\\/\\\/barbados-shop.sk\\\/#website\"},\"primaryImageOfPage\":{\"@id\":\"https:\\\/\\\/barbados-shop.sk\\\/en\\\/produkt\\\/mec-takouba\\\/#primaryimage\"},\"image\":{\"@id\":\"https:\\\/\\\/barbados-shop.sk\\\/en\\\/produkt\\\/mec-takouba\\\/#primaryimage\"},\"thumbnailUrl\":\"https:\\\/\\\/i0.wp.com\\\/barbados-shop.sk\\\/wp-content\\\/uploads\\\/2025\\\/07\\\/Photoroom-20250721_204822_4-1.png?fit=1920%2C2560&ssl=1\",\"datePublished\":\"2025-07-22T15:25:01+00:00\",\"dateModified\":\"2025-08-12T11:06:38+00:00\",\"description\":\"Severoafrick\u00fd me\u010d Tuaregov z oblasti A\u00efr (Niger), 19. storo\u010die V srdci saharsk\u00e9ho regi\u00f3nu vznik\u00e1 jedine\u010dn\u00fd me\u010d Takouba, ktor\u00fd nesie silu, hrdos\u0165 a trad\u00edciu\",\"breadcrumb\":{\"@id\":\"https:\\\/\\\/barbados-shop.sk\\\/en\\\/produkt\\\/mec-takouba\\\/#breadcrumb\"},\"inLanguage\":\"en-US\",\"potentialAction\":[{\"@type\":\"ReadAction\",\"target\":[\"https:\\\/\\\/barbados-shop.sk\\\/en\\\/produkt\\\/mec-takouba\\\/\"]}]},{\"@type\":\"ImageObject\",\"inLanguage\":\"en-US\",\"@id\":\"https:\\\/\\\/barbados-shop.sk\\\/en\\\/produkt\\\/mec-takouba\\\/#primaryimage\",\"url\":\"https:\\\/\\\/i0.wp.com\\\/barbados-shop.sk\\\/wp-content\\\/uploads\\\/2025\\\/07\\\/Photoroom-20250721_204822_4-1.png?fit=1920%2C2560&ssl=1\",\"contentUrl\":\"https:\\\/\\\/i0.wp.com\\\/barbados-shop.sk\\\/wp-content\\\/uploads\\\/2025\\\/07\\\/Photoroom-20250721_204822_4-1.png?fit=1920%2C2560&ssl=1\",\"width\":1920,\"height\":2560},{\"@type\":\"BreadcrumbList\",\"@id\":\"https:\\\/\\\/barbados-shop.sk\\\/en\\\/produkt\\\/mec-takouba\\\/#breadcrumb\",\"itemListElement\":[{\"@type\":\"ListItem\",\"position\":1,\"name\":\"Domovsk\u00e1 str\u00e1nka\",\"item\":\"https:\\\/\\\/barbados-shop.sk\\\/\"},{\"@type\":\"ListItem\",\"position\":2,\"name\":\"Obchod\",\"item\":\"https:\\\/\\\/barbados-shop.sk\\\/obchod\\\/\"},{\"@type\":\"ListItem\",\"position\":3,\"name\":\"Me\u010d Takouba\"}]},{\"@type\":\"WebSite\",\"@id\":\"https:\\\/\\\/barbados-shop.sk\\\/#website\",\"url\":\"https:\\\/\\\/barbados-shop.sk\\\/\",\"name\":\"Barbados shop\",\"description\":\"Predaj exkluz\u00edvnych zberate\u013esk\u00fdch predmetov\",\"publisher\":{\"@id\":\"https:\\\/\\\/barbados-shop.sk\\\/#organization\"},\"potentialAction\":[{\"@type\":\"SearchAction\",\"target\":{\"@type\":\"EntryPoint\",\"urlTemplate\":\"https:\\\/\\\/barbados-shop.sk\\\/?s={search_term_string}\"},\"query-input\":{\"@type\":\"PropertyValueSpecification\",\"valueRequired\":true,\"valueName\":\"search_term_string\"}}],\"inLanguage\":\"en-US\"},{\"@type\":\"Organization\",\"@id\":\"https:\\\/\\\/barbados-shop.sk\\\/#organization\",\"name\":\"Barbados shop\",\"url\":\"https:\\\/\\\/barbados-shop.sk\\\/\",\"logo\":{\"@type\":\"ImageObject\",\"inLanguage\":\"en-US\",\"@id\":\"https:\\\/\\\/barbados-shop.sk\\\/#\\\/schema\\\/logo\\\/image\\\/\",\"url\":\"https:\\\/\\\/i0.wp.com\\\/barbados-shop.sk\\\/wp-content\\\/uploads\\\/2022\\\/11\\\/cropped-cropped-299016379_113204254827248_2560417915586279216_n-1.jpg?fit=870%2C870&ssl=1\",\"contentUrl\":\"https:\\\/\\\/i0.wp.com\\\/barbados-shop.sk\\\/wp-content\\\/uploads\\\/2022\\\/11\\\/cropped-cropped-299016379_113204254827248_2560417915586279216_n-1.jpg?fit=870%2C870&ssl=1\",\"width\":870,\"height\":870,\"caption\":\"Barbados shop\"},\"image\":{\"@id\":\"https:\\\/\\\/barbados-shop.sk\\\/#\\\/schema\\\/logo\\\/image\\\/\"},\"sameAs\":[\"https:\\\/\\\/www.facebook.com\\\/Barbadosexclusive\"]}]}<\/script>\n<!-- \/ Yoast SEO plugin. -->","yoast_head_json":{"title":"Me\u010d Takouba","description":"Severoafrick\u00fd me\u010d Tuaregov z oblasti A\u00efr (Niger), 19. storo\u010die V srdci saharsk\u00e9ho regi\u00f3nu vznik\u00e1 jedine\u010dn\u00fd me\u010d Takouba, ktor\u00fd nesie silu, hrdos\u0165 a trad\u00edciu","robots":{"index":"index","follow":"follow","max-snippet":"max-snippet:-1","max-image-preview":"max-image-preview:large","max-video-preview":"max-video-preview:-1"},"canonical":"https:\/\/barbados-shop.sk\/en\/produkt\/mec-takouba\/","og_locale":"en_US","og_type":"article","og_title":"[:sk]Me\u010d Takouba[:] - Barbados shop","og_description":"Severoafrick\u00fd me\u010d Tuaregov z oblasti A\u00efr (Niger), 19. storo\u010die V srdci saharsk\u00e9ho regi\u00f3nu vznik\u00e1 jedine\u010dn\u00fd me\u010d Takouba, ktor\u00fd nesie silu, hrdos\u0165 a trad\u00edciu","og_url":"https:\/\/barbados-shop.sk\/en\/produkt\/mec-takouba\/","og_site_name":"Barbados shop","article_publisher":"https:\/\/www.facebook.com\/Barbadosexclusive","article_modified_time":"2025-08-12T11:06:38+00:00","og_image":[{"width":1920,"height":2560,"url":"https:\/\/i0.wp.com\/barbados-shop.sk\/wp-content\/uploads\/2025\/07\/Photoroom-20250721_204822_4-1.png?fit=1920%2C2560&ssl=1","type":"image\/png"}],"twitter_card":"summary_large_image","twitter_misc":{"Est. reading time":"2 minutes"},"schema":{"@context":"https:\/\/schema.org","@graph":[{"@type":"WebPage","@id":"https:\/\/barbados-shop.sk\/en\/produkt\/mec-takouba\/","url":"https:\/\/barbados-shop.sk\/en\/produkt\/mec-takouba\/","name":"Me\u010d Takouba","isPartOf":{"@id":"https:\/\/barbados-shop.sk\/#website"},"primaryImageOfPage":{"@id":"https:\/\/barbados-shop.sk\/en\/produkt\/mec-takouba\/#primaryimage"},"image":{"@id":"https:\/\/barbados-shop.sk\/en\/produkt\/mec-takouba\/#primaryimage"},"thumbnailUrl":"https:\/\/i0.wp.com\/barbados-shop.sk\/wp-content\/uploads\/2025\/07\/Photoroom-20250721_204822_4-1.png?fit=1920%2C2560&ssl=1","datePublished":"2025-07-22T15:25:01+00:00","dateModified":"2025-08-12T11:06:38+00:00","description":"Severoafrick\u00fd me\u010d Tuaregov z oblasti A\u00efr (Niger), 19. storo\u010die V srdci saharsk\u00e9ho regi\u00f3nu vznik\u00e1 jedine\u010dn\u00fd me\u010d Takouba, ktor\u00fd nesie silu, hrdos\u0165 a trad\u00edciu","breadcrumb":{"@id":"https:\/\/barbados-shop.sk\/en\/produkt\/mec-takouba\/#breadcrumb"},"inLanguage":"en-US","potentialAction":[{"@type":"ReadAction","target":["https:\/\/barbados-shop.sk\/en\/produkt\/mec-takouba\/"]}]},{"@type":"ImageObject","inLanguage":"en-US","@id":"https:\/\/barbados-shop.sk\/en\/produkt\/mec-takouba\/#primaryimage","url":"https:\/\/i0.wp.com\/barbados-shop.sk\/wp-content\/uploads\/2025\/07\/Photoroom-20250721_204822_4-1.png?fit=1920%2C2560&ssl=1","contentUrl":"https:\/\/i0.wp.com\/barbados-shop.sk\/wp-content\/uploads\/2025\/07\/Photoroom-20250721_204822_4-1.png?fit=1920%2C2560&ssl=1","width":1920,"height":2560},{"@type":"BreadcrumbList","@id":"https:\/\/barbados-shop.sk\/en\/produkt\/mec-takouba\/#breadcrumb","itemListElement":[{"@type":"ListItem","position":1,"name":"Domovsk\u00e1 str\u00e1nka","item":"https:\/\/barbados-shop.sk\/"},{"@type":"ListItem","position":2,"name":"Obchod","item":"https:\/\/barbados-shop.sk\/obchod\/"},{"@type":"ListItem","position":3,"name":"Me\u010d Takouba"}]},{"@type":"WebSite","@id":"https:\/\/barbados-shop.sk\/#website","url":"https:\/\/barbados-shop.sk\/","name":"Barbados shop","description":"Predaj exkluz\u00edvnych zberate\u013esk\u00fdch predmetov","publisher":{"@id":"https:\/\/barbados-shop.sk\/#organization"},"potentialAction":[{"@type":"SearchAction","target":{"@type":"EntryPoint","urlTemplate":"https:\/\/barbados-shop.sk\/?s={search_term_string}"},"query-input":{"@type":"PropertyValueSpecification","valueRequired":true,"valueName":"search_term_string"}}],"inLanguage":"en-US"},{"@type":"Organization","@id":"https:\/\/barbados-shop.sk\/#organization","name":"Barbados shop","url":"https:\/\/barbados-shop.sk\/","logo":{"@type":"ImageObject","inLanguage":"en-US","@id":"https:\/\/barbados-shop.sk\/#\/schema\/logo\/image\/","url":"https:\/\/i0.wp.com\/barbados-shop.sk\/wp-content\/uploads\/2022\/11\/cropped-cropped-299016379_113204254827248_2560417915586279216_n-1.jpg?fit=870%2C870&ssl=1","contentUrl":"https:\/\/i0.wp.com\/barbados-shop.sk\/wp-content\/uploads\/2022\/11\/cropped-cropped-299016379_113204254827248_2560417915586279216_n-1.jpg?fit=870%2C870&ssl=1","width":870,"height":870,"caption":"Barbados shop"},"image":{"@id":"https:\/\/barbados-shop.sk\/#\/schema\/logo\/image\/"},"sameAs":["https:\/\/www.facebook.com\/Barbadosexclusive"]}]}},"jetpack_publicize_connections":[],"jetpack_likes_enabled":true,"jetpack_sharing_enabled":true,"jetpack-related-posts":[],"_links":{"self":[{"href":"https:\/\/barbados-shop.sk\/en\/wp-json\/wp\/v2\/product\/6479","targetHints":{"allow":["GET"]}}],"collection":[{"href":"https:\/\/barbados-shop.sk\/en\/wp-json\/wp\/v2\/product"}],"about":[{"href":"https:\/\/barbados-shop.sk\/en\/wp-json\/wp\/v2\/types\/product"}],"replies":[{"embeddable":true,"href":"https:\/\/barbados-shop.sk\/en\/wp-json\/wp\/v2\/comments?post=6479"}],"wp:featuredmedia":[{"embeddable":true,"href":"https:\/\/barbados-shop.sk\/en\/wp-json\/wp\/v2\/media\/6482"}],"wp:attachment":[{"href":"https:\/\/barbados-shop.sk\/en\/wp-json\/wp\/v2\/media?parent=6479"}],"wp:term":[{"taxonomy":"product_brand","embeddable":true,"href":"https:\/\/barbados-shop.sk\/en\/wp-json\/wp\/v2\/product_brand?post=6479"},{"taxonomy":"product_cat","embeddable":true,"href":"https:\/\/barbados-shop.sk\/en\/wp-json\/wp\/v2\/product_cat?post=6479"},{"taxonomy":"product_tag","embeddable":true,"href":"https:\/\/barbados-shop.sk\/en\/wp-json\/wp\/v2\/product_tag?post=6479"}],"curies":[{"name":"wp","href":"https:\/\/api.w.org\/{rel}","templated":true}]}}