{"id":6585,"date":"2025-09-08T20:29:29","date_gmt":"2025-09-08T18:29:29","guid":{"rendered":"https:\/\/barbadosshop.wpcomstaging.com\/?post_type=product&#038;p=6585"},"modified":"2026-04-10T20:44:12","modified_gmt":"2026-04-10T18:44:12","slug":"cinska-keramicka-misa","status":"publish","type":"product","link":"https:\/\/barbados-shop.sk\/en\/produkt\/cinska-keramicka-misa\/","title":{"rendered":"\u010c\u00ednska keramick\u00e1 misa"},"content":{"rendered":"<p class=\"\" data-start=\"75\" data-end=\"158\"><strong data-start=\"75\" data-end=\"112\">Keramick\u00e1 miska z lode \u201eTek Sing\u201c<\/strong><\/p>\n<p class=\"\" data-start=\"75\" data-end=\"158\"><br data-start=\"112\" data-end=\"115\">T\u00e1to elegantn\u00e1 keramick\u00e1 miska je s\u00fa\u010das\u0165ou n\u00e1kladu vraku lode Tek Sing, ktor\u00e1 niesla tovar z \u010c\u00edny. Vyroben\u00e1 v klasickom \u010d\u00ednskom \u0161t\u00fdle s kvetinovou v\u00fdzdobou typickou pre obdobie exportnej keramiky, sp\u00e1ja historick\u00fd p\u00f4vod s kult\u00farnym dedi\u010dstvom.<\/p>\n<p class=\"\" data-start=\"407\" data-end=\"607\">V\u010faka svojim rozmerom a zachovan\u00e9mu stavu predstavuje v\u00fdnimo\u010dn\u00fd zberate\u013esk\u00fd predmet. Miska m\u00f4\u017ee plni\u0165 praktick\u00fa funkciu alebo sl\u00fa\u017ei\u0165 ako dekorat\u00edvny objekt s autentick\u00fdm n\u00e1dychom \u010d\u00ednskeho porcel\u00e1nu.<br \/>\nRozmery: 16 \u00d7 16 \u00d7 7 cm \u00b7 Hmotnos\u0165: 0,404 g<\/p>\n<p data-start=\"407\" data-end=\"607\"><strong>S\u00fa\u010das\u0165ou misy je aj identifika\u010dn\u00e1 karta ktor\u00e1 sl\u00fa\u017ei aj ako certifik\u00e1t pravosti<\/strong><\/p>\n<p data-start=\"407\" data-end=\"607\">Misy boli zak\u00fapen\u00e9 v s\u00falade s pravidlami ochrany kult\u00farneho dedi\u010dstva od \u0161panielskeho obchodn\u00edka s umen\u00edm.&nbsp;<\/p>\n<ul>\n<li class=\"\" data-start=\"168\" data-end=\"460\">\n<p class=\"\" data-start=\"170\" data-end=\"460\">Lo\u010f <em data-start=\"174\" data-end=\"184\">Tek Sing<\/em> bola ve\u013ek\u00e1 trojs\u0165a\u017e\u0148ov\u00e1 \u010d\u00ednska lo\u010f, ktor\u00e1 vypl\u00e1vala z pr\u00edstavu Amoy v \u010c\u00edne v decembri 1821, smerom na Bataviu (dne\u0161n\u00fd Jakarta, Indon\u00e9zia) s n\u00e1kladom \u010d\u00ednskej keramiky a cestuj\u00facimi.<\/p>\n<\/li>\n<li class=\"\" data-start=\"461\" data-end=\"588\">\n<p class=\"\" data-start=\"463\" data-end=\"588\">Na palube sa nach\u00e1dzalo pribli\u017ene 200 \u010dlenov pos\u00e1dky a asi 1 600 a\u017e 2 000 pasa\u017eierov. febru\u00e1ra 1822 lo\u010f narazila na \u00fates v oblasti Belvedere Reef (juhov\u00fdchodn\u00e1 \u00c1zia) a nakoniec sa potopila. Trag\u00e9dia si vy\u017eiadala tis\u00edcky obet\u00ed a patr\u00ed medzi najv\u00e4\u010d\u0161ie n\u00e1morn\u00e9 katastrofy v regi\u00f3ne \u2013 \u010dasto sa ozna\u010duje ako \u201cTitanic Orientu.\u201d&nbsp;<\/p>\n<\/li>\n<li class=\"\" data-start=\"955\" data-end=\"1136\">\n<p class=\"\" data-start=\"957\" data-end=\"1136\">V roku 1999 britsk\u00fd pot\u00e1pa\u010d a zberate\u013e Michael Hatcher objavil vrak lode severne od J\u00e1vy, ju\u017ene od Singapuru, v plyt\u0161\u00edch vod\u00e1ch (cca 30 m). Pri odhalen\u00ed sa vytiahlo pribli\u017ene 350 000 kusov porcel\u00e1nu (misky, taniere, \u0161\u00e1lky, misy, at\u010f.), preva\u017ene modro-biela keramika z dieln\u00ed v provincii Fujian, najm\u00e4 z oblasti Dehua. Keramika z Tek Sing je cenn\u00e1 pre v\u00fdskum \u010d\u00ednskeho exportn\u00e9ho porcel\u00e1nu za\u010diatku 19. storo\u010dia, preto\u017ee predstavuje autentick\u00e9 kult\u00farne artefakty, ktor\u00e9 neboli p\u00f4vodne prisp\u00f4soben\u00e9 eur\u00f3pskym vkusom, ale smerovali na \u00e1zijsky trh.<\/p>\n<\/li>\n<li class=\"\" data-start=\"955\" data-end=\"1136\">\n<p class=\"\" data-start=\"957\" data-end=\"1136\">Po objave boli mnoh\u00e9 kusy z aukcie predan\u00e9 v nemeckom meste Stuttgart.<\/p>\n<\/li>\n<\/ul>\n<p data-start=\"407\" data-end=\"607\">&nbsp;<\/p>\n<p data-start=\"407\" data-end=\"607\">&nbsp;<\/p>\n","protected":false},"excerpt":{"rendered":"<p>Keramick\u00e1 miska z lode \u201eTek Sing\u201c T\u00e1to elegantn\u00e1 keramick\u00e1 miska je s\u00fa\u010das\u0165ou n\u00e1kladu vraku lode Tek Sing, ktor\u00e1 niesla tovar z \u010c\u00edny. Vyroben\u00e1 v klasickom \u010d\u00ednskom \u0161t\u00fdle s kvetinovou v\u00fdzdobou typickou pre obdobie exportnej keramiky, sp\u00e1ja historick\u00fd p\u00f4vod s kult\u00farnym dedi\u010dstvom. V\u010faka svojim rozmerom a zachovan\u00e9mu stavu predstavuje v\u00fdnimo\u010dn\u00fd zberate\u013esk\u00fd predmet. Miska m\u00f4\u017ee plni\u0165 praktick\u00fa<a class=\"more-link\" href=\"https:\/\/barbados-shop.sk\/en\/produkt\/cinska-keramicka-misa\/\">Continue reading <span class=\"screen-reader-text\">&#8220;\u010c\u00ednska keramick\u00e1 misa&#8221;<\/span><\/a><\/p>\n","protected":false},"featured_media":6588,"comment_status":"open","ping_status":"closed","template":"","meta":{"_crdt_document":"","ngg_post_thumbnail":0,"pgc_sgb_lightbox_settings":"","jetpack_publicize_message":"","jetpack_publicize_feature_enabled":true,"jetpack_social_post_already_shared":true,"jetpack_social_options":{"image_generator_settings":{"template":"highway","default_image_id":0,"font":"","enabled":false},"version":2},"_wpas_customize_per_network":false},"product_brand":[],"product_cat":[755562498],"product_tag":[],"class_list":{"0":"post-6585","1":"product","2":"type-product","3":"status-publish","4":"has-post-thumbnail","6":"product_cat-zberatelske-predmety","7":"entry","9":"first","10":"instock","11":"shipping-taxable","12":"purchasable","13":"product-type-simple"},"yoast_head":"<!-- This site is optimized with the Yoast SEO plugin v27.4 - https:\/\/yoast.com\/product\/yoast-seo-wordpress\/ -->\n<title>\u010c\u00ednska keramick\u00e1 misa<\/title>\n<meta name=\"description\" content=\"Keramick\u00e1 miska z lode \u201eTeg Sing\u201cT\u00e1to elegantn\u00e1 keramick\u00e1 miska je s\u00fa\u010das\u0165ou n\u00e1kladu vraku lode Teg Sing, ktor\u00e1 niesla tovar z \u010c\u00edny.\" \/>\n<meta name=\"robots\" content=\"index, follow, max-snippet:-1, max-image-preview:large, max-video-preview:-1\" \/>\n<link rel=\"canonical\" href=\"https:\/\/barbados-shop.sk\/en\/produkt\/cinska-keramicka-misa\/\" \/>\n<meta property=\"og:locale\" content=\"en_US\" \/>\n<meta property=\"og:locale:alternate\" content=\"sk_SK\" \/>\n<meta property=\"og:type\" content=\"article\" \/>\n<meta property=\"og:title\" content=\"\u010c\u00ednska keramick\u00e1 misa\" \/>\n<meta property=\"og:description\" content=\"Keramick\u00e1 miska z lode \u201eTeg Sing\u201cT\u00e1to elegantn\u00e1 keramick\u00e1 miska je s\u00fa\u010das\u0165ou n\u00e1kladu vraku lode Teg Sing, ktor\u00e1 niesla tovar z \u010c\u00edny.\" \/>\n<meta property=\"og:url\" content=\"https:\/\/barbados-shop.sk\/en\/produkt\/cinska-keramicka-misa\/\" \/>\n<meta property=\"og:site_name\" content=\"Barbados shop\" \/>\n<meta property=\"article:publisher\" content=\"https:\/\/www.facebook.com\/Barbadosexclusive\" \/>\n<meta property=\"article:modified_time\" content=\"2026-04-10T18:44:12+00:00\" \/>\n<meta property=\"og:image\" content=\"https:\/\/barbados-shop.sk\/wp-content\/uploads\/2025\/09\/Photoroom-20250908_194423_13.png\" \/>\n\t<meta property=\"og:image:width\" content=\"2560\" \/>\n\t<meta property=\"og:image:height\" content=\"1920\" \/>\n\t<meta property=\"og:image:type\" content=\"image\/png\" \/>\n<meta name=\"twitter:card\" content=\"summary_large_image\" \/>\n<meta name=\"twitter:label1\" content=\"Est. reading time\" \/>\n\t<meta name=\"twitter:data1\" content=\"2 minutes\" \/>\n<script type=\"application\/ld+json\" class=\"yoast-schema-graph\">{\"@context\":\"https:\\\/\\\/schema.org\",\"@graph\":[{\"@type\":\"WebPage\",\"@id\":\"https:\\\/\\\/barbados-shop.sk\\\/produkt\\\/cinska-keramicka-misa\\\/\",\"url\":\"https:\\\/\\\/barbados-shop.sk\\\/produkt\\\/cinska-keramicka-misa\\\/\",\"name\":\"\u010c\u00ednska keramick\u00e1 misa\",\"isPartOf\":{\"@id\":\"https:\\\/\\\/barbados-shop.sk\\\/#website\"},\"primaryImageOfPage\":{\"@id\":\"https:\\\/\\\/barbados-shop.sk\\\/produkt\\\/cinska-keramicka-misa\\\/#primaryimage\"},\"image\":{\"@id\":\"https:\\\/\\\/barbados-shop.sk\\\/produkt\\\/cinska-keramicka-misa\\\/#primaryimage\"},\"thumbnailUrl\":\"https:\\\/\\\/i0.wp.com\\\/barbados-shop.sk\\\/wp-content\\\/uploads\\\/2025\\\/09\\\/Photoroom-20250908_194423_13.png?fit=2560%2C1920&ssl=1\",\"datePublished\":\"2025-09-08T18:29:29+00:00\",\"dateModified\":\"2026-04-10T18:44:12+00:00\",\"description\":\"Keramick\u00e1 miska z lode \u201eTeg Sing\u201cT\u00e1to elegantn\u00e1 keramick\u00e1 miska je s\u00fa\u010das\u0165ou n\u00e1kladu vraku lode Teg Sing, ktor\u00e1 niesla tovar z \u010c\u00edny.\",\"breadcrumb\":{\"@id\":\"https:\\\/\\\/barbados-shop.sk\\\/produkt\\\/cinska-keramicka-misa\\\/#breadcrumb\"},\"inLanguage\":\"en-US\",\"potentialAction\":[{\"@type\":\"ReadAction\",\"target\":[\"https:\\\/\\\/barbados-shop.sk\\\/produkt\\\/cinska-keramicka-misa\\\/\"]}]},{\"@type\":\"ImageObject\",\"inLanguage\":\"en-US\",\"@id\":\"https:\\\/\\\/barbados-shop.sk\\\/produkt\\\/cinska-keramicka-misa\\\/#primaryimage\",\"url\":\"https:\\\/\\\/i0.wp.com\\\/barbados-shop.sk\\\/wp-content\\\/uploads\\\/2025\\\/09\\\/Photoroom-20250908_194423_13.png?fit=2560%2C1920&ssl=1\",\"contentUrl\":\"https:\\\/\\\/i0.wp.com\\\/barbados-shop.sk\\\/wp-content\\\/uploads\\\/2025\\\/09\\\/Photoroom-20250908_194423_13.png?fit=2560%2C1920&ssl=1\",\"width\":2560,\"height\":1920},{\"@type\":\"BreadcrumbList\",\"@id\":\"https:\\\/\\\/barbados-shop.sk\\\/produkt\\\/cinska-keramicka-misa\\\/#breadcrumb\",\"itemListElement\":[{\"@type\":\"ListItem\",\"position\":1,\"name\":\"Domovsk\u00e1 str\u00e1nka\",\"item\":\"https:\\\/\\\/barbados-shop.sk\\\/\"},{\"@type\":\"ListItem\",\"position\":2,\"name\":\"Obchod\",\"item\":\"https:\\\/\\\/barbados-shop.sk\\\/obchod\\\/\"},{\"@type\":\"ListItem\",\"position\":3,\"name\":\"\u010c\u00ednska keramick\u00e1 misa\"}]},{\"@type\":\"WebSite\",\"@id\":\"https:\\\/\\\/barbados-shop.sk\\\/#website\",\"url\":\"https:\\\/\\\/barbados-shop.sk\\\/\",\"name\":\"Barbados shop\",\"description\":\"Predaj exkluz\u00edvnych zberate\u013esk\u00fdch predmetov\",\"publisher\":{\"@id\":\"https:\\\/\\\/barbados-shop.sk\\\/#organization\"},\"potentialAction\":[{\"@type\":\"SearchAction\",\"target\":{\"@type\":\"EntryPoint\",\"urlTemplate\":\"https:\\\/\\\/barbados-shop.sk\\\/?s={search_term_string}\"},\"query-input\":{\"@type\":\"PropertyValueSpecification\",\"valueRequired\":true,\"valueName\":\"search_term_string\"}}],\"inLanguage\":\"en-US\"},{\"@type\":\"Organization\",\"@id\":\"https:\\\/\\\/barbados-shop.sk\\\/#organization\",\"name\":\"Barbados shop\",\"url\":\"https:\\\/\\\/barbados-shop.sk\\\/\",\"logo\":{\"@type\":\"ImageObject\",\"inLanguage\":\"en-US\",\"@id\":\"https:\\\/\\\/barbados-shop.sk\\\/#\\\/schema\\\/logo\\\/image\\\/\",\"url\":\"https:\\\/\\\/i0.wp.com\\\/barbados-shop.sk\\\/wp-content\\\/uploads\\\/2022\\\/11\\\/cropped-cropped-299016379_113204254827248_2560417915586279216_n-1.jpg?fit=870%2C870&ssl=1\",\"contentUrl\":\"https:\\\/\\\/i0.wp.com\\\/barbados-shop.sk\\\/wp-content\\\/uploads\\\/2022\\\/11\\\/cropped-cropped-299016379_113204254827248_2560417915586279216_n-1.jpg?fit=870%2C870&ssl=1\",\"width\":870,\"height\":870,\"caption\":\"Barbados shop\"},\"image\":{\"@id\":\"https:\\\/\\\/barbados-shop.sk\\\/#\\\/schema\\\/logo\\\/image\\\/\"},\"sameAs\":[\"https:\\\/\\\/www.facebook.com\\\/Barbadosexclusive\"]}]}<\/script>\n<!-- \/ Yoast SEO plugin. -->","yoast_head_json":{"title":"\u010c\u00ednska keramick\u00e1 misa","description":"Keramick\u00e1 miska z lode \u201eTeg Sing\u201cT\u00e1to elegantn\u00e1 keramick\u00e1 miska je s\u00fa\u010das\u0165ou n\u00e1kladu vraku lode Teg Sing, ktor\u00e1 niesla tovar z \u010c\u00edny.","robots":{"index":"index","follow":"follow","max-snippet":"max-snippet:-1","max-image-preview":"max-image-preview:large","max-video-preview":"max-video-preview:-1"},"canonical":"https:\/\/barbados-shop.sk\/en\/produkt\/cinska-keramicka-misa\/","og_locale":"en_US","og_type":"article","og_title":"[:sk]\u010c\u00ednska keramick\u00e1 misa[:] - Barbados shop","og_description":"[:sk]Keramick\u00e1 miska z lode \u201eTeg Sing\u201cT\u00e1to elegantn\u00e1 keramick\u00e1 miska je s\u00fa\u010das\u0165ou n\u00e1kladu vraku lode Teg Sing, ktor\u00e1 niesla tovar z \u010c\u00edny.[:]","og_url":"https:\/\/barbados-shop.sk\/en\/produkt\/cinska-keramicka-misa\/","og_site_name":"Barbados shop","article_publisher":"https:\/\/www.facebook.com\/Barbadosexclusive","article_modified_time":"2026-04-10T18:44:12+00:00","og_image":[{"width":2560,"height":1920,"url":"https:\/\/barbados-shop.sk\/wp-content\/uploads\/2025\/09\/Photoroom-20250908_194423_13.png","type":"image\/png"}],"twitter_card":"summary_large_image","twitter_misc":{"Est. reading time":"2 minutes"},"schema":{"@context":"https:\/\/schema.org","@graph":[{"@type":"WebPage","@id":"https:\/\/barbados-shop.sk\/produkt\/cinska-keramicka-misa\/","url":"https:\/\/barbados-shop.sk\/produkt\/cinska-keramicka-misa\/","name":"\u010c\u00ednska keramick\u00e1 misa","isPartOf":{"@id":"https:\/\/barbados-shop.sk\/#website"},"primaryImageOfPage":{"@id":"https:\/\/barbados-shop.sk\/produkt\/cinska-keramicka-misa\/#primaryimage"},"image":{"@id":"https:\/\/barbados-shop.sk\/produkt\/cinska-keramicka-misa\/#primaryimage"},"thumbnailUrl":"https:\/\/i0.wp.com\/barbados-shop.sk\/wp-content\/uploads\/2025\/09\/Photoroom-20250908_194423_13.png?fit=2560%2C1920&ssl=1","datePublished":"2025-09-08T18:29:29+00:00","dateModified":"2026-04-10T18:44:12+00:00","description":"Keramick\u00e1 miska z lode \u201eTeg Sing\u201cT\u00e1to elegantn\u00e1 keramick\u00e1 miska je s\u00fa\u010das\u0165ou n\u00e1kladu vraku lode Teg Sing, ktor\u00e1 niesla tovar z \u010c\u00edny.","breadcrumb":{"@id":"https:\/\/barbados-shop.sk\/produkt\/cinska-keramicka-misa\/#breadcrumb"},"inLanguage":"en-US","potentialAction":[{"@type":"ReadAction","target":["https:\/\/barbados-shop.sk\/produkt\/cinska-keramicka-misa\/"]}]},{"@type":"ImageObject","inLanguage":"en-US","@id":"https:\/\/barbados-shop.sk\/produkt\/cinska-keramicka-misa\/#primaryimage","url":"https:\/\/i0.wp.com\/barbados-shop.sk\/wp-content\/uploads\/2025\/09\/Photoroom-20250908_194423_13.png?fit=2560%2C1920&ssl=1","contentUrl":"https:\/\/i0.wp.com\/barbados-shop.sk\/wp-content\/uploads\/2025\/09\/Photoroom-20250908_194423_13.png?fit=2560%2C1920&ssl=1","width":2560,"height":1920},{"@type":"BreadcrumbList","@id":"https:\/\/barbados-shop.sk\/produkt\/cinska-keramicka-misa\/#breadcrumb","itemListElement":[{"@type":"ListItem","position":1,"name":"Domovsk\u00e1 str\u00e1nka","item":"https:\/\/barbados-shop.sk\/"},{"@type":"ListItem","position":2,"name":"Obchod","item":"https:\/\/barbados-shop.sk\/obchod\/"},{"@type":"ListItem","position":3,"name":"\u010c\u00ednska keramick\u00e1 misa"}]},{"@type":"WebSite","@id":"https:\/\/barbados-shop.sk\/#website","url":"https:\/\/barbados-shop.sk\/","name":"Barbados shop","description":"Predaj exkluz\u00edvnych zberate\u013esk\u00fdch predmetov","publisher":{"@id":"https:\/\/barbados-shop.sk\/#organization"},"potentialAction":[{"@type":"SearchAction","target":{"@type":"EntryPoint","urlTemplate":"https:\/\/barbados-shop.sk\/?s={search_term_string}"},"query-input":{"@type":"PropertyValueSpecification","valueRequired":true,"valueName":"search_term_string"}}],"inLanguage":"en-US"},{"@type":"Organization","@id":"https:\/\/barbados-shop.sk\/#organization","name":"Barbados shop","url":"https:\/\/barbados-shop.sk\/","logo":{"@type":"ImageObject","inLanguage":"en-US","@id":"https:\/\/barbados-shop.sk\/#\/schema\/logo\/image\/","url":"https:\/\/i0.wp.com\/barbados-shop.sk\/wp-content\/uploads\/2022\/11\/cropped-cropped-299016379_113204254827248_2560417915586279216_n-1.jpg?fit=870%2C870&ssl=1","contentUrl":"https:\/\/i0.wp.com\/barbados-shop.sk\/wp-content\/uploads\/2022\/11\/cropped-cropped-299016379_113204254827248_2560417915586279216_n-1.jpg?fit=870%2C870&ssl=1","width":870,"height":870,"caption":"Barbados shop"},"image":{"@id":"https:\/\/barbados-shop.sk\/#\/schema\/logo\/image\/"},"sameAs":["https:\/\/www.facebook.com\/Barbadosexclusive"]}]}},"jetpack_publicize_connections":[],"jetpack_likes_enabled":true,"jetpack_sharing_enabled":true,"jetpack-related-posts":[],"_links":{"self":[{"href":"https:\/\/barbados-shop.sk\/en\/wp-json\/wp\/v2\/product\/6585","targetHints":{"allow":["GET"]}}],"collection":[{"href":"https:\/\/barbados-shop.sk\/en\/wp-json\/wp\/v2\/product"}],"about":[{"href":"https:\/\/barbados-shop.sk\/en\/wp-json\/wp\/v2\/types\/product"}],"replies":[{"embeddable":true,"href":"https:\/\/barbados-shop.sk\/en\/wp-json\/wp\/v2\/comments?post=6585"}],"wp:featuredmedia":[{"embeddable":true,"href":"https:\/\/barbados-shop.sk\/en\/wp-json\/wp\/v2\/media\/6588"}],"wp:attachment":[{"href":"https:\/\/barbados-shop.sk\/en\/wp-json\/wp\/v2\/media?parent=6585"}],"wp:term":[{"taxonomy":"product_brand","embeddable":true,"href":"https:\/\/barbados-shop.sk\/en\/wp-json\/wp\/v2\/product_brand?post=6585"},{"taxonomy":"product_cat","embeddable":true,"href":"https:\/\/barbados-shop.sk\/en\/wp-json\/wp\/v2\/product_cat?post=6585"},{"taxonomy":"product_tag","embeddable":true,"href":"https:\/\/barbados-shop.sk\/en\/wp-json\/wp\/v2\/product_tag?post=6585"}],"curies":[{"name":"wp","href":"https:\/\/api.w.org\/{rel}","templated":true}]}}