{"id":6721,"date":"2025-10-06T21:50:12","date_gmt":"2025-10-06T19:50:12","guid":{"rendered":"https:\/\/barbadosshop.wpcomstaging.com\/?post_type=product&#038;p=6721"},"modified":"2025-10-06T21:50:19","modified_gmt":"2025-10-06T19:50:19","slug":"konstantin-vii","status":"publish","type":"product","link":"https:\/\/barbados-shop.sk\/en\/produkt\/konstantin-vii\/","title":{"rendered":"Kon\u0161tant\u00edn VII"},"content":{"rendered":"<h3 data-start=\"152\" data-end=\"250\"><strong data-start=\"159\" data-end=\"248\">Byzantsk\u00e1 minca Kon\u0161tant\u00edn VII. Porfyrogenetos a Roman I. Lekapenos (913 \u2013 959 n. l.)<\/strong><\/h3>\n<p data-start=\"251\" data-end=\"336\"><strong data-start=\"251\" data-end=\"293\">AE Follis \u2013 Kon\u0161tant\u00ednopolsk\u00e1 mincov\u0148a<\/strong><br data-start=\"293\" data-end=\"296\"><strong data-start=\"296\" data-end=\"308\">Priemer:<\/strong> 28 mm\u2003<strong data-start=\"315\" data-end=\"328\">Hmotnos\u0165:<\/strong> 9,8 g<\/p>\n<p data-start=\"338\" data-end=\"578\">T\u00e1to p\u00f4sobiv\u00e1 bronzov\u00e1 minca poch\u00e1dza z obdobia spolo\u010dnej vl\u00e1dy cis\u00e1ra <strong data-start=\"409\" data-end=\"443\">Kon\u0161tant\u00edna VII. Porfyrogeneta<\/strong>, vzdelan\u00e9ho panovn\u00edka a autora v\u00fdznamn\u00fdch diel, a jeho svokra <strong data-start=\"506\" data-end=\"528\">Romana I. Lekapena<\/strong>, mocn\u00e9ho spr\u00e1vcu Byzantskej r\u00ed\u0161e v 10. storo\u010d\u00ed.<\/p>\n<p data-start=\"580\" data-end=\"872\"><strong data-start=\"580\" data-end=\"597\">L\u00edcna strana:<\/strong> zobrazuje bustu cis\u00e1ra <strong data-start=\"621\" data-end=\"634\">Romana I.<\/strong> \u010delne, s korunou a chlamydou, ako v pravej ruke dr\u017e\u00ed <strong data-start=\"688\" data-end=\"699\">labarum<\/strong> \u2013 symbol vojenskej moci \u2013 a v \u013eavej <strong data-start=\"736\" data-end=\"773\">gl\u00f3bus s kr\u00ed\u017eom (globus cruciger)<\/strong>, znak kres\u0165anskej vl\u00e1dy nad svetom.<br data-start=\"809\" data-end=\"812\">Legenda: <strong data-start=\"821\" data-end=\"844\">+RWMAH BASILEVS RWM<\/strong> \u2013 <em data-start=\"847\" data-end=\"870\">Roman, cis\u00e1r Rimanov.<\/em><\/p>\n<p data-start=\"874\" data-end=\"1052\"><strong data-start=\"874\" data-end=\"892\">Rubov\u00e1 strana:<\/strong> n\u00e1pis v \u0161tyroch riadkoch s vyjadren\u00edm bo\u017esk\u00e9ho opr\u00e1vnenia cis\u00e1rskej vl\u00e1dy:<br data-start=\"967\" data-end=\"970\"><strong data-start=\"970\" data-end=\"1006\">+RWMA H&#8217; EH QEW BASILEVS RWMALWH<\/strong> \u2013 <em data-start=\"1009\" data-end=\"1050\">Roman, cis\u00e1r Rimanov, korunovan\u00fd Bohom.<\/em><\/p>\n<p data-start=\"1054\" data-end=\"1250\">Tento \u0165a\u017ek\u00fd bronzov\u00fd <strong data-start=\"1075\" data-end=\"1085\">follis<\/strong> je v\u00fdnimo\u010dn\u00fdm artefaktom svojej \u00e9ry \u2013 sp\u00e1ja duchovn\u00fa symboliku, politick\u00fa moc a umeleck\u00fa prec\u00edznos\u0165 Byzancie. Skvostn\u00fd exempl\u00e1r pre zberate\u013eov stredovek\u00fdch minc\u00ed.<\/p>\n","protected":false},"excerpt":{"rendered":"<p>Byzantsk\u00e1 minca Kon\u0161tant\u00edn VII. Porfyrogenetos a Roman I. Lekapenos (913 \u2013 959 n. l.) AE Follis \u2013 Kon\u0161tant\u00ednopolsk\u00e1 mincov\u0148aPriemer: 28 mm\u2003Hmotnos\u0165: 9,8 g T\u00e1to p\u00f4sobiv\u00e1 bronzov\u00e1 minca poch\u00e1dza z obdobia spolo\u010dnej vl\u00e1dy cis\u00e1ra Kon\u0161tant\u00edna VII. Porfyrogeneta, vzdelan\u00e9ho panovn\u00edka a autora v\u00fdznamn\u00fdch diel, a jeho svokra Romana I. Lekapena, mocn\u00e9ho spr\u00e1vcu Byzantskej r\u00ed\u0161e v 10. storo\u010d\u00ed.<a class=\"more-link\" href=\"https:\/\/barbados-shop.sk\/en\/produkt\/konstantin-vii\/\">Continue reading <span class=\"screen-reader-text\">&#8220;Kon\u0161tant\u00edn VII&#8221;<\/span><\/a><\/p>\n","protected":false},"featured_media":6794,"comment_status":"open","ping_status":"closed","template":"","meta":{"_crdt_document":"","ngg_post_thumbnail":0,"pgc_sgb_lightbox_settings":"","jetpack_post_was_ever_published":false,"jetpack_publicize_message":"","jetpack_publicize_feature_enabled":true,"jetpack_social_post_already_shared":true,"jetpack_social_options":{"image_generator_settings":{"template":"highway","default_image_id":0,"font":"","enabled":false},"version":2},"_wpas_customize_per_network":false},"product_brand":[],"product_cat":[755562504],"product_tag":[],"class_list":{"0":"post-6721","1":"product","2":"type-product","3":"status-publish","4":"has-post-thumbnail","6":"product_cat-stredoveke-mince","7":"entry","9":"first","10":"instock","11":"shipping-taxable","12":"purchasable","13":"product-type-simple"},"yoast_head":"<!-- This site is optimized with the Yoast SEO plugin v27.3 - https:\/\/yoast.com\/product\/yoast-seo-wordpress\/ -->\n<title>Kon\u0161tant\u00edn VII<\/title>\n<meta name=\"description\" content=\"Byzantsk\u00e1 minca Kon\u0161tant\u00edn VII. Porfyrogenetos a Roman I. Lekapenos (913 \u2013 959 n. l.)AE Follis \u2013 Kon\u0161tant\u00ednopolsk\u00e1 mincov\u0148aPriemer: 28 mm\u2003Hmotnos\u0165: 9,8 g\" \/>\n<meta name=\"robots\" content=\"index, follow, max-snippet:-1, max-image-preview:large, max-video-preview:-1\" \/>\n<link rel=\"canonical\" href=\"https:\/\/barbados-shop.sk\/en\/produkt\/konstantin-vii\/\" \/>\n<meta property=\"og:locale\" content=\"en_US\" \/>\n<meta property=\"og:locale:alternate\" content=\"sk_SK\" \/>\n<meta property=\"og:type\" content=\"article\" \/>\n<meta property=\"og:title\" content=\"Kon\u0161tant\u00edn VII\" \/>\n<meta property=\"og:description\" content=\"Byzantsk\u00e1 minca Kon\u0161tant\u00edn VII. Porfyrogenetos a Roman I. Lekapenos (913 \u2013 959 n. l.)AE Follis \u2013 Kon\u0161tant\u00ednopolsk\u00e1 mincov\u0148aPriemer: 28 mm\u2003Hmotnos\u0165: 9,8 g\" \/>\n<meta property=\"og:url\" content=\"https:\/\/barbados-shop.sk\/en\/produkt\/konstantin-vii\/\" \/>\n<meta property=\"og:site_name\" content=\"Barbados shop\" \/>\n<meta property=\"article:publisher\" content=\"https:\/\/www.facebook.com\/Barbadosexclusive\" \/>\n<meta property=\"article:modified_time\" content=\"2025-10-06T19:50:19+00:00\" \/>\n<meta property=\"og:image\" content=\"https:\/\/i0.wp.com\/barbados-shop.sk\/wp-content\/uploads\/2025\/10\/Photoroom-20251006_212126_21.png?fit=1920%2C2560&ssl=1\" \/>\n\t<meta property=\"og:image:width\" content=\"1920\" \/>\n\t<meta property=\"og:image:height\" content=\"2560\" \/>\n\t<meta property=\"og:image:type\" content=\"image\/png\" \/>\n<meta name=\"twitter:card\" content=\"summary_large_image\" \/>\n<meta name=\"twitter:label1\" content=\"Est. reading time\" \/>\n\t<meta name=\"twitter:data1\" content=\"1 minute\" \/>\n<script type=\"application\/ld+json\" class=\"yoast-schema-graph\">{\"@context\":\"https:\\\/\\\/schema.org\",\"@graph\":[{\"@type\":\"WebPage\",\"@id\":\"https:\\\/\\\/barbados-shop.sk\\\/produkt\\\/konstantin-vii\\\/\",\"url\":\"https:\\\/\\\/barbados-shop.sk\\\/produkt\\\/konstantin-vii\\\/\",\"name\":\"Kon\u0161tant\u00edn VII\",\"isPartOf\":{\"@id\":\"https:\\\/\\\/barbados-shop.sk\\\/#website\"},\"primaryImageOfPage\":{\"@id\":\"https:\\\/\\\/barbados-shop.sk\\\/produkt\\\/konstantin-vii\\\/#primaryimage\"},\"image\":{\"@id\":\"https:\\\/\\\/barbados-shop.sk\\\/produkt\\\/konstantin-vii\\\/#primaryimage\"},\"thumbnailUrl\":\"https:\\\/\\\/i0.wp.com\\\/barbados-shop.sk\\\/wp-content\\\/uploads\\\/2025\\\/10\\\/Photoroom-20251006_212126_21.png?fit=1920%2C2560&ssl=1\",\"datePublished\":\"2025-10-06T19:50:12+00:00\",\"dateModified\":\"2025-10-06T19:50:19+00:00\",\"description\":\"Byzantsk\u00e1 minca Kon\u0161tant\u00edn VII. Porfyrogenetos a Roman I. Lekapenos (913 \u2013 959 n. l.)AE Follis \u2013 Kon\u0161tant\u00ednopolsk\u00e1 mincov\u0148aPriemer: 28 mm\u2003Hmotnos\u0165: 9,8 g\",\"breadcrumb\":{\"@id\":\"https:\\\/\\\/barbados-shop.sk\\\/produkt\\\/konstantin-vii\\\/#breadcrumb\"},\"inLanguage\":\"en-US\",\"potentialAction\":[{\"@type\":\"ReadAction\",\"target\":[\"https:\\\/\\\/barbados-shop.sk\\\/produkt\\\/konstantin-vii\\\/\"]}]},{\"@type\":\"ImageObject\",\"inLanguage\":\"en-US\",\"@id\":\"https:\\\/\\\/barbados-shop.sk\\\/produkt\\\/konstantin-vii\\\/#primaryimage\",\"url\":\"https:\\\/\\\/i0.wp.com\\\/barbados-shop.sk\\\/wp-content\\\/uploads\\\/2025\\\/10\\\/Photoroom-20251006_212126_21.png?fit=1920%2C2560&ssl=1\",\"contentUrl\":\"https:\\\/\\\/i0.wp.com\\\/barbados-shop.sk\\\/wp-content\\\/uploads\\\/2025\\\/10\\\/Photoroom-20251006_212126_21.png?fit=1920%2C2560&ssl=1\",\"width\":1920,\"height\":2560},{\"@type\":\"BreadcrumbList\",\"@id\":\"https:\\\/\\\/barbados-shop.sk\\\/produkt\\\/konstantin-vii\\\/#breadcrumb\",\"itemListElement\":[{\"@type\":\"ListItem\",\"position\":1,\"name\":\"Domovsk\u00e1 str\u00e1nka\",\"item\":\"https:\\\/\\\/barbados-shop.sk\\\/\"},{\"@type\":\"ListItem\",\"position\":2,\"name\":\"Obchod\",\"item\":\"https:\\\/\\\/barbados-shop.sk\\\/obchod\\\/\"},{\"@type\":\"ListItem\",\"position\":3,\"name\":\"Kon\u0161tant\u00edn VII\"}]},{\"@type\":\"WebSite\",\"@id\":\"https:\\\/\\\/barbados-shop.sk\\\/#website\",\"url\":\"https:\\\/\\\/barbados-shop.sk\\\/\",\"name\":\"Barbados shop\",\"description\":\"Predaj exkluz\u00edvnych zberate\u013esk\u00fdch predmetov\",\"publisher\":{\"@id\":\"https:\\\/\\\/barbados-shop.sk\\\/#organization\"},\"potentialAction\":[{\"@type\":\"SearchAction\",\"target\":{\"@type\":\"EntryPoint\",\"urlTemplate\":\"https:\\\/\\\/barbados-shop.sk\\\/?s={search_term_string}\"},\"query-input\":{\"@type\":\"PropertyValueSpecification\",\"valueRequired\":true,\"valueName\":\"search_term_string\"}}],\"inLanguage\":\"en-US\"},{\"@type\":\"Organization\",\"@id\":\"https:\\\/\\\/barbados-shop.sk\\\/#organization\",\"name\":\"Barbados shop\",\"url\":\"https:\\\/\\\/barbados-shop.sk\\\/\",\"logo\":{\"@type\":\"ImageObject\",\"inLanguage\":\"en-US\",\"@id\":\"https:\\\/\\\/barbados-shop.sk\\\/#\\\/schema\\\/logo\\\/image\\\/\",\"url\":\"https:\\\/\\\/i0.wp.com\\\/barbados-shop.sk\\\/wp-content\\\/uploads\\\/2022\\\/11\\\/cropped-cropped-299016379_113204254827248_2560417915586279216_n-1.jpg?fit=870%2C870&ssl=1\",\"contentUrl\":\"https:\\\/\\\/i0.wp.com\\\/barbados-shop.sk\\\/wp-content\\\/uploads\\\/2022\\\/11\\\/cropped-cropped-299016379_113204254827248_2560417915586279216_n-1.jpg?fit=870%2C870&ssl=1\",\"width\":870,\"height\":870,\"caption\":\"Barbados shop\"},\"image\":{\"@id\":\"https:\\\/\\\/barbados-shop.sk\\\/#\\\/schema\\\/logo\\\/image\\\/\"},\"sameAs\":[\"https:\\\/\\\/www.facebook.com\\\/Barbadosexclusive\"]}]}<\/script>\n<!-- \/ Yoast SEO plugin. -->","yoast_head_json":{"title":"Kon\u0161tant\u00edn VII","description":"Byzantsk\u00e1 minca Kon\u0161tant\u00edn VII. Porfyrogenetos a Roman I. Lekapenos (913 \u2013 959 n. l.)AE Follis \u2013 Kon\u0161tant\u00ednopolsk\u00e1 mincov\u0148aPriemer: 28 mm\u2003Hmotnos\u0165: 9,8 g","robots":{"index":"index","follow":"follow","max-snippet":"max-snippet:-1","max-image-preview":"max-image-preview:large","max-video-preview":"max-video-preview:-1"},"canonical":"https:\/\/barbados-shop.sk\/en\/produkt\/konstantin-vii\/","og_locale":"en_US","og_type":"article","og_title":"[:sk]Kon\u0161tant\u00edn VII[:] - Barbados shop","og_description":"Byzantsk\u00e1 minca Kon\u0161tant\u00edn VII. Porfyrogenetos a Roman I. Lekapenos (913 \u2013 959 n. l.)AE Follis \u2013 Kon\u0161tant\u00ednopolsk\u00e1 mincov\u0148aPriemer: 28 mm\u2003Hmotnos\u0165: 9,8 g","og_url":"https:\/\/barbados-shop.sk\/en\/produkt\/konstantin-vii\/","og_site_name":"Barbados shop","article_publisher":"https:\/\/www.facebook.com\/Barbadosexclusive","article_modified_time":"2025-10-06T19:50:19+00:00","og_image":[{"width":1920,"height":2560,"url":"https:\/\/i0.wp.com\/barbados-shop.sk\/wp-content\/uploads\/2025\/10\/Photoroom-20251006_212126_21.png?fit=1920%2C2560&ssl=1","type":"image\/png"}],"twitter_card":"summary_large_image","twitter_misc":{"Est. reading time":"1 minute"},"schema":{"@context":"https:\/\/schema.org","@graph":[{"@type":"WebPage","@id":"https:\/\/barbados-shop.sk\/produkt\/konstantin-vii\/","url":"https:\/\/barbados-shop.sk\/produkt\/konstantin-vii\/","name":"Kon\u0161tant\u00edn VII","isPartOf":{"@id":"https:\/\/barbados-shop.sk\/#website"},"primaryImageOfPage":{"@id":"https:\/\/barbados-shop.sk\/produkt\/konstantin-vii\/#primaryimage"},"image":{"@id":"https:\/\/barbados-shop.sk\/produkt\/konstantin-vii\/#primaryimage"},"thumbnailUrl":"https:\/\/i0.wp.com\/barbados-shop.sk\/wp-content\/uploads\/2025\/10\/Photoroom-20251006_212126_21.png?fit=1920%2C2560&ssl=1","datePublished":"2025-10-06T19:50:12+00:00","dateModified":"2025-10-06T19:50:19+00:00","description":"Byzantsk\u00e1 minca Kon\u0161tant\u00edn VII. Porfyrogenetos a Roman I. Lekapenos (913 \u2013 959 n. l.)AE Follis \u2013 Kon\u0161tant\u00ednopolsk\u00e1 mincov\u0148aPriemer: 28 mm\u2003Hmotnos\u0165: 9,8 g","breadcrumb":{"@id":"https:\/\/barbados-shop.sk\/produkt\/konstantin-vii\/#breadcrumb"},"inLanguage":"en-US","potentialAction":[{"@type":"ReadAction","target":["https:\/\/barbados-shop.sk\/produkt\/konstantin-vii\/"]}]},{"@type":"ImageObject","inLanguage":"en-US","@id":"https:\/\/barbados-shop.sk\/produkt\/konstantin-vii\/#primaryimage","url":"https:\/\/i0.wp.com\/barbados-shop.sk\/wp-content\/uploads\/2025\/10\/Photoroom-20251006_212126_21.png?fit=1920%2C2560&ssl=1","contentUrl":"https:\/\/i0.wp.com\/barbados-shop.sk\/wp-content\/uploads\/2025\/10\/Photoroom-20251006_212126_21.png?fit=1920%2C2560&ssl=1","width":1920,"height":2560},{"@type":"BreadcrumbList","@id":"https:\/\/barbados-shop.sk\/produkt\/konstantin-vii\/#breadcrumb","itemListElement":[{"@type":"ListItem","position":1,"name":"Domovsk\u00e1 str\u00e1nka","item":"https:\/\/barbados-shop.sk\/"},{"@type":"ListItem","position":2,"name":"Obchod","item":"https:\/\/barbados-shop.sk\/obchod\/"},{"@type":"ListItem","position":3,"name":"Kon\u0161tant\u00edn VII"}]},{"@type":"WebSite","@id":"https:\/\/barbados-shop.sk\/#website","url":"https:\/\/barbados-shop.sk\/","name":"Barbados shop","description":"Predaj exkluz\u00edvnych zberate\u013esk\u00fdch predmetov","publisher":{"@id":"https:\/\/barbados-shop.sk\/#organization"},"potentialAction":[{"@type":"SearchAction","target":{"@type":"EntryPoint","urlTemplate":"https:\/\/barbados-shop.sk\/?s={search_term_string}"},"query-input":{"@type":"PropertyValueSpecification","valueRequired":true,"valueName":"search_term_string"}}],"inLanguage":"en-US"},{"@type":"Organization","@id":"https:\/\/barbados-shop.sk\/#organization","name":"Barbados shop","url":"https:\/\/barbados-shop.sk\/","logo":{"@type":"ImageObject","inLanguage":"en-US","@id":"https:\/\/barbados-shop.sk\/#\/schema\/logo\/image\/","url":"https:\/\/i0.wp.com\/barbados-shop.sk\/wp-content\/uploads\/2022\/11\/cropped-cropped-299016379_113204254827248_2560417915586279216_n-1.jpg?fit=870%2C870&ssl=1","contentUrl":"https:\/\/i0.wp.com\/barbados-shop.sk\/wp-content\/uploads\/2022\/11\/cropped-cropped-299016379_113204254827248_2560417915586279216_n-1.jpg?fit=870%2C870&ssl=1","width":870,"height":870,"caption":"Barbados shop"},"image":{"@id":"https:\/\/barbados-shop.sk\/#\/schema\/logo\/image\/"},"sameAs":["https:\/\/www.facebook.com\/Barbadosexclusive"]}]}},"jetpack_publicize_connections":[],"jetpack_likes_enabled":true,"jetpack_sharing_enabled":true,"jetpack-related-posts":[],"_links":{"self":[{"href":"https:\/\/barbados-shop.sk\/en\/wp-json\/wp\/v2\/product\/6721","targetHints":{"allow":["GET"]}}],"collection":[{"href":"https:\/\/barbados-shop.sk\/en\/wp-json\/wp\/v2\/product"}],"about":[{"href":"https:\/\/barbados-shop.sk\/en\/wp-json\/wp\/v2\/types\/product"}],"replies":[{"embeddable":true,"href":"https:\/\/barbados-shop.sk\/en\/wp-json\/wp\/v2\/comments?post=6721"}],"wp:featuredmedia":[{"embeddable":true,"href":"https:\/\/barbados-shop.sk\/en\/wp-json\/wp\/v2\/media\/6794"}],"wp:attachment":[{"href":"https:\/\/barbados-shop.sk\/en\/wp-json\/wp\/v2\/media?parent=6721"}],"wp:term":[{"taxonomy":"product_brand","embeddable":true,"href":"https:\/\/barbados-shop.sk\/en\/wp-json\/wp\/v2\/product_brand?post=6721"},{"taxonomy":"product_cat","embeddable":true,"href":"https:\/\/barbados-shop.sk\/en\/wp-json\/wp\/v2\/product_cat?post=6721"},{"taxonomy":"product_tag","embeddable":true,"href":"https:\/\/barbados-shop.sk\/en\/wp-json\/wp\/v2\/product_tag?post=6721"}],"curies":[{"name":"wp","href":"https:\/\/api.w.org\/{rel}","templated":true}]}}