{"id":6927,"date":"2025-10-25T21:38:14","date_gmt":"2025-10-25T19:38:14","guid":{"rendered":"https:\/\/barbadosshop.wpcomstaging.com\/?post_type=product&#038;p=6927"},"modified":"2025-10-25T21:38:14","modified_gmt":"2025-10-25T19:38:14","slug":"sumatransky-jantar-4","status":"publish","type":"product","link":"https:\/\/barbados-shop.sk\/en\/produkt\/sumatransky-jantar-4\/","title":{"rendered":"Sumatransk\u00fd jant\u00e1r"},"content":{"rendered":"<h3 data-start=\"0\" data-end=\"50\"><strong data-start=\"4\" data-end=\"50\">Sumatransk\u00fd jant\u00e1r \u2014 ohniv\u00e9 \u201ezlato z mora\u201c<\/strong><\/h3>\n<p data-start=\"52\" data-end=\"233\">Sumatransk\u00fd jant\u00e1r zap\u00e1li zmysly. Po nasvieten\u00ed odhal\u00ed ohniv\u00e9 farby \u2014 hlbok\u00e9 medov\u00e9 t\u00f3ny sa prel\u00ednaj\u00fa s rub\u00ednov\u00fdmi a zlat\u00fdmi odleskami, ktor\u00e9 pri ka\u017edom pohybe zachyt\u00e1vaj\u00fa svetlo.<\/p>\n<p data-start=\"235\" data-end=\"482\">Skvelo posl\u00fa\u017ei na prec\u00edzny v\u00fdbrus alebo ako v\u00fdrazn\u00fd kus do zbierky; zberatelia ocenia jeho priezra\u010dnos\u0165 a hre farieb. \u013dudia mu tradi\u010dne prisudzuj\u00fa upokojuj\u00face a harmonizuj\u00face \u00fa\u010dinky, ktor\u00e9 podporuj\u00fa pocit rovnov\u00e1hy po\u010das nosenia alebo medit\u00e1cie.<\/p>\n<p data-start=\"484\" data-end=\"703\">Jant\u00e1r vznikol pred pribli\u017ene <strong data-start=\"514\" data-end=\"540\">360 a\u017e 1 000 000 rokmi<\/strong>, tak\u017ee nesie v sebe \u010das\u0165 prad\u00e1vnej pr\u00edrody \u2014 pr\u00e1ve preto ho mnoh\u00ed naz\u00fdvaj\u00fa \u201ezlato z mora\u201c. Tento kus poch\u00e1dza zo Sumatry a v ruke p\u00f4sob\u00ed ako mal\u00fd ohniv\u00fd z\u00e1zrak.<\/p>\n<p data-start=\"705\" data-end=\"746\"><strong data-start=\"705\" data-end=\"719\">Parametre:<\/strong><br data-start=\"719\" data-end=\"722\">V\u00e1ha: 29 g<br data-start=\"732\" data-end=\"735\">D\u013a\u017eka: 6 cm<\/p>\n","protected":false},"excerpt":{"rendered":"<p>Sumatransk\u00fd jant\u00e1r \u2014 ohniv\u00e9 \u201ezlato z mora\u201c Sumatransk\u00fd jant\u00e1r zap\u00e1li zmysly. Po nasvieten\u00ed odhal\u00ed ohniv\u00e9 farby \u2014 hlbok\u00e9 medov\u00e9 t\u00f3ny sa prel\u00ednaj\u00fa s rub\u00ednov\u00fdmi a zlat\u00fdmi odleskami, ktor\u00e9 pri ka\u017edom pohybe zachyt\u00e1vaj\u00fa svetlo. Skvelo posl\u00fa\u017ei na prec\u00edzny v\u00fdbrus alebo ako v\u00fdrazn\u00fd kus do zbierky; zberatelia ocenia jeho priezra\u010dnos\u0165 a hre farieb. \u013dudia mu tradi\u010dne prisudzuj\u00fa<a class=\"more-link\" href=\"https:\/\/barbados-shop.sk\/en\/produkt\/sumatransky-jantar-4\/\">Continue reading <span class=\"screen-reader-text\">&#8220;Sumatransk\u00fd jant\u00e1r&#8221;<\/span><\/a><\/p>\n","protected":false},"featured_media":6904,"comment_status":"open","ping_status":"closed","template":"","meta":{"_crdt_document":"","ngg_post_thumbnail":0,"pgc_sgb_lightbox_settings":"","jetpack_post_was_ever_published":false,"jetpack_publicize_message":"","jetpack_publicize_feature_enabled":true,"jetpack_social_post_already_shared":true,"jetpack_social_options":{"image_generator_settings":{"template":"highway","default_image_id":0,"font":"","enabled":false},"version":2},"_wpas_customize_per_network":false},"product_brand":[],"product_cat":[755562554],"product_tag":[],"class_list":{"0":"post-6927","1":"product","2":"type-product","3":"status-publish","4":"has-post-thumbnail","6":"product_cat-neopracovane-mineraly-drahokamy","7":"entry","9":"first","10":"instock","11":"shipping-taxable","12":"purchasable","13":"product-type-simple"},"yoast_head":"<!-- This site is optimized with the Yoast SEO plugin v27.3 - https:\/\/yoast.com\/product\/yoast-seo-wordpress\/ -->\n<title>Sumatransk\u00fd jant\u00e1r<\/title>\n<meta name=\"description\" content=\"Sumatransk\u00fd jant\u00e1r \u2014 ohniv\u00e9 \u201ezlato z mora\u201cSumatransk\u00fd jant\u00e1r zap\u00e1li zmysly. Po nasvieten\u00ed odhal\u00ed ohniv\u00e9 farby \u2014 hlbok\u00e9 medov\u00e9 t\u00f3ny sa prel\u00ednaj\u00fa s rub\u00ednov\u00fdmi\" \/>\n<meta name=\"robots\" content=\"index, follow, max-snippet:-1, max-image-preview:large, max-video-preview:-1\" \/>\n<link rel=\"canonical\" href=\"https:\/\/barbados-shop.sk\/en\/produkt\/sumatransky-jantar-4\/\" \/>\n<meta property=\"og:locale\" content=\"en_US\" \/>\n<meta property=\"og:locale:alternate\" content=\"sk_SK\" \/>\n<meta property=\"og:type\" content=\"article\" \/>\n<meta property=\"og:title\" content=\"Sumatransk\u00fd jant\u00e1r\" \/>\n<meta property=\"og:description\" content=\"Sumatransk\u00fd jant\u00e1r \u2014 ohniv\u00e9 \u201ezlato z mora\u201cSumatransk\u00fd jant\u00e1r zap\u00e1li zmysly. Po nasvieten\u00ed odhal\u00ed ohniv\u00e9 farby \u2014 hlbok\u00e9 medov\u00e9 t\u00f3ny sa prel\u00ednaj\u00fa s rub\u00ednov\u00fdmi\" \/>\n<meta property=\"og:url\" content=\"https:\/\/barbados-shop.sk\/en\/produkt\/sumatransky-jantar-4\/\" \/>\n<meta property=\"og:site_name\" content=\"Barbados shop\" \/>\n<meta property=\"article:publisher\" content=\"https:\/\/www.facebook.com\/Barbadosexclusive\" \/>\n<meta property=\"og:image\" content=\"https:\/\/i0.wp.com\/barbados-shop.sk\/wp-content\/uploads\/2025\/10\/Photoroom-20251024_210952_17.png?fit=1920%2C2560&ssl=1\" \/>\n\t<meta property=\"og:image:width\" content=\"1920\" \/>\n\t<meta property=\"og:image:height\" content=\"2560\" \/>\n\t<meta property=\"og:image:type\" content=\"image\/png\" \/>\n<meta name=\"twitter:card\" content=\"summary_large_image\" \/>\n<meta name=\"twitter:label1\" content=\"Est. reading time\" \/>\n\t<meta name=\"twitter:data1\" content=\"1 minute\" \/>\n<script type=\"application\/ld+json\" class=\"yoast-schema-graph\">{\"@context\":\"https:\\\/\\\/schema.org\",\"@graph\":[{\"@type\":\"WebPage\",\"@id\":\"https:\\\/\\\/barbados-shop.sk\\\/produkt\\\/sumatransky-jantar-4\\\/\",\"url\":\"https:\\\/\\\/barbados-shop.sk\\\/produkt\\\/sumatransky-jantar-4\\\/\",\"name\":\"Sumatransk\u00fd jant\u00e1r\",\"isPartOf\":{\"@id\":\"https:\\\/\\\/barbados-shop.sk\\\/#website\"},\"primaryImageOfPage\":{\"@id\":\"https:\\\/\\\/barbados-shop.sk\\\/produkt\\\/sumatransky-jantar-4\\\/#primaryimage\"},\"image\":{\"@id\":\"https:\\\/\\\/barbados-shop.sk\\\/produkt\\\/sumatransky-jantar-4\\\/#primaryimage\"},\"thumbnailUrl\":\"https:\\\/\\\/i0.wp.com\\\/barbados-shop.sk\\\/wp-content\\\/uploads\\\/2025\\\/10\\\/Photoroom-20251024_210952_17.png?fit=1920%2C2560&ssl=1\",\"datePublished\":\"2025-10-25T19:38:14+00:00\",\"description\":\"Sumatransk\u00fd jant\u00e1r \u2014 ohniv\u00e9 \u201ezlato z mora\u201cSumatransk\u00fd jant\u00e1r zap\u00e1li zmysly. Po nasvieten\u00ed odhal\u00ed ohniv\u00e9 farby \u2014 hlbok\u00e9 medov\u00e9 t\u00f3ny sa prel\u00ednaj\u00fa s rub\u00ednov\u00fdmi\",\"breadcrumb\":{\"@id\":\"https:\\\/\\\/barbados-shop.sk\\\/produkt\\\/sumatransky-jantar-4\\\/#breadcrumb\"},\"inLanguage\":\"en-US\",\"potentialAction\":[{\"@type\":\"ReadAction\",\"target\":[\"https:\\\/\\\/barbados-shop.sk\\\/produkt\\\/sumatransky-jantar-4\\\/\"]}]},{\"@type\":\"ImageObject\",\"inLanguage\":\"en-US\",\"@id\":\"https:\\\/\\\/barbados-shop.sk\\\/produkt\\\/sumatransky-jantar-4\\\/#primaryimage\",\"url\":\"https:\\\/\\\/i0.wp.com\\\/barbados-shop.sk\\\/wp-content\\\/uploads\\\/2025\\\/10\\\/Photoroom-20251024_210952_17.png?fit=1920%2C2560&ssl=1\",\"contentUrl\":\"https:\\\/\\\/i0.wp.com\\\/barbados-shop.sk\\\/wp-content\\\/uploads\\\/2025\\\/10\\\/Photoroom-20251024_210952_17.png?fit=1920%2C2560&ssl=1\",\"width\":1920,\"height\":2560},{\"@type\":\"BreadcrumbList\",\"@id\":\"https:\\\/\\\/barbados-shop.sk\\\/produkt\\\/sumatransky-jantar-4\\\/#breadcrumb\",\"itemListElement\":[{\"@type\":\"ListItem\",\"position\":1,\"name\":\"Domovsk\u00e1 str\u00e1nka\",\"item\":\"https:\\\/\\\/barbados-shop.sk\\\/\"},{\"@type\":\"ListItem\",\"position\":2,\"name\":\"Obchod\",\"item\":\"https:\\\/\\\/barbados-shop.sk\\\/obchod\\\/\"},{\"@type\":\"ListItem\",\"position\":3,\"name\":\"Sumatransk\u00fd jant\u00e1r\"}]},{\"@type\":\"WebSite\",\"@id\":\"https:\\\/\\\/barbados-shop.sk\\\/#website\",\"url\":\"https:\\\/\\\/barbados-shop.sk\\\/\",\"name\":\"Barbados shop\",\"description\":\"Predaj exkluz\u00edvnych zberate\u013esk\u00fdch predmetov\",\"publisher\":{\"@id\":\"https:\\\/\\\/barbados-shop.sk\\\/#organization\"},\"potentialAction\":[{\"@type\":\"SearchAction\",\"target\":{\"@type\":\"EntryPoint\",\"urlTemplate\":\"https:\\\/\\\/barbados-shop.sk\\\/?s={search_term_string}\"},\"query-input\":{\"@type\":\"PropertyValueSpecification\",\"valueRequired\":true,\"valueName\":\"search_term_string\"}}],\"inLanguage\":\"en-US\"},{\"@type\":\"Organization\",\"@id\":\"https:\\\/\\\/barbados-shop.sk\\\/#organization\",\"name\":\"Barbados shop\",\"url\":\"https:\\\/\\\/barbados-shop.sk\\\/\",\"logo\":{\"@type\":\"ImageObject\",\"inLanguage\":\"en-US\",\"@id\":\"https:\\\/\\\/barbados-shop.sk\\\/#\\\/schema\\\/logo\\\/image\\\/\",\"url\":\"https:\\\/\\\/i0.wp.com\\\/barbados-shop.sk\\\/wp-content\\\/uploads\\\/2022\\\/11\\\/cropped-cropped-299016379_113204254827248_2560417915586279216_n-1.jpg?fit=870%2C870&ssl=1\",\"contentUrl\":\"https:\\\/\\\/i0.wp.com\\\/barbados-shop.sk\\\/wp-content\\\/uploads\\\/2022\\\/11\\\/cropped-cropped-299016379_113204254827248_2560417915586279216_n-1.jpg?fit=870%2C870&ssl=1\",\"width\":870,\"height\":870,\"caption\":\"Barbados shop\"},\"image\":{\"@id\":\"https:\\\/\\\/barbados-shop.sk\\\/#\\\/schema\\\/logo\\\/image\\\/\"},\"sameAs\":[\"https:\\\/\\\/www.facebook.com\\\/Barbadosexclusive\"]}]}<\/script>\n<!-- \/ Yoast SEO plugin. -->","yoast_head_json":{"title":"Sumatransk\u00fd jant\u00e1r","description":"Sumatransk\u00fd jant\u00e1r \u2014 ohniv\u00e9 \u201ezlato z mora\u201cSumatransk\u00fd jant\u00e1r zap\u00e1li zmysly. Po nasvieten\u00ed odhal\u00ed ohniv\u00e9 farby \u2014 hlbok\u00e9 medov\u00e9 t\u00f3ny sa prel\u00ednaj\u00fa s rub\u00ednov\u00fdmi","robots":{"index":"index","follow":"follow","max-snippet":"max-snippet:-1","max-image-preview":"max-image-preview:large","max-video-preview":"max-video-preview:-1"},"canonical":"https:\/\/barbados-shop.sk\/en\/produkt\/sumatransky-jantar-4\/","og_locale":"en_US","og_type":"article","og_title":"[:sk]Sumatransk\u00fd jant\u00e1r[:] - Barbados shop","og_description":"Sumatransk\u00fd jant\u00e1r \u2014 ohniv\u00e9 \u201ezlato z mora\u201cSumatransk\u00fd jant\u00e1r zap\u00e1li zmysly. Po nasvieten\u00ed odhal\u00ed ohniv\u00e9 farby \u2014 hlbok\u00e9 medov\u00e9 t\u00f3ny sa prel\u00ednaj\u00fa s rub\u00ednov\u00fdmi","og_url":"https:\/\/barbados-shop.sk\/en\/produkt\/sumatransky-jantar-4\/","og_site_name":"Barbados shop","article_publisher":"https:\/\/www.facebook.com\/Barbadosexclusive","og_image":[{"width":1920,"height":2560,"url":"https:\/\/i0.wp.com\/barbados-shop.sk\/wp-content\/uploads\/2025\/10\/Photoroom-20251024_210952_17.png?fit=1920%2C2560&ssl=1","type":"image\/png"}],"twitter_card":"summary_large_image","twitter_misc":{"Est. reading time":"1 minute"},"schema":{"@context":"https:\/\/schema.org","@graph":[{"@type":"WebPage","@id":"https:\/\/barbados-shop.sk\/produkt\/sumatransky-jantar-4\/","url":"https:\/\/barbados-shop.sk\/produkt\/sumatransky-jantar-4\/","name":"Sumatransk\u00fd jant\u00e1r","isPartOf":{"@id":"https:\/\/barbados-shop.sk\/#website"},"primaryImageOfPage":{"@id":"https:\/\/barbados-shop.sk\/produkt\/sumatransky-jantar-4\/#primaryimage"},"image":{"@id":"https:\/\/barbados-shop.sk\/produkt\/sumatransky-jantar-4\/#primaryimage"},"thumbnailUrl":"https:\/\/i0.wp.com\/barbados-shop.sk\/wp-content\/uploads\/2025\/10\/Photoroom-20251024_210952_17.png?fit=1920%2C2560&ssl=1","datePublished":"2025-10-25T19:38:14+00:00","description":"Sumatransk\u00fd jant\u00e1r \u2014 ohniv\u00e9 \u201ezlato z mora\u201cSumatransk\u00fd jant\u00e1r zap\u00e1li zmysly. Po nasvieten\u00ed odhal\u00ed ohniv\u00e9 farby \u2014 hlbok\u00e9 medov\u00e9 t\u00f3ny sa prel\u00ednaj\u00fa s rub\u00ednov\u00fdmi","breadcrumb":{"@id":"https:\/\/barbados-shop.sk\/produkt\/sumatransky-jantar-4\/#breadcrumb"},"inLanguage":"en-US","potentialAction":[{"@type":"ReadAction","target":["https:\/\/barbados-shop.sk\/produkt\/sumatransky-jantar-4\/"]}]},{"@type":"ImageObject","inLanguage":"en-US","@id":"https:\/\/barbados-shop.sk\/produkt\/sumatransky-jantar-4\/#primaryimage","url":"https:\/\/i0.wp.com\/barbados-shop.sk\/wp-content\/uploads\/2025\/10\/Photoroom-20251024_210952_17.png?fit=1920%2C2560&ssl=1","contentUrl":"https:\/\/i0.wp.com\/barbados-shop.sk\/wp-content\/uploads\/2025\/10\/Photoroom-20251024_210952_17.png?fit=1920%2C2560&ssl=1","width":1920,"height":2560},{"@type":"BreadcrumbList","@id":"https:\/\/barbados-shop.sk\/produkt\/sumatransky-jantar-4\/#breadcrumb","itemListElement":[{"@type":"ListItem","position":1,"name":"Domovsk\u00e1 str\u00e1nka","item":"https:\/\/barbados-shop.sk\/"},{"@type":"ListItem","position":2,"name":"Obchod","item":"https:\/\/barbados-shop.sk\/obchod\/"},{"@type":"ListItem","position":3,"name":"Sumatransk\u00fd jant\u00e1r"}]},{"@type":"WebSite","@id":"https:\/\/barbados-shop.sk\/#website","url":"https:\/\/barbados-shop.sk\/","name":"Barbados shop","description":"Predaj exkluz\u00edvnych zberate\u013esk\u00fdch predmetov","publisher":{"@id":"https:\/\/barbados-shop.sk\/#organization"},"potentialAction":[{"@type":"SearchAction","target":{"@type":"EntryPoint","urlTemplate":"https:\/\/barbados-shop.sk\/?s={search_term_string}"},"query-input":{"@type":"PropertyValueSpecification","valueRequired":true,"valueName":"search_term_string"}}],"inLanguage":"en-US"},{"@type":"Organization","@id":"https:\/\/barbados-shop.sk\/#organization","name":"Barbados shop","url":"https:\/\/barbados-shop.sk\/","logo":{"@type":"ImageObject","inLanguage":"en-US","@id":"https:\/\/barbados-shop.sk\/#\/schema\/logo\/image\/","url":"https:\/\/i0.wp.com\/barbados-shop.sk\/wp-content\/uploads\/2022\/11\/cropped-cropped-299016379_113204254827248_2560417915586279216_n-1.jpg?fit=870%2C870&ssl=1","contentUrl":"https:\/\/i0.wp.com\/barbados-shop.sk\/wp-content\/uploads\/2022\/11\/cropped-cropped-299016379_113204254827248_2560417915586279216_n-1.jpg?fit=870%2C870&ssl=1","width":870,"height":870,"caption":"Barbados shop"},"image":{"@id":"https:\/\/barbados-shop.sk\/#\/schema\/logo\/image\/"},"sameAs":["https:\/\/www.facebook.com\/Barbadosexclusive"]}]}},"jetpack_publicize_connections":[],"jetpack_likes_enabled":true,"jetpack_sharing_enabled":true,"jetpack-related-posts":[],"_links":{"self":[{"href":"https:\/\/barbados-shop.sk\/en\/wp-json\/wp\/v2\/product\/6927","targetHints":{"allow":["GET"]}}],"collection":[{"href":"https:\/\/barbados-shop.sk\/en\/wp-json\/wp\/v2\/product"}],"about":[{"href":"https:\/\/barbados-shop.sk\/en\/wp-json\/wp\/v2\/types\/product"}],"replies":[{"embeddable":true,"href":"https:\/\/barbados-shop.sk\/en\/wp-json\/wp\/v2\/comments?post=6927"}],"wp:featuredmedia":[{"embeddable":true,"href":"https:\/\/barbados-shop.sk\/en\/wp-json\/wp\/v2\/media\/6904"}],"wp:attachment":[{"href":"https:\/\/barbados-shop.sk\/en\/wp-json\/wp\/v2\/media?parent=6927"}],"wp:term":[{"taxonomy":"product_brand","embeddable":true,"href":"https:\/\/barbados-shop.sk\/en\/wp-json\/wp\/v2\/product_brand?post=6927"},{"taxonomy":"product_cat","embeddable":true,"href":"https:\/\/barbados-shop.sk\/en\/wp-json\/wp\/v2\/product_cat?post=6927"},{"taxonomy":"product_tag","embeddable":true,"href":"https:\/\/barbados-shop.sk\/en\/wp-json\/wp\/v2\/product_tag?post=6927"}],"curies":[{"name":"wp","href":"https:\/\/api.w.org\/{rel}","templated":true}]}}